{"id":12973,"date":"2014-07-09T21:30:45","date_gmt":"2014-07-09T18:30:45","guid":{"rendered":"https:\/\/editura-unibuc.ro\/?p=12973"},"modified":"2020-01-16T13:41:11","modified_gmt":"2020-01-16T11:41:11","slug":"feminitatea-de-la-diferenta-la-indiferenta-sexuala","status":"publish","type":"product","link":"https:\/\/editura-unibuc.ro\/en\/feminitatea-de-la-diferenta-la-indiferenta-sexuala\/","title":{"rendered":"FEMININITY. FROM DIFFERENCE TO SEXUAL IN\/ DIFFERENCE"},"content":{"rendered":"<p>\u201eStructura c\u0103r\u021bii a fost g\u00e2ndit\u0103 pentru a reda firul \u00eenc\u00e2lcit al parcursului feminit\u0103\u021bii, prin intermediul feluritelor optici teoretice care s-au \u00eencumetat s\u0103 o descifreze. Cartea urm\u0103re\u0219te acest parcurs, \u00eenceput odat\u0103 cu emergen\u021ba studiilor culturale. Este o sintez\u0103 a viziunilor asupra feminit\u0103\u021bii, elaborate \u00een spa\u021biul vestic.\u201d<\/p>\n","protected":false},"excerpt":{"rendered":"<p>\u201eStructura c\u0103r\u021bii a fost g\u00e2ndit\u0103 pentru a reda firul \u00eenc\u00e2lcit al parcursului feminit\u0103\u021bii, prin intermediul feluritelor optici teoretice care s-au \u00eencumetat s\u0103 o descifreze. Cartea urm\u0103re\u0219te acest parcurs, \u00eenceput odat\u0103 cu emergen\u021ba studiilor culturale. Este o sintez\u0103 a viziunilor asupra feminit\u0103\u021bii, elaborate \u00een spa\u021biul vestic.\u201d<\/p>\n","protected":false},"featured_media":12976,"comment_status":"open","ping_status":"closed","template":"","meta":[],"product_brand":[],"product_cat":[991,997,998],"product_tag":[969],"class_list":{"0":"post-12973","1":"product","2":"type-product","3":"status-publish","4":"has-post-thumbnail","6":"product_cat-stiinte-sociale","7":"product_cat-psihologie-stiintele-educatiei-si-pedagogie","8":"product_cat-sociologie-si-asistenta-sociala","9":"product_tag-feminitate","11":"first","12":"outofstock","13":"shipping-taxable","14":"purchasable","15":"product-type-simple"},"_links":{"self":[{"href":"https:\/\/editura-unibuc.ro\/en\/wp-json\/wp\/v2\/product\/12973","targetHints":{"allow":["GET"]}}],"collection":[{"href":"https:\/\/editura-unibuc.ro\/en\/wp-json\/wp\/v2\/product"}],"about":[{"href":"https:\/\/editura-unibuc.ro\/en\/wp-json\/wp\/v2\/types\/product"}],"replies":[{"embeddable":true,"href":"https:\/\/editura-unibuc.ro\/en\/wp-json\/wp\/v2\/comments?post=12973"}],"wp:featuredmedia":[{"embeddable":true,"href":"https:\/\/editura-unibuc.ro\/en\/wp-json\/wp\/v2\/media\/12976"}],"wp:attachment":[{"href":"https:\/\/editura-unibuc.ro\/en\/wp-json\/wp\/v2\/media?parent=12973"}],"wp:term":[{"taxonomy":"product_brand","embeddable":true,"href":"https:\/\/editura-unibuc.ro\/en\/wp-json\/wp\/v2\/product_brand?post=12973"},{"taxonomy":"product_cat","embeddable":true,"href":"https:\/\/editura-unibuc.ro\/en\/wp-json\/wp\/v2\/product_cat?post=12973"},{"taxonomy":"product_tag","embeddable":true,"href":"https:\/\/editura-unibuc.ro\/en\/wp-json\/wp\/v2\/product_tag?post=12973"}],"curies":[{"name":"wp","href":"https:\/\/api.w.org\/{rel}","templated":true}]}}