{"id":12987,"date":"2014-07-09T21:39:11","date_gmt":"2014-07-09T18:39:11","guid":{"rendered":"https:\/\/editura-unibuc.ro\/?p=12987"},"modified":"2025-08-06T11:04:43","modified_gmt":"2025-08-06T08:04:43","slug":"autoreprezentarea-feminina-o-psihanaliza-culturala","status":"publish","type":"product","link":"https:\/\/editura-unibuc.ro\/en\/autoreprezentarea-feminina-o-psihanaliza-culturala\/","title":{"rendered":"FEMININE SELF-REPRESEN&shy;TATION: A CULTURAL PSYCHOANALYSIS"},"content":{"rendered":"<p>\u201cAnalizele din aceast\u0103 carte au la baz\u0103 c\u00e2teva principii comune din teoria diferen\u021belor masculinit\u0103\u021bii, \u00een aceea\u0219i m\u0103sur\u0103 \u00een care masculinitatea nu poate exista \u00een afara raportului cu feminitatea. Cartea de fa\u021b\u0103 este str\u0103b\u0103tut\u0103 de spiritul teoriilor matrixiale, la care fac adesea referire pe parcurs.\u201d<\/p>\n","protected":false},"excerpt":{"rendered":"<p>\u201cAnalizele din aceast\u0103 carte au la baz\u0103 c\u00e2teva principii comune din teoria diferen\u021belor masculinit\u0103\u021bii, \u00een aceea\u0219i m\u0103sur\u0103 \u00een care masculinitatea nu poate exista \u00een afara raportului cu feminitatea. Cartea de fa\u021b\u0103 este str\u0103b\u0103tut\u0103 de spiritul teoriilor matrixiale, la care fac adesea referire pe parcurs.\u201d<\/p>\n","protected":false},"featured_media":12988,"comment_status":"open","ping_status":"closed","template":"","meta":[],"product_brand":[],"product_cat":[851,1464,979],"product_tag":[969,970],"class_list":{"0":"post-12987","1":"product","2":"type-product","3":"status-publish","4":"has-post-thumbnail","6":"product_cat-cesi-text-imagine","7":"product_cat-filologie","8":"product_cat-limba-romana","9":"product_tag-feminitate","10":"product_tag-psihanaliza","12":"first","13":"instock","14":"shipping-taxable","15":"purchasable","16":"product-type-simple"},"_links":{"self":[{"href":"https:\/\/editura-unibuc.ro\/en\/wp-json\/wp\/v2\/product\/12987","targetHints":{"allow":["GET"]}}],"collection":[{"href":"https:\/\/editura-unibuc.ro\/en\/wp-json\/wp\/v2\/product"}],"about":[{"href":"https:\/\/editura-unibuc.ro\/en\/wp-json\/wp\/v2\/types\/product"}],"replies":[{"embeddable":true,"href":"https:\/\/editura-unibuc.ro\/en\/wp-json\/wp\/v2\/comments?post=12987"}],"wp:featuredmedia":[{"embeddable":true,"href":"https:\/\/editura-unibuc.ro\/en\/wp-json\/wp\/v2\/media\/12988"}],"wp:attachment":[{"href":"https:\/\/editura-unibuc.ro\/en\/wp-json\/wp\/v2\/media?parent=12987"}],"wp:term":[{"taxonomy":"product_brand","embeddable":true,"href":"https:\/\/editura-unibuc.ro\/en\/wp-json\/wp\/v2\/product_brand?post=12987"},{"taxonomy":"product_cat","embeddable":true,"href":"https:\/\/editura-unibuc.ro\/en\/wp-json\/wp\/v2\/product_cat?post=12987"},{"taxonomy":"product_tag","embeddable":true,"href":"https:\/\/editura-unibuc.ro\/en\/wp-json\/wp\/v2\/product_tag?post=12987"}],"curies":[{"name":"wp","href":"https:\/\/api.w.org\/{rel}","templated":true}]}}