{"id":13015,"date":"2014-07-24T20:41:27","date_gmt":"2014-07-24T17:41:27","guid":{"rendered":"https:\/\/editura-unibuc.ro\/?p=13015"},"modified":"2015-06-17T10:59:18","modified_gmt":"2015-06-17T07:59:18","slug":"les-jeux-du-narrateur-essais-sur-les-instances-du-recit","status":"publish","type":"product","link":"https:\/\/editura-unibuc.ro\/en\/les-jeux-du-narrateur-essais-sur-les-instances-du-recit\/","title":{"rendered":"NARATOR GAMES. ESSAYS ON STORY DEVELOPMENTS"},"content":{"rendered":"<p>O cercetare novatoare asupra narativit\u0103\u0163ii (din perspectiva actului de lectur\u0103 multipl\u0103, ce implic\u0103 aspecte psihologice, culturale sau sociale), realizat\u0103 cu mijloacele specifice lingvisticii moderne, pragmaticii \u015fi naratologiei, centrat\u0103 asupra universului narativ al secolului al XIX-lea francez, eviden\u0163iind func\u0163iile \u015fi func\u0163ionarea instan\u0163elor nara\u0163iunii, raporturile complexe dintre cititor \u015fi narator, dintre fic\u0163iune \u015fi realitate.<br \/>\n\u201eCe volume r\u00e9unit ces essais dans un ordre command\u00e9 par le souci de rendre accessibles \u00e0 un large public universitaire la th\u00e9orie et la terminologie narratologiques, de m\u00eame que le fonctionnement des instances du r\u00e9cit (auteur, narrateur et narrataire).<br \/>\nJe dois pr\u00e9ciser que je suis persuad\u00e9e du fait que l\u2019auteur concret, signataire d\u2019un r\u00e9cit, est doubl\u00e9 par un auteur abstrait, implicite, ou \u00abauteur mod\u00e8le\u00bb selon l\u2019expression d\u2019Umberto Eco, un auteur directement impliqu\u00e9 dans l\u2019acte de cr\u00e9ation narrative et qui vise, par certaines strat\u00e9gies, \u00e0 obtenir un certain effet, \u00e0 orienter la r\u00e9ception du r\u00e9cit par le lecteur.\u201d (Liliana Anghel)<\/p>\n","protected":false},"excerpt":{"rendered":"<p>O cercetare novatoare asupra narativit\u0103\u0163ii (din perspectiva actului de lectur\u0103 multipl\u0103, ce implic\u0103 aspecte psihologice, culturale sau sociale), realizat\u0103 cu mijloacele specifice lingvisticii moderne, pragmaticii \u015fi naratologiei, centrat\u0103 asupra universului narativ al secolului al XIX-lea francez, eviden\u0163iind func\u0163iile \u015fi func\u0163ionarea instan\u0163elor nara\u0163iunii, raporturile complexe dintre cititor \u015fi narator, dintre fic\u0163iune \u015fi realitate. \u201eCe volume r\u00e9unit [&hellip;]<\/p>\n","protected":false},"featured_media":13016,"comment_status":"open","ping_status":"closed","template":"","meta":[],"product_brand":[],"product_cat":[1464,977],"product_tag":[1094,1095],"class_list":{"0":"post-13015","1":"product","2":"type-product","3":"status-publish","4":"has-post-thumbnail","6":"product_cat-filologie","7":"product_cat-limba-franceza","8":"product_tag-naratologie","9":"product_tag-romanul-francez","11":"first","12":"outofstock","13":"shipping-taxable","14":"purchasable","15":"product-type-simple"},"_links":{"self":[{"href":"https:\/\/editura-unibuc.ro\/en\/wp-json\/wp\/v2\/product\/13015","targetHints":{"allow":["GET"]}}],"collection":[{"href":"https:\/\/editura-unibuc.ro\/en\/wp-json\/wp\/v2\/product"}],"about":[{"href":"https:\/\/editura-unibuc.ro\/en\/wp-json\/wp\/v2\/types\/product"}],"replies":[{"embeddable":true,"href":"https:\/\/editura-unibuc.ro\/en\/wp-json\/wp\/v2\/comments?post=13015"}],"wp:featuredmedia":[{"embeddable":true,"href":"https:\/\/editura-unibuc.ro\/en\/wp-json\/wp\/v2\/media\/13016"}],"wp:attachment":[{"href":"https:\/\/editura-unibuc.ro\/en\/wp-json\/wp\/v2\/media?parent=13015"}],"wp:term":[{"taxonomy":"product_brand","embeddable":true,"href":"https:\/\/editura-unibuc.ro\/en\/wp-json\/wp\/v2\/product_brand?post=13015"},{"taxonomy":"product_cat","embeddable":true,"href":"https:\/\/editura-unibuc.ro\/en\/wp-json\/wp\/v2\/product_cat?post=13015"},{"taxonomy":"product_tag","embeddable":true,"href":"https:\/\/editura-unibuc.ro\/en\/wp-json\/wp\/v2\/product_tag?post=13015"}],"curies":[{"name":"wp","href":"https:\/\/api.w.org\/{rel}","templated":true}]}}