{"id":13021,"date":"2014-08-09T11:19:04","date_gmt":"2014-08-09T08:19:04","guid":{"rendered":"https:\/\/editura-unibuc.ro\/?p=13021"},"modified":"2022-07-04T16:47:09","modified_gmt":"2022-07-04T13:47:09","slug":"limba-romana-pentru-straini-manual-pentru-avansati-c1-c2","status":"publish","type":"product","link":"https:\/\/editura-unibuc.ro\/en\/limba-romana-pentru-straini-manual-pentru-avansati-c1-c2\/","title":{"rendered":"ROMANIAN LANGUAGE FOR FOREIGNERS. A TEXTBOOK FOR ADVANCED LEVEL (C1\u2013C2)"},"content":{"rendered":"<p>\u201eBine alese \u015fi abil \u00eenso\u0163ite de propunerea unor conversa\u0163ii preliminare \u015fi de seturi ierarhizate de \u00eentreb\u0103ri de verificare, textele instruiesc \u015fi amuz\u0103 \u015fi au darul de a stimula discu\u0163ii pasionante.<br \/>\n\u00centr-o zon\u0103 editorial\u0103 \u2013 a manualelor de rom\u00e2n\u0103 pentru avansa\u0163i \u2013 \u00een care oferta este extrem de redus\u0103, dar cererea e mai mare dec\u00e2t s-ar crede (venind dinspre studen\u0163ii programelor masterale ale catedrelor de limba \u015fi literatura rom\u00e2n\u0103 din str\u0103in\u0103tate, dinspre cercet\u0103torii limbii \u015fi literaturii, ai istoriei sau ai politicii rom\u00e2ne\u015fti \u2013 dar \u015fi dinspre rom\u00e2nii care, tr\u0103ind \u00een str\u0103in\u0103tate, au pierdut par\u0163ial contactul cu limba actual\u0103), Ionu\u0163 Gean\u0103 aduce un manual viu, modern, inteligent, cu ajutorul c\u0103ruia perfec\u0163ionarea uzului limbii rom\u00e2ne se \u00eemplete\u015fte cu dialogul intercultural.\u201d (prof. univ. dr. Rodica Zafiu)<br \/>\nIonu\u0163 Gean\u0103 (n. 1982) este cercet\u0103tor \u015ftiin\u0163ific dr. la Institutul de Lingvistic\u0103 \u201eIorgu Iordan \u2013 Al. Rosetti\u201d al Academiei Rom\u00e2ne. Din 2007, pred\u0103 cursuri de limba rom\u00e2n\u0103 pentru str\u0103ini la Anul preg\u0103titor organizat de Facultatea de Litere a Universit\u0103\u0163ii din Bucure\u015fti.<\/p>\n","protected":false},"excerpt":{"rendered":"<p>\u201eBine alese \u015fi abil \u00eenso\u0163ite de propunerea unor conversa\u0163ii preliminare \u015fi de seturi ierarhizate de \u00eentreb\u0103ri de verificare, textele instruiesc \u015fi amuz\u0103 \u015fi au darul de a stimula discu\u0163ii pasionante. \u00centr-o zon\u0103 editorial\u0103 \u2013 a manualelor de rom\u00e2n\u0103 pentru avansa\u0163i \u2013 \u00een care oferta este extrem de redus\u0103, dar cererea e mai mare dec\u00e2t s-ar [&hellip;]<\/p>\n","protected":false},"featured_media":13022,"comment_status":"open","ping_status":"closed","template":"","meta":[],"product_brand":[],"product_cat":[1464,979],"product_tag":[1092,1093],"class_list":{"0":"post-13021","1":"product","2":"type-product","3":"status-publish","4":"has-post-thumbnail","6":"product_cat-filologie","7":"product_cat-limba-romana","8":"product_tag-invatarea-limbii-romane","9":"product_tag-limba-romana-pentru-straini","11":"first","12":"instock","13":"shipping-taxable","14":"purchasable","15":"product-type-simple"},"_links":{"self":[{"href":"https:\/\/editura-unibuc.ro\/en\/wp-json\/wp\/v2\/product\/13021","targetHints":{"allow":["GET"]}}],"collection":[{"href":"https:\/\/editura-unibuc.ro\/en\/wp-json\/wp\/v2\/product"}],"about":[{"href":"https:\/\/editura-unibuc.ro\/en\/wp-json\/wp\/v2\/types\/product"}],"replies":[{"embeddable":true,"href":"https:\/\/editura-unibuc.ro\/en\/wp-json\/wp\/v2\/comments?post=13021"}],"wp:featuredmedia":[{"embeddable":true,"href":"https:\/\/editura-unibuc.ro\/en\/wp-json\/wp\/v2\/media\/13022"}],"wp:attachment":[{"href":"https:\/\/editura-unibuc.ro\/en\/wp-json\/wp\/v2\/media?parent=13021"}],"wp:term":[{"taxonomy":"product_brand","embeddable":true,"href":"https:\/\/editura-unibuc.ro\/en\/wp-json\/wp\/v2\/product_brand?post=13021"},{"taxonomy":"product_cat","embeddable":true,"href":"https:\/\/editura-unibuc.ro\/en\/wp-json\/wp\/v2\/product_cat?post=13021"},{"taxonomy":"product_tag","embeddable":true,"href":"https:\/\/editura-unibuc.ro\/en\/wp-json\/wp\/v2\/product_tag?post=13021"}],"curies":[{"name":"wp","href":"https:\/\/api.w.org\/{rel}","templated":true}]}}