{"id":13030,"date":"2014-08-09T11:27:56","date_gmt":"2014-08-09T08:27:56","guid":{"rendered":"https:\/\/editura-unibuc.ro\/?p=13030"},"modified":"2023-11-27T14:06:14","modified_gmt":"2023-11-27T12:06:14","slug":"human-geographies-journal-of-studies-and-research-in-human-geography-volume-8-issue-1-may-2014","status":"publish","type":"product","link":"https:\/\/editura-unibuc.ro\/en\/human-geographies-journal-of-studies-and-research-in-human-geography-volume-8-issue-1-may-2014\/","title":{"rendered":"HUMAN GEOGRAPHIES. Journal of Studies and Research in Human Geography. Volume 8, Issue 1, May 2014"},"content":{"rendered":"<p>Contents: Stanislav MARTIN\u00c1T, Josef NAVR\u00c1TIL, Petr DVO\u0158\u00c1K, Petr KLUS\u00c1\u010cEK, Marian KULLA, Josef KUNC, Marek HAVL\u00cd\u010cEK, \u201dThe Expansion of Coal Mining in the Depression Areas \u2013 A Way to Development?\u201d; Khalida MAHMOOD, Razzaq AHMED, \u201dRegional Diversity and Development Between the Southern Provinces of Pakistan: A Principal Component Analysis\u201d; Ana Irina DINC\u0102, Camelia SURUGIU, Marius SURUGIU, Cristi FREN\u0162, \u201dStakeholder Perspectives on Climate Change Effects on Tourism Activities in the Northern Romanian Carpathians: Vatra Dornei Resort Case Study\u201d; Tamara LUKI\u0106, Gordana JOVANOVI\u0106, Milka Bubalo \u017dIVKOVI\u0106, Milan LALI\u0106, Bojan \u0110ER\u010cAN, \u201dMontenegrins in Vojvodina Province, Serbia\u201d; Daniela DUMBR\u0102VEANU, Anca TUDORICU, Ana CR\u0102CIUN, \u201dThe Night of Museums \u2013 A Boost Factor for the Cultural Dimension of Tourism in Bucharest\u201d;Lilian C\u00ceRNU, \u201dUsing the Fractal Perspective in the Analysis of the Urban Peripheral Fabric. Case Study: Pantelimon, Ilfov Conty\u201d; Bogdan SUDITU, Liliana DUMITRACHE, Daniel V\u00ceRDOL, Daniel-Gabriel V\u00c2LCEANU, \u201cNew Trajectories of Post-Socialist Residential Mobility in Bucharest\u201d.<\/p>\n","protected":false},"excerpt":{"rendered":"<p>Contents: Stanislav MARTIN\u00c1T, Josef NAVR\u00c1TIL, Petr DVO\u0158\u00c1K, Petr KLUS\u00c1\u010cEK, Marian KULLA, Josef KUNC, Marek HAVL\u00cd\u010cEK, \u201dThe Expansion of Coal Mining in the Depression Areas \u2013 A Way to Development?\u201d; Khalida MAHMOOD, Razzaq AHMED, \u201dRegional Diversity and Development Between the Southern Provinces of Pakistan: A Principal Component Analysis\u201d; Ana Irina DINC\u0102, Camelia SURUGIU, Marius SURUGIU, Cristi [&hellip;]<\/p>\n","protected":false},"featured_media":13031,"comment_status":"open","ping_status":"closed","template":"","meta":[],"product_brand":[],"product_cat":[3942,1469,1893,1466,989],"product_tag":[1078,1079,1080,1081,1082],"class_list":{"0":"post-13030","1":"product","2":"type-product","3":"status-publish","4":"has-post-thumbnail","6":"product_cat-human-geographies","7":"product_cat-periodice","8":"product_cat-reviste-academice","9":"product_cat-stiinte-ale-naturii","10":"product_cat-geografie","11":"product_tag-geografie-umana-pakistan","12":"product_tag-geografie-umana-serbia","13":"product_tag-noaptea-muzeelor","14":"product_tag-turismul-in-bucuresti","15":"product_tag-turismul-in-carpati","17":"first","18":"instock","19":"shipping-taxable","20":"purchasable","21":"product-type-simple"},"_links":{"self":[{"href":"https:\/\/editura-unibuc.ro\/en\/wp-json\/wp\/v2\/product\/13030","targetHints":{"allow":["GET"]}}],"collection":[{"href":"https:\/\/editura-unibuc.ro\/en\/wp-json\/wp\/v2\/product"}],"about":[{"href":"https:\/\/editura-unibuc.ro\/en\/wp-json\/wp\/v2\/types\/product"}],"replies":[{"embeddable":true,"href":"https:\/\/editura-unibuc.ro\/en\/wp-json\/wp\/v2\/comments?post=13030"}],"wp:featuredmedia":[{"embeddable":true,"href":"https:\/\/editura-unibuc.ro\/en\/wp-json\/wp\/v2\/media\/13031"}],"wp:attachment":[{"href":"https:\/\/editura-unibuc.ro\/en\/wp-json\/wp\/v2\/media?parent=13030"}],"wp:term":[{"taxonomy":"product_brand","embeddable":true,"href":"https:\/\/editura-unibuc.ro\/en\/wp-json\/wp\/v2\/product_brand?post=13030"},{"taxonomy":"product_cat","embeddable":true,"href":"https:\/\/editura-unibuc.ro\/en\/wp-json\/wp\/v2\/product_cat?post=13030"},{"taxonomy":"product_tag","embeddable":true,"href":"https:\/\/editura-unibuc.ro\/en\/wp-json\/wp\/v2\/product_tag?post=13030"}],"curies":[{"name":"wp","href":"https:\/\/api.w.org\/{rel}","templated":true}]}}