{"id":13032,"date":"2014-08-09T11:29:27","date_gmt":"2014-08-09T08:29:27","guid":{"rendered":"https:\/\/editura-unibuc.ro\/?p=13032"},"modified":"2019-04-08T10:07:25","modified_gmt":"2019-04-08T07:07:25","slug":"prevenirea-recaderii-in-dependenta-de-droguri","status":"publish","type":"product","link":"https:\/\/editura-unibuc.ro\/en\/prevenirea-recaderii-in-dependenta-de-droguri\/","title":{"rendered":"DRUG ADDICTION RELAPSE PREVENTION"},"content":{"rendered":"<p>\u201eProblemele sociale au la baz\u0103 nerespectarea sau chiar ignorarea valorilor sociale general recunoscute. De aceea s-a impus dezvoltarea domeniului \u015ftiin\u0163ific, care s\u0103 ajute la \u00een\u0163elegerea individului \u015fi a societ\u0103\u0163ii, dar \u015fi a interac\u0163iunii acestora, utiliz\u00e2nd corect resursele pe care Dumnezeu ni le-a pus la dispozi\u0163ie, at\u00e2t \u00een natura \u00eenconjur\u0103toare, c\u00e2t \u015fi \u00een semenii no\u015ftri. Lucrarea de fa\u0163\u0103 propune un set de abilit\u0103\u0163i, cuno\u015ftin\u0163e \u015fi atitudini cercetate \u00eendeaproape, necesare profesioni\u015ftilor asisten\u0163i sociali, ajut\u00e2ndu-i la prevenirea rec\u0103derii \u00een dependen\u0163a de droguri a persoanelor atinse de acest flagel.\u201d (Autorul)<\/p>\n","protected":false},"excerpt":{"rendered":"<p>\u201eProblemele sociale au la baz\u0103 nerespectarea sau chiar ignorarea valorilor sociale general recunoscute. De aceea s-a impus dezvoltarea domeniului \u015ftiin\u0163ific, care s\u0103 ajute la \u00een\u0163elegerea individului \u015fi a societ\u0103\u0163ii, dar \u015fi a interac\u0163iunii acestora, utiliz\u00e2nd corect resursele pe care Dumnezeu ni le-a pus la dispozi\u0163ie, at\u00e2t \u00een natura \u00eenconjur\u0103toare, c\u00e2t \u015fi \u00een semenii no\u015ftri. Lucrarea [&hellip;]<\/p>\n","protected":false},"featured_media":13033,"comment_status":"open","ping_status":"closed","template":"","meta":[],"product_brand":[],"product_cat":[991,998,999],"product_tag":[1076,1077],"class_list":{"0":"post-13032","1":"product","2":"type-product","3":"status-publish","4":"has-post-thumbnail","6":"product_cat-stiinte-sociale","7":"product_cat-sociologie-si-asistenta-sociala","8":"product_cat-teologie","9":"product_tag-dependenta-de-droguri","10":"product_tag-teologie-baptista","12":"first","13":"instock","14":"shipping-taxable","15":"purchasable","16":"product-type-simple"},"_links":{"self":[{"href":"https:\/\/editura-unibuc.ro\/en\/wp-json\/wp\/v2\/product\/13032","targetHints":{"allow":["GET"]}}],"collection":[{"href":"https:\/\/editura-unibuc.ro\/en\/wp-json\/wp\/v2\/product"}],"about":[{"href":"https:\/\/editura-unibuc.ro\/en\/wp-json\/wp\/v2\/types\/product"}],"replies":[{"embeddable":true,"href":"https:\/\/editura-unibuc.ro\/en\/wp-json\/wp\/v2\/comments?post=13032"}],"wp:featuredmedia":[{"embeddable":true,"href":"https:\/\/editura-unibuc.ro\/en\/wp-json\/wp\/v2\/media\/13033"}],"wp:attachment":[{"href":"https:\/\/editura-unibuc.ro\/en\/wp-json\/wp\/v2\/media?parent=13032"}],"wp:term":[{"taxonomy":"product_brand","embeddable":true,"href":"https:\/\/editura-unibuc.ro\/en\/wp-json\/wp\/v2\/product_brand?post=13032"},{"taxonomy":"product_cat","embeddable":true,"href":"https:\/\/editura-unibuc.ro\/en\/wp-json\/wp\/v2\/product_cat?post=13032"},{"taxonomy":"product_tag","embeddable":true,"href":"https:\/\/editura-unibuc.ro\/en\/wp-json\/wp\/v2\/product_tag?post=13032"}],"curies":[{"name":"wp","href":"https:\/\/api.w.org\/{rel}","templated":true}]}}