{"id":13034,"date":"2014-08-09T11:32:44","date_gmt":"2014-08-09T08:32:44","guid":{"rendered":"https:\/\/editura-unibuc.ro\/?p=13034"},"modified":"2025-06-23T08:53:40","modified_gmt":"2025-06-23T05:53:40","slug":"hermetism-si-tehnici-hermetice-in-cateva-provincii-rasaritene-ale-imperiului-roman-sec-i-iii","status":"publish","type":"product","link":"https:\/\/editura-unibuc.ro\/en\/hermetism-si-tehnici-hermetice-in-cateva-provincii-rasaritene-ale-imperiului-roman-sec-i-iii\/","title":{"rendered":"HERMETICISM AND HERMETIC TECHNIQUES IN SOME OF THE EASTERN PROVINCES OF THE ROMAN EMPIRE. 1st-3rd centuries CE"},"content":{"rendered":"<p>Colec\u0163ia LCI \u2013 Limbi, Culturi, Identit\u0103\u0163i<\/p>\n<p>\u201eTeza Renatei Tatomir este c\u0103, \u00een ciuda distinc\u0163iei operate de exege\u0163ii moderni, mai degrab\u0103 din comoditate, dac\u0103 nu chiar dintr-un exces de sistematizare, \u00eentre hermetismul \u00abfilosofic\u00bb \u015fi cel \u00abtehnic\u00bb, hermetismul se prezint\u0103, cel pu\u0163in \u00een perioada acoperit\u0103 de prezenta cercetare, \u00eentr-un mod unitar [\u2026].\u201d (Profesor Dr. Alexandru Avram, Universit\u00e9 du Maine, Fran\u0163a)<br \/>\n\u201e\u00cen contextul tematic al cercet\u0103rii rom\u00e2ne\u015fti actuale, un studiu asupra hermetismului, de dimensiunea celui propus de Renata Tatomir, este aproape singular, dac\u0103 nu de-a dreptul nea\u015fteptat.\u201d (Academician Profesor Dr. Sabina Ispas, Institutul de Etnografie \u015fi Folclor \u201eI. C. Br\u0103iloiu\u201d din Bucure\u015fti)<br \/>\n\u201eLucrarea Renatei Tatomir permite cititorului cunoa\u015fterea climatului alexandrin \u015fi a \u00eentregii zone a Orientului elenizat la sf\u00e2r\u015fitul epocii elenistice. Printr-o reu\u015fit\u0103 \u00eembinare a abord\u0103rii istorice cu cea antropologic-cultural\u0103, autoarea dezv\u0103luie cititorului feluritele aspecte ale acestui fenomen al Antichit\u0103\u0163ii, cu remarcabile prelungiri p\u00e2n\u0103 \u00een Evul Mediu \u015fi Rena\u015ftere.\u201d (Conferen\u0163iar Dr. Ana-Cristina Halichias, Universitatea din Bucure\u015fti)<\/p>\n<p>\u00cen limba rom\u00e2n\u0103, rezumat \u00een englez\u0103\/In Romanian with an abstract in English<\/p>\n","protected":false},"excerpt":{"rendered":"<p>Colec\u0163ia LCI \u2013 Limbi, Culturi, Identit\u0103\u0163i \u201eTeza Renatei Tatomir este c\u0103, \u00een ciuda distinc\u0163iei operate de exege\u0163ii moderni, mai degrab\u0103 din comoditate, dac\u0103 nu chiar dintr-un exces de sistematizare, \u00eentre hermetismul \u00abfilosofic\u00bb \u015fi cel \u00abtehnic\u00bb, hermetismul se prezint\u0103, cel pu\u0163in \u00een perioada acoperit\u0103 de prezenta cercetare, \u00eentr-un mod unitar [\u2026].\u201d (Profesor Dr. Alexandru Avram, Universit\u00e9 [&hellip;]<\/p>\n","protected":false},"featured_media":13035,"comment_status":"open","ping_status":"closed","template":"","meta":[],"product_brand":[],"product_cat":[856],"product_tag":[867,869,870,871,872],"class_list":{"0":"post-13034","1":"product","2":"type-product","3":"status-publish","4":"has-post-thumbnail","6":"product_cat-colectia-lci-limbi-culturi-identitati","7":"product_tag-alchimie","8":"product_tag-hermetism","9":"product_tag-magie","10":"product_tag-ocultism","11":"product_tag-orientul-elenizat","13":"first","14":"outofstock","15":"shipping-taxable","16":"purchasable","17":"product-type-simple"},"_links":{"self":[{"href":"https:\/\/editura-unibuc.ro\/en\/wp-json\/wp\/v2\/product\/13034","targetHints":{"allow":["GET"]}}],"collection":[{"href":"https:\/\/editura-unibuc.ro\/en\/wp-json\/wp\/v2\/product"}],"about":[{"href":"https:\/\/editura-unibuc.ro\/en\/wp-json\/wp\/v2\/types\/product"}],"replies":[{"embeddable":true,"href":"https:\/\/editura-unibuc.ro\/en\/wp-json\/wp\/v2\/comments?post=13034"}],"wp:featuredmedia":[{"embeddable":true,"href":"https:\/\/editura-unibuc.ro\/en\/wp-json\/wp\/v2\/media\/13035"}],"wp:attachment":[{"href":"https:\/\/editura-unibuc.ro\/en\/wp-json\/wp\/v2\/media?parent=13034"}],"wp:term":[{"taxonomy":"product_brand","embeddable":true,"href":"https:\/\/editura-unibuc.ro\/en\/wp-json\/wp\/v2\/product_brand?post=13034"},{"taxonomy":"product_cat","embeddable":true,"href":"https:\/\/editura-unibuc.ro\/en\/wp-json\/wp\/v2\/product_cat?post=13034"},{"taxonomy":"product_tag","embeddable":true,"href":"https:\/\/editura-unibuc.ro\/en\/wp-json\/wp\/v2\/product_tag?post=13034"}],"curies":[{"name":"wp","href":"https:\/\/api.w.org\/{rel}","templated":true}]}}