{"id":13036,"date":"2014-08-09T11:34:55","date_gmt":"2014-08-09T08:34:55","guid":{"rendered":"https:\/\/editura-unibuc.ro\/?p=13036"},"modified":"2017-01-04T09:22:00","modified_gmt":"2017-01-04T07:22:00","slug":"romanica-19-din-lexicul-limbii-romane-vechi-si-nu-numai","status":"publish","type":"product","link":"https:\/\/editura-unibuc.ro\/en\/romanica-19-din-lexicul-limbii-romane-vechi-si-nu-numai\/","title":{"rendered":"Romanica 19 \u2013 SOME ASPECTS OF THE OLD ROMANIAN LEXIS (and other topics)"},"content":{"rendered":"<p>\u201eDoamna Florica Dimitrescu este unul dintre profesorii care \u015fi-au dedicat \u00eentreaga via\u0163\u0103 limbii rom\u00e2ne [\u2026]. Lucr\u0103rile sale au drept obiectiv general sublinierea identit\u0103\u0163ii romanice a limbii rom\u00e2ne \u015fi \u00eembin\u0103 perspectiva diacronic\u0103 cu cea sincronic\u0103. [\u2026]<br \/>\nPrin cercetarea \u00een perspectiva istoric\u0103, Florica Dimiterscu ofer\u0103 date despre fizionomia rom\u00e2nei \u00een diversele sale etape de evolu\u0163ie \u015fi despre factorii interni\/externi care au imprimat limbii rom\u00e2ne o dinamic\u0103 distinct\u0103 de a celorlalte idiomuri romanice. Prin scrierile despre diversele straturi de lexic eviden\u0163iaz\u0103, pe de o parte, istoria sociocultural\u0103 a rom\u00e2nei, diferit\u0103 de a celorlalte limbi neolatine, iar pe de alt\u0103 parte, apartenen\u0163a ei la spiritualitatea european\u0103.\u201d (Coman Lupu)<\/p>\n","protected":false},"excerpt":{"rendered":"<p>\u201eDoamna Florica Dimitrescu este unul dintre profesorii care \u015fi-au dedicat \u00eentreaga via\u0163\u0103 limbii rom\u00e2ne [\u2026]. Lucr\u0103rile sale au drept obiectiv general sublinierea identit\u0103\u0163ii romanice a limbii rom\u00e2ne \u015fi \u00eembin\u0103 perspectiva diacronic\u0103 cu cea sincronic\u0103. [\u2026] Prin cercetarea \u00een perspectiva istoric\u0103, Florica Dimiterscu ofer\u0103 date despre fizionomia rom\u00e2nei \u00een diversele sale etape de evolu\u0163ie \u015fi despre [&hellip;]<\/p>\n","protected":false},"featured_media":13037,"comment_status":"open","ping_status":"closed","template":"","meta":[],"product_brand":[],"product_cat":[858],"product_tag":[865,866],"class_list":{"0":"post-13036","1":"product","2":"type-product","3":"status-publish","4":"has-post-thumbnail","6":"product_cat-colectia-romanica","7":"product_tag-limba-romana-in-context-european","8":"product_tag-limba-romana-veche","10":"first","11":"outofstock","12":"shipping-taxable","13":"purchasable","14":"product-type-simple"},"_links":{"self":[{"href":"https:\/\/editura-unibuc.ro\/en\/wp-json\/wp\/v2\/product\/13036","targetHints":{"allow":["GET"]}}],"collection":[{"href":"https:\/\/editura-unibuc.ro\/en\/wp-json\/wp\/v2\/product"}],"about":[{"href":"https:\/\/editura-unibuc.ro\/en\/wp-json\/wp\/v2\/types\/product"}],"replies":[{"embeddable":true,"href":"https:\/\/editura-unibuc.ro\/en\/wp-json\/wp\/v2\/comments?post=13036"}],"wp:featuredmedia":[{"embeddable":true,"href":"https:\/\/editura-unibuc.ro\/en\/wp-json\/wp\/v2\/media\/13037"}],"wp:attachment":[{"href":"https:\/\/editura-unibuc.ro\/en\/wp-json\/wp\/v2\/media?parent=13036"}],"wp:term":[{"taxonomy":"product_brand","embeddable":true,"href":"https:\/\/editura-unibuc.ro\/en\/wp-json\/wp\/v2\/product_brand?post=13036"},{"taxonomy":"product_cat","embeddable":true,"href":"https:\/\/editura-unibuc.ro\/en\/wp-json\/wp\/v2\/product_cat?post=13036"},{"taxonomy":"product_tag","embeddable":true,"href":"https:\/\/editura-unibuc.ro\/en\/wp-json\/wp\/v2\/product_tag?post=13036"}],"curies":[{"name":"wp","href":"https:\/\/api.w.org\/{rel}","templated":true}]}}