{"id":13042,"date":"2014-08-09T11:39:30","date_gmt":"2014-08-09T08:39:30","guid":{"rendered":"https:\/\/editura-unibuc.ro\/?p=13042"},"modified":"2018-11-07T23:26:50","modified_gmt":"2018-11-07T21:26:50","slug":"universitatea-interbelica-a-sociologilor-gustieni-studii","status":"publish","type":"product","link":"https:\/\/editura-unibuc.ro\/en\/universitatea-interbelica-a-sociologilor-gustieni-studii\/","title":{"rendered":"THE GUSTIAN SOCIOLOGISTS IN THE INTERWAR UNIVERSITY. Studies"},"content":{"rendered":"<p>\u201eStudiile cuprinse \u00een volumul de fa\u0163\u0103 reprezint\u0103 numai \u00eenceputul unui program de investigare din domeniul istoriei sociale a implic\u0103rii profesorului Gusti \u015fi a \u015fcolii sale \u00een via\u0163a Universit\u0103\u0163ii din Bucure\u015fti. Dat\u0103 fiind durata lung\u0103, de peste dou\u0103 decenii, precum \u015fi complexitatea acestei implic\u0103ri, va fi nevoie de studii am\u0103nun\u0163ite ca, \u00een final, s\u0103 avem o imagine mai nuan\u0163at\u0103 a vie\u0163ii universitare \u00eenr\u00e2urite \u015fi de sociologi.\u201d (Zolt\u00e1n Rost\u00e1s)<\/p>\n<p>\u00cen limba rom\u00e2n\u0103, rezumat \u00een englez\u0103\/In Romanian with an abstract in English<\/p>\n","protected":false},"excerpt":{"rendered":"<p>\u201eStudiile cuprinse \u00een volumul de fa\u0163\u0103 reprezint\u0103 numai \u00eenceputul unui program de investigare din domeniul istoriei sociale a implic\u0103rii profesorului Gusti \u015fi a \u015fcolii sale \u00een via\u0163a Universit\u0103\u0163ii din Bucure\u015fti. Dat\u0103 fiind durata lung\u0103, de peste dou\u0103 decenii, precum \u015fi complexitatea acestei implic\u0103ri, va fi nevoie de studii am\u0103nun\u0163ite ca, \u00een final, s\u0103 avem o [&hellip;]<\/p>\n","protected":false},"featured_media":13043,"comment_status":"open","ping_status":"closed","template":"","meta":[],"product_brand":[],"product_cat":[991,996,998],"product_tag":[1074,1100,1075],"class_list":{"0":"post-13042","1":"product","2":"type-product","3":"status-publish","4":"has-post-thumbnail","6":"product_cat-stiinte-sociale","7":"product_cat-jurnalism-si-stiintele-comunicarii","8":"product_cat-sociologie-si-asistenta-sociala","9":"product_tag-dimitrie-gusti","10":"product_tag-jurnalism","11":"product_tag-universitatea-din-bucuresti","13":"first","14":"outofstock","15":"shipping-taxable","16":"purchasable","17":"product-type-simple"},"_links":{"self":[{"href":"https:\/\/editura-unibuc.ro\/en\/wp-json\/wp\/v2\/product\/13042","targetHints":{"allow":["GET"]}}],"collection":[{"href":"https:\/\/editura-unibuc.ro\/en\/wp-json\/wp\/v2\/product"}],"about":[{"href":"https:\/\/editura-unibuc.ro\/en\/wp-json\/wp\/v2\/types\/product"}],"replies":[{"embeddable":true,"href":"https:\/\/editura-unibuc.ro\/en\/wp-json\/wp\/v2\/comments?post=13042"}],"wp:featuredmedia":[{"embeddable":true,"href":"https:\/\/editura-unibuc.ro\/en\/wp-json\/wp\/v2\/media\/13043"}],"wp:attachment":[{"href":"https:\/\/editura-unibuc.ro\/en\/wp-json\/wp\/v2\/media?parent=13042"}],"wp:term":[{"taxonomy":"product_brand","embeddable":true,"href":"https:\/\/editura-unibuc.ro\/en\/wp-json\/wp\/v2\/product_brand?post=13042"},{"taxonomy":"product_cat","embeddable":true,"href":"https:\/\/editura-unibuc.ro\/en\/wp-json\/wp\/v2\/product_cat?post=13042"},{"taxonomy":"product_tag","embeddable":true,"href":"https:\/\/editura-unibuc.ro\/en\/wp-json\/wp\/v2\/product_tag?post=13042"}],"curies":[{"name":"wp","href":"https:\/\/api.w.org\/{rel}","templated":true}]}}