{"id":13049,"date":"2012-08-25T17:41:46","date_gmt":"2012-08-25T14:41:46","guid":{"rendered":"https:\/\/editura-unibuc.ro\/?p=13049"},"modified":"2018-03-20T10:28:54","modified_gmt":"2018-03-20T08:28:54","slug":"etica-in-afaceri-si-politica-morala-elementara-si-responsabilitate-sociala","status":"publish","type":"product","link":"https:\/\/editura-unibuc.ro\/en\/etica-in-afaceri-si-politica-morala-elementara-si-responsabilitate-sociala\/","title":{"rendered":"ETHICS IN BUSINESS AND POLITICS. ELEMENTARY MORAL AND SOCIAL RESPONSIBILITY"},"content":{"rendered":"<p>Ipoteza central\u0103 a c\u0103r\u0163ii poate fi redat\u0103 prin conceptul de moral\u0103 elementar\u0103. \u00cen chip simplificat aceasta \u00eenseamn\u0103 c\u0103 orice activitate uman\u0103 (inclusiv, deci, sfera afacerilor \u015fi via\u0163a public\u0103) solicit\u0103 un element de moralitate; acest element seam\u0103n\u0103 cu \u201eelementele\u201d din celebrul tablou al lui Mendeleev, \u00een sensul c\u0103, a\u015fa cum niciun element chimic nu poate lipsi din natur\u0103, tot astfel, din tabelul moralit\u0103\u0163ii nu pot lipsi elemente precum: presupozi\u0163ia existen\u0163ei celorlal\u0163i, inten\u0163ia bun\u0103, capacitatea empatiz\u0103rii, tendin\u0163a spontan\u0103 sau ra\u0163ional\u0103 de a universaliza maxima voin\u0163ei tale, \u015fi, deloc la urm\u0103, rezultatul, consecin\u0163a, fapta ta.<br \/>\nAfacerile adev\u0103rate \u015fi politica veritabil\u0103 sunt \u00eenso\u0163ite \u00een mod necesar, \u00eentr-o societate democratic\u0103, de moralitate elementar\u0103. Dac\u0103 acest lucru nu se petrece, atunci vom avea de-a face cu fenomene ce \u00eencap \u00een denumiri precum: stat oligarhic, \u201edemocra\u0163ie mimetic\u0103\u201d, \u201edemocra\u0163ie a privilegiilor\u201d\u2026<\/p>\n","protected":false},"excerpt":{"rendered":"<p>Ipoteza central\u0103 a c\u0103r\u0163ii poate fi redat\u0103 prin conceptul de moral\u0103 elementar\u0103. \u00cen chip simplificat aceasta \u00eenseamn\u0103 c\u0103 orice activitate uman\u0103 (inclusiv, deci, sfera afacerilor \u015fi via\u0163a public\u0103) solicit\u0103 un element de moralitate; acest element seam\u0103n\u0103 cu \u201eelementele\u201d din celebrul tablou al lui Mendeleev, \u00een sensul c\u0103, a\u015fa cum niciun element chimic nu poate lipsi [&hellip;]<\/p>\n","protected":false},"featured_media":13050,"comment_status":"open","ping_status":"closed","template":"","meta":[],"product_brand":[],"product_cat":[991,994],"product_tag":[1102,1413,1347,1414,932,1415,1416],"class_list":{"0":"post-13049","1":"product","2":"type-product","3":"status-publish","4":"has-post-thumbnail","6":"product_cat-stiinte-sociale","7":"product_cat-filosofie","8":"product_tag-afaceri","9":"product_tag-constiinta-morala","10":"product_tag-etica","11":"product_tag-normele-morale","12":"product_tag-politica","13":"product_tag-standardele-morale","14":"product_tag-valorile-morale","16":"first","17":"outofstock","18":"shipping-taxable","19":"purchasable","20":"product-type-simple"},"_links":{"self":[{"href":"https:\/\/editura-unibuc.ro\/en\/wp-json\/wp\/v2\/product\/13049","targetHints":{"allow":["GET"]}}],"collection":[{"href":"https:\/\/editura-unibuc.ro\/en\/wp-json\/wp\/v2\/product"}],"about":[{"href":"https:\/\/editura-unibuc.ro\/en\/wp-json\/wp\/v2\/types\/product"}],"replies":[{"embeddable":true,"href":"https:\/\/editura-unibuc.ro\/en\/wp-json\/wp\/v2\/comments?post=13049"}],"wp:featuredmedia":[{"embeddable":true,"href":"https:\/\/editura-unibuc.ro\/en\/wp-json\/wp\/v2\/media\/13050"}],"wp:attachment":[{"href":"https:\/\/editura-unibuc.ro\/en\/wp-json\/wp\/v2\/media?parent=13049"}],"wp:term":[{"taxonomy":"product_brand","embeddable":true,"href":"https:\/\/editura-unibuc.ro\/en\/wp-json\/wp\/v2\/product_brand?post=13049"},{"taxonomy":"product_cat","embeddable":true,"href":"https:\/\/editura-unibuc.ro\/en\/wp-json\/wp\/v2\/product_cat?post=13049"},{"taxonomy":"product_tag","embeddable":true,"href":"https:\/\/editura-unibuc.ro\/en\/wp-json\/wp\/v2\/product_tag?post=13049"}],"curies":[{"name":"wp","href":"https:\/\/api.w.org\/{rel}","templated":true}]}}