{"id":13060,"date":"2014-08-27T00:27:08","date_gmt":"2014-08-26T21:27:08","guid":{"rendered":"https:\/\/editura-unibuc.ro\/?p=13060"},"modified":"2015-03-13T00:47:18","modified_gmt":"2015-03-12T22:47:18","slug":"lumea-peste-20-de-ani-exercitiu-de-imaginatie-sociologica","status":"publish","type":"product","link":"https:\/\/editura-unibuc.ro\/en\/lumea-peste-20-de-ani-exercitiu-de-imaginatie-sociologica\/","title":{"rendered":"THE WORLD OVER 20 YEARS: EXERCISE OF SOCIOLOGICAL IMAGINATION"},"content":{"rendered":"<p>\u201eAceast\u0103 colec\u0163ie de eseuri este scris\u0103 de viitori sociologi, \u00een prezent studen\u0163i ai anului II (2012-2013) ai Facult\u0103\u0163ii de Sociologie \u015fi Asisten\u0163\u0103 Social\u0103 din Universitatea din Bucure\u015fti. Coordonarea volumului apar\u0163ine profesoarei lor de la materia Opinie public\u0103 \u015fi Comunicare, care a propus \u00een timpul semestrului realizarea unor eseuri pe o tem\u0103 dat\u0103 : Proiec\u0163ia viitorului peste 20 de ani, pornind de la faptele pe care le cunoa\u015ftem \u00een prezent.\u201d<\/p>\n","protected":false},"excerpt":{"rendered":"<p>\u201eAceast\u0103 colec\u0163ie de eseuri este scris\u0103 de viitori sociologi, \u00een prezent studen\u0163i ai anului II (2012-2013) ai Facult\u0103\u0163ii de Sociologie \u015fi Asisten\u0163\u0103 Social\u0103 din Universitatea din Bucure\u015fti. Coordonarea volumului apar\u0163ine profesoarei lor de la materia Opinie public\u0103 \u015fi Comunicare, care a propus \u00een timpul semestrului realizarea unor eseuri pe o tem\u0103 dat\u0103 : Proiec\u0163ia viitorului [&hellip;]<\/p>\n","protected":false},"featured_media":13061,"comment_status":"open","ping_status":"closed","template":"","meta":[],"product_brand":[],"product_cat":[991,998],"product_tag":[1071,1039],"class_list":{"0":"post-13060","1":"product","2":"type-product","3":"status-publish","4":"has-post-thumbnail","6":"product_cat-stiinte-sociale","7":"product_cat-sociologie-si-asistenta-sociala","8":"product_tag-eseuri","9":"product_tag-sociologie","11":"first","12":"instock","13":"shipping-taxable","14":"purchasable","15":"product-type-simple"},"_links":{"self":[{"href":"https:\/\/editura-unibuc.ro\/en\/wp-json\/wp\/v2\/product\/13060","targetHints":{"allow":["GET"]}}],"collection":[{"href":"https:\/\/editura-unibuc.ro\/en\/wp-json\/wp\/v2\/product"}],"about":[{"href":"https:\/\/editura-unibuc.ro\/en\/wp-json\/wp\/v2\/types\/product"}],"replies":[{"embeddable":true,"href":"https:\/\/editura-unibuc.ro\/en\/wp-json\/wp\/v2\/comments?post=13060"}],"wp:featuredmedia":[{"embeddable":true,"href":"https:\/\/editura-unibuc.ro\/en\/wp-json\/wp\/v2\/media\/13061"}],"wp:attachment":[{"href":"https:\/\/editura-unibuc.ro\/en\/wp-json\/wp\/v2\/media?parent=13060"}],"wp:term":[{"taxonomy":"product_brand","embeddable":true,"href":"https:\/\/editura-unibuc.ro\/en\/wp-json\/wp\/v2\/product_brand?post=13060"},{"taxonomy":"product_cat","embeddable":true,"href":"https:\/\/editura-unibuc.ro\/en\/wp-json\/wp\/v2\/product_cat?post=13060"},{"taxonomy":"product_tag","embeddable":true,"href":"https:\/\/editura-unibuc.ro\/en\/wp-json\/wp\/v2\/product_tag?post=13060"}],"curies":[{"name":"wp","href":"https:\/\/api.w.org\/{rel}","templated":true}]}}