{"id":13062,"date":"2014-08-27T00:30:12","date_gmt":"2014-08-26T21:30:12","guid":{"rendered":"https:\/\/editura-unibuc.ro\/?p=13062"},"modified":"2025-04-30T12:25:52","modified_gmt":"2025-04-30T09:25:52","slug":"motivatie-si-satisfactie-in-procesul-de-munca-comparatie-2008-2010","status":"publish","type":"product","link":"https:\/\/editura-unibuc.ro\/en\/motivatie-si-satisfactie-in-procesul-de-munca-comparatie-2008-2010\/","title":{"rendered":"MOTIVATION AND SATISFACTION IN THE WORK PROCESS: COMPARISON 2008-2010"},"content":{"rendered":"<p>\u201eLucrarea de fa\u0163\u0103 \u015fi-a propus s\u0103 r\u0103spund\u0103 la urm\u0103toarele \u00eentreb\u0103ri: Care sunt factorii care \u00eei motiveaz\u0103 pe oameni s\u0103 munceasc\u0103? Care sunt elementele care produc oamenilor satisfac\u0163ie \u015fi insatisfac\u0163ie la locul de munc\u0103? Care este leg\u0103tura dintre motiva\u0163ie \u015fi satisfac\u0163ie? Care sunt efectele crizei economice asupra motiva\u0163iei \u015fi satisfac\u0163iei \u00een munc\u0103? Dup\u0103 parcurgerea literaturii de specialitate \u015fi analizarea datelor s-a conturat un model explicativ propriu al leg\u0103turii dintre conceptele de motiva\u0163ie, satisfac\u0163ie \u015fi performan\u0163\u0103 \u00een munc\u0103.\u201d<\/p>\n","protected":false},"excerpt":{"rendered":"<p>\u201eLucrarea de fa\u0163\u0103 \u015fi-a propus s\u0103 r\u0103spund\u0103 la urm\u0103toarele \u00eentreb\u0103ri: Care sunt factorii care \u00eei motiveaz\u0103 pe oameni s\u0103 munceasc\u0103? Care sunt elementele care produc oamenilor satisfac\u0163ie \u015fi insatisfac\u0163ie la locul de munc\u0103? Care este leg\u0103tura dintre motiva\u0163ie \u015fi satisfac\u0163ie? Care sunt efectele crizei economice asupra motiva\u0163iei \u015fi satisfac\u0163iei \u00een munc\u0103? Dup\u0103 parcurgerea literaturii de [&hellip;]<\/p>\n","protected":false},"featured_media":13063,"comment_status":"open","ping_status":"closed","template":"","meta":[],"product_brand":[],"product_cat":[991,998],"product_tag":[1070,1039,1007],"class_list":{"0":"post-13062","1":"product","2":"type-product","3":"status-publish","4":"has-post-thumbnail","6":"product_cat-stiinte-sociale","7":"product_cat-sociologie-si-asistenta-sociala","8":"product_tag-munca","9":"product_tag-sociologie","10":"product_tag-studiu","12":"first","13":"outofstock","14":"shipping-taxable","15":"purchasable","16":"product-type-simple"},"_links":{"self":[{"href":"https:\/\/editura-unibuc.ro\/en\/wp-json\/wp\/v2\/product\/13062","targetHints":{"allow":["GET"]}}],"collection":[{"href":"https:\/\/editura-unibuc.ro\/en\/wp-json\/wp\/v2\/product"}],"about":[{"href":"https:\/\/editura-unibuc.ro\/en\/wp-json\/wp\/v2\/types\/product"}],"replies":[{"embeddable":true,"href":"https:\/\/editura-unibuc.ro\/en\/wp-json\/wp\/v2\/comments?post=13062"}],"wp:featuredmedia":[{"embeddable":true,"href":"https:\/\/editura-unibuc.ro\/en\/wp-json\/wp\/v2\/media\/13063"}],"wp:attachment":[{"href":"https:\/\/editura-unibuc.ro\/en\/wp-json\/wp\/v2\/media?parent=13062"}],"wp:term":[{"taxonomy":"product_brand","embeddable":true,"href":"https:\/\/editura-unibuc.ro\/en\/wp-json\/wp\/v2\/product_brand?post=13062"},{"taxonomy":"product_cat","embeddable":true,"href":"https:\/\/editura-unibuc.ro\/en\/wp-json\/wp\/v2\/product_cat?post=13062"},{"taxonomy":"product_tag","embeddable":true,"href":"https:\/\/editura-unibuc.ro\/en\/wp-json\/wp\/v2\/product_tag?post=13062"}],"curies":[{"name":"wp","href":"https:\/\/api.w.org\/{rel}","templated":true}]}}