{"id":13136,"date":"2014-10-21T12:06:47","date_gmt":"2014-10-21T09:06:47","guid":{"rendered":"https:\/\/editura-unibuc.ro\/?p=13136"},"modified":"2019-11-19T12:36:04","modified_gmt":"2019-11-19T10:36:04","slug":"omagiu-coteanu-ion-in-memoriam","status":"publish","type":"product","link":"https:\/\/editura-unibuc.ro\/en\/omagiu-coteanu-ion-in-memoriam\/","title":{"rendered":"HOMMAGE TO COTEANU ION &#8211; IN MEMORIAM"},"content":{"rendered":"<p>\u201cTextele poart\u0103 semn\u0103tura unor reprezentan\u0163i de funte ai lingvisticii rom\u00e2ne\u015fti actuale, membri titulari sau membri de onoare ai Academiei Rom\u00e2ne, profesori de prestigiu ai universit\u0103\u0163ilor rom\u00e2ne\u0219ti, cercet\u0103tori remarcabili ce au lucrat sau lucreaz\u0103 \u00een institute academice de profil, mul\u0163i activ\u00e2nd acum \u00een str\u0103in\u0103tate.\u201d<\/p>\n","protected":false},"excerpt":{"rendered":"<p>\u201cTextele poart\u0103 semn\u0103tura unor reprezentan\u0163i de funte ai lingvisticii rom\u00e2ne\u015fti actuale, membri titulari sau membri de onoare ai Academiei Rom\u00e2ne, profesori de prestigiu ai universit\u0103\u0163ilor rom\u00e2ne\u0219ti, cercet\u0103tori remarcabili ce au lucrat sau lucreaz\u0103 \u00een institute academice de profil, mul\u0163i activ\u00e2nd acum \u00een str\u0103in\u0103tate.\u201d<\/p>\n","protected":false},"featured_media":13137,"comment_status":"open","ping_status":"closed","template":"","meta":[],"product_brand":[],"product_cat":[1464,979],"product_tag":[968,895],"class_list":{"0":"post-13136","1":"product","2":"type-product","3":"status-publish","4":"has-post-thumbnail","6":"product_cat-filologie","7":"product_cat-limba-romana","8":"product_tag-ion-coteanu","9":"product_tag-lingvistica","11":"first","12":"instock","13":"shipping-taxable","14":"purchasable","15":"product-type-simple"},"_links":{"self":[{"href":"https:\/\/editura-unibuc.ro\/en\/wp-json\/wp\/v2\/product\/13136","targetHints":{"allow":["GET"]}}],"collection":[{"href":"https:\/\/editura-unibuc.ro\/en\/wp-json\/wp\/v2\/product"}],"about":[{"href":"https:\/\/editura-unibuc.ro\/en\/wp-json\/wp\/v2\/types\/product"}],"replies":[{"embeddable":true,"href":"https:\/\/editura-unibuc.ro\/en\/wp-json\/wp\/v2\/comments?post=13136"}],"wp:featuredmedia":[{"embeddable":true,"href":"https:\/\/editura-unibuc.ro\/en\/wp-json\/wp\/v2\/media\/13137"}],"wp:attachment":[{"href":"https:\/\/editura-unibuc.ro\/en\/wp-json\/wp\/v2\/media?parent=13136"}],"wp:term":[{"taxonomy":"product_brand","embeddable":true,"href":"https:\/\/editura-unibuc.ro\/en\/wp-json\/wp\/v2\/product_brand?post=13136"},{"taxonomy":"product_cat","embeddable":true,"href":"https:\/\/editura-unibuc.ro\/en\/wp-json\/wp\/v2\/product_cat?post=13136"},{"taxonomy":"product_tag","embeddable":true,"href":"https:\/\/editura-unibuc.ro\/en\/wp-json\/wp\/v2\/product_tag?post=13136"}],"curies":[{"name":"wp","href":"https:\/\/api.w.org\/{rel}","templated":true}]}}