{"id":13140,"date":"2014-10-21T12:09:35","date_gmt":"2014-10-21T09:09:35","guid":{"rendered":"https:\/\/editura-unibuc.ro\/?p=13140"},"modified":"2023-04-06T09:32:50","modified_gmt":"2023-04-06T06:32:50","slug":"ghid-de-conversatie-roman-sarb","status":"publish","type":"product","link":"https:\/\/editura-unibuc.ro\/en\/ghid-de-conversatie-roman-sarb\/","title":{"rendered":"ROMANIAN-SERBIAN PHRASEBOOK"},"content":{"rendered":"<p>\u201cGhidul de conversa\u0163ie rom\u00e2n-s\u00e2rb este conceput ca un \u00eendreptar menit s\u0103-l introduc\u0103 pe cel ce-l utilizeaz\u0103 \u00een vocabularul \u015fi structura limbii s\u00e2rbe, oferindu-i posibilitatea s\u0103 \u00een\u0163eleag\u0103 \u015fi s\u0103 se fac\u0103 in\u0163eles, s\u0103 poarte conversa\u0163ii simple, dispuse \u00eentr-o varietate de situa\u0163ii \u015fi \u00eempejur\u0103ri, f\u0103r\u0103 ajutorul unui interpret.\u201d<\/p>\n","protected":false},"excerpt":{"rendered":"<p>\u201cGhidul de conversa\u0163ie rom\u00e2n-s\u00e2rb este conceput ca un \u00eendreptar menit s\u0103-l introduc\u0103 pe cel ce-l utilizeaz\u0103 \u00een vocabularul \u015fi structura limbii s\u00e2rbe, oferindu-i posibilitatea s\u0103 \u00een\u0163eleag\u0103 \u015fi s\u0103 se fac\u0103 in\u0163eles, s\u0103 poarte conversa\u0163ii simple, dispuse \u00eentr-o varietate de situa\u0163ii \u015fi \u00eempejur\u0103ri, f\u0103r\u0103 ajutorul unui interpret.\u201d<\/p>\n","protected":false},"featured_media":13141,"comment_status":"open","ping_status":"closed","template":"","meta":[],"product_brand":[],"product_cat":[1464,981],"product_tag":[1060,1061,947],"class_list":{"0":"post-13140","1":"product","2":"type-product","3":"status-publish","4":"has-post-thumbnail","6":"product_cat-filologie","7":"product_cat-limbi-slave","8":"product_tag-ghid-de-conversate","9":"product_tag-limba-sarba","10":"product_tag-sarba","12":"first","13":"instock","14":"shipping-taxable","15":"purchasable","16":"product-type-simple"},"_links":{"self":[{"href":"https:\/\/editura-unibuc.ro\/en\/wp-json\/wp\/v2\/product\/13140","targetHints":{"allow":["GET"]}}],"collection":[{"href":"https:\/\/editura-unibuc.ro\/en\/wp-json\/wp\/v2\/product"}],"about":[{"href":"https:\/\/editura-unibuc.ro\/en\/wp-json\/wp\/v2\/types\/product"}],"replies":[{"embeddable":true,"href":"https:\/\/editura-unibuc.ro\/en\/wp-json\/wp\/v2\/comments?post=13140"}],"wp:featuredmedia":[{"embeddable":true,"href":"https:\/\/editura-unibuc.ro\/en\/wp-json\/wp\/v2\/media\/13141"}],"wp:attachment":[{"href":"https:\/\/editura-unibuc.ro\/en\/wp-json\/wp\/v2\/media?parent=13140"}],"wp:term":[{"taxonomy":"product_brand","embeddable":true,"href":"https:\/\/editura-unibuc.ro\/en\/wp-json\/wp\/v2\/product_brand?post=13140"},{"taxonomy":"product_cat","embeddable":true,"href":"https:\/\/editura-unibuc.ro\/en\/wp-json\/wp\/v2\/product_cat?post=13140"},{"taxonomy":"product_tag","embeddable":true,"href":"https:\/\/editura-unibuc.ro\/en\/wp-json\/wp\/v2\/product_tag?post=13140"}],"curies":[{"name":"wp","href":"https:\/\/api.w.org\/{rel}","templated":true}]}}