{"id":13143,"date":"2014-10-22T01:07:04","date_gmt":"2014-10-21T22:07:04","guid":{"rendered":"https:\/\/editura-unibuc.ro\/?p=13143"},"modified":"2016-04-20T14:31:50","modified_gmt":"2016-04-20T11:31:50","slug":"mastering-the-entrance-examination-a-workbook","status":"publish","type":"product","link":"https:\/\/editura-unibuc.ro\/en\/mastering-the-entrance-examination-a-workbook\/","title":{"rendered":"MASTERING THE ENTRANCE EXAMINATION: A WORKBOOK"},"content":{"rendered":"<p>NOT AVAILABLE<br \/>\n\u201eAceast\u0103 carte este rezultatul unei experien\u0163e \u00eendelungate a autoarei \u00een preg\u0103tirea subiectelor pentru examenul de admitere la limba engleza al Facult\u0103\u0163ii de Limbi \u015fi Literaturi Str\u0103ine de la Universitatea Bucure\u015fti. Con\u0163in\u00e2nd subiecte date de-a lungul anilor, precum \u015fi o serie de variante de subiecte care au fost propuse pentru diferitele programe de englez\u0103 din cadrul Universit\u0103\u0163ii Bucure\u015fti.\u201d<\/p>","protected":false},"excerpt":{"rendered":"<p>NOT AVAILABLE \u201eAceast\u0103 carte este rezultatul unei experien\u0163e \u00eendelungate a autoarei \u00een preg\u0103tirea subiectelor pentru examenul de admitere la limba engleza al Facult\u0103\u0163ii de Limbi \u015fi Literaturi Str\u0103ine de la Universitatea Bucure\u015fti. Con\u0163in\u00e2nd subiecte date de-a lungul anilor, precum \u015fi o serie de variante de subiecte care au fost propuse pentru diferitele programe de englez\u0103 [&hellip;]<\/p>\n","protected":false},"featured_media":13146,"comment_status":"open","ping_status":"closed","template":"","meta":[],"product_brand":[],"product_cat":[1464,976],"product_tag":[1058,1055,1059],"class_list":{"0":"post-13143","1":"product","2":"type-product","3":"status-publish","4":"has-post-thumbnail","6":"product_cat-filologie","7":"product_cat-limba-engleza","8":"product_tag-admitere","9":"product_tag-limba-engleza","10":"product_tag-limbi-straine","12":"first","13":"outofstock","14":"shipping-taxable","15":"purchasable","16":"product-type-simple"},"_links":{"self":[{"href":"https:\/\/editura-unibuc.ro\/en\/wp-json\/wp\/v2\/product\/13143","targetHints":{"allow":["GET"]}}],"collection":[{"href":"https:\/\/editura-unibuc.ro\/en\/wp-json\/wp\/v2\/product"}],"about":[{"href":"https:\/\/editura-unibuc.ro\/en\/wp-json\/wp\/v2\/types\/product"}],"replies":[{"embeddable":true,"href":"https:\/\/editura-unibuc.ro\/en\/wp-json\/wp\/v2\/comments?post=13143"}],"wp:featuredmedia":[{"embeddable":true,"href":"https:\/\/editura-unibuc.ro\/en\/wp-json\/wp\/v2\/media\/13146"}],"wp:attachment":[{"href":"https:\/\/editura-unibuc.ro\/en\/wp-json\/wp\/v2\/media?parent=13143"}],"wp:term":[{"taxonomy":"product_brand","embeddable":true,"href":"https:\/\/editura-unibuc.ro\/en\/wp-json\/wp\/v2\/product_brand?post=13143"},{"taxonomy":"product_cat","embeddable":true,"href":"https:\/\/editura-unibuc.ro\/en\/wp-json\/wp\/v2\/product_cat?post=13143"},{"taxonomy":"product_tag","embeddable":true,"href":"https:\/\/editura-unibuc.ro\/en\/wp-json\/wp\/v2\/product_tag?post=13143"}],"curies":[{"name":"wp","href":"https:\/\/api.w.org\/{rel}","templated":true}]}}