{"id":13148,"date":"2014-10-22T01:10:27","date_gmt":"2014-10-21T22:10:27","guid":{"rendered":"https:\/\/editura-unibuc.ro\/?p=13148"},"modified":"2017-03-01T12:40:53","modified_gmt":"2017-03-01T10:40:53","slug":"omagiu-cornea-paul-echilibrul-intre-antiteze-studii-oferite-profesorului-paul-cornea-cu-ocazia-celei-de-a-90-a-aniversari","status":"publish","type":"product","link":"https:\/\/editura-unibuc.ro\/en\/omagiu-cornea-paul-echilibrul-intre-antiteze-studii-oferite-profesorului-paul-cornea-cu-ocazia-celei-de-a-90-a-aniversari\/","title":{"rendered":"HOMAGE TO CORNEA PAUL, THE BALANCE BETWEEN ANTITHESES. STUDIES PROVIDED TO PROFESSOR PAUL CORNEA ON THE OCCASION OF THE 90TH ANNIVERSARY"},"content":{"rendered":"<p>\u201cVolumul de fa\u0163\u0103 ilustreaz\u0103 un tip canonic de publica\u0163ie academic\u0103 cu tradi\u0163ie \u015fi cu larg\u0103 circula\u0163ie: studii oferite unei personalit\u0103\u0163i \u015ftiin\u0163ifice luminoase, de c\u0103tre colegi \u015fi de c\u0103tre discipoli, cu ocazia unei anivers\u0103ri memorabile. \u00cen cazul profesorului Paul Cornea, cercul colaboratorilor este \u00een cel mai amplu sens interna\u0163ional \u015f multilingvistic, atest\u00e2nd reverbera\u0163iile ample, at\u00e2t spa\u0163io-culturale, c\u00e2t \u015fi disciplinare ale eforturilor sale.\u201d<\/p>\n","protected":false},"excerpt":{"rendered":"<p>\u201cVolumul de fa\u0163\u0103 ilustreaz\u0103 un tip canonic de publica\u0163ie academic\u0103 cu tradi\u0163ie \u015fi cu larg\u0103 circula\u0163ie: studii oferite unei personalit\u0103\u0163i \u015ftiin\u0163ifice luminoase, de c\u0103tre colegi \u015fi de c\u0103tre discipoli, cu ocazia unei anivers\u0103ri memorabile. \u00cen cazul profesorului Paul Cornea, cercul colaboratorilor este \u00een cel mai amplu sens interna\u0163ional \u015f multilingvistic, atest\u00e2nd reverbera\u0163iile ample, at\u00e2t spa\u0163io-culturale, [&hellip;]<\/p>\n","protected":false},"featured_media":13149,"comment_status":"open","ping_status":"closed","template":"","meta":[],"product_brand":[],"product_cat":[1464,979],"product_tag":[895,949,966,967],"class_list":{"0":"post-13148","1":"product","2":"type-product","3":"status-publish","4":"has-post-thumbnail","6":"product_cat-filologie","7":"product_cat-limba-romana","8":"product_tag-lingvistica","9":"product_tag-omagiu","10":"product_tag-paul-cornea","11":"product_tag-volum-omagial","13":"first","14":"outofstock","15":"shipping-taxable","16":"product-type-simple"},"_links":{"self":[{"href":"https:\/\/editura-unibuc.ro\/en\/wp-json\/wp\/v2\/product\/13148","targetHints":{"allow":["GET"]}}],"collection":[{"href":"https:\/\/editura-unibuc.ro\/en\/wp-json\/wp\/v2\/product"}],"about":[{"href":"https:\/\/editura-unibuc.ro\/en\/wp-json\/wp\/v2\/types\/product"}],"replies":[{"embeddable":true,"href":"https:\/\/editura-unibuc.ro\/en\/wp-json\/wp\/v2\/comments?post=13148"}],"wp:featuredmedia":[{"embeddable":true,"href":"https:\/\/editura-unibuc.ro\/en\/wp-json\/wp\/v2\/media\/13149"}],"wp:attachment":[{"href":"https:\/\/editura-unibuc.ro\/en\/wp-json\/wp\/v2\/media?parent=13148"}],"wp:term":[{"taxonomy":"product_brand","embeddable":true,"href":"https:\/\/editura-unibuc.ro\/en\/wp-json\/wp\/v2\/product_brand?post=13148"},{"taxonomy":"product_cat","embeddable":true,"href":"https:\/\/editura-unibuc.ro\/en\/wp-json\/wp\/v2\/product_cat?post=13148"},{"taxonomy":"product_tag","embeddable":true,"href":"https:\/\/editura-unibuc.ro\/en\/wp-json\/wp\/v2\/product_tag?post=13148"}],"curies":[{"name":"wp","href":"https:\/\/api.w.org\/{rel}","templated":true}]}}