{"id":13162,"date":"2014-11-05T22:38:54","date_gmt":"2014-11-05T19:38:54","guid":{"rendered":"https:\/\/editura-unibuc.ro\/?p=13162"},"modified":"2020-07-30T15:19:44","modified_gmt":"2020-07-30T12:19:44","slug":"fitopatogeni-in-ecosistemele-forestiere","status":"publish","type":"product","link":"https:\/\/editura-unibuc.ro\/en\/fitopatogeni-in-ecosistemele-forestiere\/","title":{"rendered":"PHYTOPATHOGENIC IN FOREST ECOSYSTEMS"},"content":{"rendered":"<p>\u201cLucrarea <em>Fitopatogeni \u00een ecosistemele forestiere<\/em> s-a n\u0103scut din dorin\u0163a noastr\u0103 de a sintetiza cuno\u015ftin\u0163ele privind bolile plantelor forestiere, contribu\u0163ie absolut necesar\u0103 \u00een peisajul \u015ftiin\u0163ific actual al protec\u0163iei mediului, al biologiei \u015fi ecologiei, lucrare care a lipsit p\u00e2n\u0103 \u00een prezent din acest peisaj \u015fi care vine s\u0103 completeze un domeniu de puternic\u0103 \u00eensemn\u0103tate \u015ftiin\u0163ific\u0103 \u015fi practic\u0103.\u201d<\/p>\n","protected":false},"excerpt":{"rendered":"<p>\u201cLucrarea Fitopatogeni \u00een ecosistemele forestiere s-a n\u0103scut din dorin\u0163a noastr\u0103 de a sintetiza cuno\u015ftin\u0163ele privind bolile plantelor forestiere, contribu\u0163ie absolut necesar\u0103 \u00een peisajul \u015ftiin\u0163ific actual al protec\u0163iei mediului, al biologiei \u015fi ecologiei, lucrare care a lipsit p\u00e2n\u0103 \u00een prezent din acest peisaj \u015fi care vine s\u0103 completeze un domeniu de puternic\u0103 \u00eensemn\u0103tate \u015ftiin\u0163ific\u0103 \u015fi practic\u0103.\u201d<\/p>\n","protected":false},"featured_media":13163,"comment_status":"open","ping_status":"closed","template":"","meta":[],"product_brand":[],"product_cat":[1466,988],"product_tag":[904,1053,1054],"class_list":{"0":"post-13162","1":"product","2":"type-product","3":"status-publish","4":"has-post-thumbnail","6":"product_cat-stiinte-ale-naturii","7":"product_cat-biologie","8":"product_tag-biologie","9":"product_tag-ecologie","10":"product_tag-fitopatogeni","12":"first","13":"outofstock","14":"shipping-taxable","15":"purchasable","16":"product-type-simple"},"_links":{"self":[{"href":"https:\/\/editura-unibuc.ro\/en\/wp-json\/wp\/v2\/product\/13162","targetHints":{"allow":["GET"]}}],"collection":[{"href":"https:\/\/editura-unibuc.ro\/en\/wp-json\/wp\/v2\/product"}],"about":[{"href":"https:\/\/editura-unibuc.ro\/en\/wp-json\/wp\/v2\/types\/product"}],"replies":[{"embeddable":true,"href":"https:\/\/editura-unibuc.ro\/en\/wp-json\/wp\/v2\/comments?post=13162"}],"wp:featuredmedia":[{"embeddable":true,"href":"https:\/\/editura-unibuc.ro\/en\/wp-json\/wp\/v2\/media\/13163"}],"wp:attachment":[{"href":"https:\/\/editura-unibuc.ro\/en\/wp-json\/wp\/v2\/media?parent=13162"}],"wp:term":[{"taxonomy":"product_brand","embeddable":true,"href":"https:\/\/editura-unibuc.ro\/en\/wp-json\/wp\/v2\/product_brand?post=13162"},{"taxonomy":"product_cat","embeddable":true,"href":"https:\/\/editura-unibuc.ro\/en\/wp-json\/wp\/v2\/product_cat?post=13162"},{"taxonomy":"product_tag","embeddable":true,"href":"https:\/\/editura-unibuc.ro\/en\/wp-json\/wp\/v2\/product_tag?post=13162"}],"curies":[{"name":"wp","href":"https:\/\/api.w.org\/{rel}","templated":true}]}}