{"id":13165,"date":"2014-11-05T22:41:43","date_gmt":"2014-11-05T19:41:43","guid":{"rendered":"https:\/\/editura-unibuc.ro\/?p=13165"},"modified":"2015-03-13T00:42:17","modified_gmt":"2015-03-12T22:42:17","slug":"imaginea-conditiei-umane-in-opera-de-fictiune-a-prozatorului-norman-manea","status":"publish","type":"product","link":"https:\/\/editura-unibuc.ro\/en\/imaginea-conditiei-umane-in-opera-de-fictiune-a-prozatorului-norman-manea\/","title":{"rendered":"IMAGE OF HUMAN CONDITION IN NORMAN MANEA&#8217;S FICTION"},"content":{"rendered":"<p>\u201cIat\u0103 o foarte interesant\u0103 \u015fi original\u0103 explorare de \u201cetic\u0103 interpretativ\u0103\u201d, rarissim practicat\u0103 la noi, o premier\u0103 deopotriv\u0103 teoretic\u0103 \u015fi ca aplica\u0163ie \u201cmonografic\u0103\u201d asupra prozei unui mare, important \u015fi deocamdat\u0103 insuficient \u00een\u0163eles scriitor rom\u00e2n \u015fi al lumii: Norman Manea.\u201d<\/p>\n","protected":false},"excerpt":{"rendered":"<p>\u201cIat\u0103 o foarte interesant\u0103 \u015fi original\u0103 explorare de \u201cetic\u0103 interpretativ\u0103\u201d, rarissim practicat\u0103 la noi, o premier\u0103 deopotriv\u0103 teoretic\u0103 \u015fi ca aplica\u0163ie \u201cmonografic\u0103\u201d asupra prozei unui mare, important \u015fi deocamdat\u0103 insuficient \u00een\u0163eles scriitor rom\u00e2n \u015fi al lumii: Norman Manea.\u201d<\/p>\n","protected":false},"featured_media":13166,"comment_status":"open","ping_status":"closed","template":"","meta":[],"product_brand":[],"product_cat":[1464,979],"product_tag":[879,1052,956],"class_list":{"0":"post-13165","1":"product","2":"type-product","3":"status-publish","4":"has-post-thumbnail","6":"product_cat-filologie","7":"product_cat-limba-romana","8":"product_tag-fictiune","9":"product_tag-norman-manea","10":"product_tag-proza","12":"first","13":"instock","14":"shipping-taxable","15":"purchasable","16":"product-type-simple"},"_links":{"self":[{"href":"https:\/\/editura-unibuc.ro\/en\/wp-json\/wp\/v2\/product\/13165","targetHints":{"allow":["GET"]}}],"collection":[{"href":"https:\/\/editura-unibuc.ro\/en\/wp-json\/wp\/v2\/product"}],"about":[{"href":"https:\/\/editura-unibuc.ro\/en\/wp-json\/wp\/v2\/types\/product"}],"replies":[{"embeddable":true,"href":"https:\/\/editura-unibuc.ro\/en\/wp-json\/wp\/v2\/comments?post=13165"}],"wp:featuredmedia":[{"embeddable":true,"href":"https:\/\/editura-unibuc.ro\/en\/wp-json\/wp\/v2\/media\/13166"}],"wp:attachment":[{"href":"https:\/\/editura-unibuc.ro\/en\/wp-json\/wp\/v2\/media?parent=13165"}],"wp:term":[{"taxonomy":"product_brand","embeddable":true,"href":"https:\/\/editura-unibuc.ro\/en\/wp-json\/wp\/v2\/product_brand?post=13165"},{"taxonomy":"product_cat","embeddable":true,"href":"https:\/\/editura-unibuc.ro\/en\/wp-json\/wp\/v2\/product_cat?post=13165"},{"taxonomy":"product_tag","embeddable":true,"href":"https:\/\/editura-unibuc.ro\/en\/wp-json\/wp\/v2\/product_tag?post=13165"}],"curies":[{"name":"wp","href":"https:\/\/api.w.org\/{rel}","templated":true}]}}