{"id":13169,"date":"2014-11-05T22:44:43","date_gmt":"2014-11-05T19:44:43","guid":{"rendered":"https:\/\/editura-unibuc.ro\/?p=13169"},"modified":"2015-03-13T00:41:52","modified_gmt":"2015-03-12T22:41:52","slug":"preconditiile-democratiei-si-democratizarii-contemporane","status":"publish","type":"product","link":"https:\/\/editura-unibuc.ro\/en\/preconditiile-democratiei-si-democratizarii-contemporane\/","title":{"rendered":"PREREQUISITES OF CONTEMPORARY DEMOCRACY AND DEMOCRATIZATION"},"content":{"rendered":"<p>\u201cLucrarea reprezint\u0103 un studiu dedicat construirii unui model teoretic coerent al democratiz\u0103rii \u015fi model\u0103rii acesteia, a surselor \u015fi rezultatelor acesteia; este o abordare multidimensional\u0103 \u015fi interdisciplinar\u0103, care valorific\u0103 profund \u015fi multilateral subiectul cercet\u0103rii.\u201d<\/p>\n","protected":false},"excerpt":{"rendered":"<p>\u201cLucrarea reprezint\u0103 un studiu dedicat construirii unui model teoretic coerent al democratiz\u0103rii \u015fi model\u0103rii acesteia, a surselor \u015fi rezultatelor acesteia; este o abordare multidimensional\u0103 \u015fi interdisciplinar\u0103, care valorific\u0103 profund \u015fi multilateral subiectul cercet\u0103rii.\u201d<\/p>\n","protected":false},"featured_media":13170,"comment_status":"open","ping_status":"closed","template":"","meta":[],"product_brand":[],"product_cat":[991,995],"product_tag":[1024,1051],"class_list":{"0":"post-13169","1":"product","2":"type-product","3":"status-publish","4":"has-post-thumbnail","6":"product_cat-stiinte-sociale","7":"product_cat-istorie-stiinte-politice","8":"product_tag-democratie","9":"product_tag-democratizare","11":"first","12":"instock","13":"shipping-taxable","14":"purchasable","15":"product-type-simple"},"_links":{"self":[{"href":"https:\/\/editura-unibuc.ro\/en\/wp-json\/wp\/v2\/product\/13169","targetHints":{"allow":["GET"]}}],"collection":[{"href":"https:\/\/editura-unibuc.ro\/en\/wp-json\/wp\/v2\/product"}],"about":[{"href":"https:\/\/editura-unibuc.ro\/en\/wp-json\/wp\/v2\/types\/product"}],"replies":[{"embeddable":true,"href":"https:\/\/editura-unibuc.ro\/en\/wp-json\/wp\/v2\/comments?post=13169"}],"wp:featuredmedia":[{"embeddable":true,"href":"https:\/\/editura-unibuc.ro\/en\/wp-json\/wp\/v2\/media\/13170"}],"wp:attachment":[{"href":"https:\/\/editura-unibuc.ro\/en\/wp-json\/wp\/v2\/media?parent=13169"}],"wp:term":[{"taxonomy":"product_brand","embeddable":true,"href":"https:\/\/editura-unibuc.ro\/en\/wp-json\/wp\/v2\/product_brand?post=13169"},{"taxonomy":"product_cat","embeddable":true,"href":"https:\/\/editura-unibuc.ro\/en\/wp-json\/wp\/v2\/product_cat?post=13169"},{"taxonomy":"product_tag","embeddable":true,"href":"https:\/\/editura-unibuc.ro\/en\/wp-json\/wp\/v2\/product_tag?post=13169"}],"curies":[{"name":"wp","href":"https:\/\/api.w.org\/{rel}","templated":true}]}}