{"id":13175,"date":"2014-11-05T23:33:30","date_gmt":"2014-11-05T20:33:30","guid":{"rendered":"https:\/\/editura-unibuc.ro\/?p=13175"},"modified":"2015-06-18T12:13:30","modified_gmt":"2015-06-18T09:13:30","slug":"teoria-erorilor-geodezie-gnss-caiet-de-lucrari-practice","status":"publish","type":"product","link":"https:\/\/editura-unibuc.ro\/en\/teoria-erorilor-geodezie-gnss-caiet-de-lucrari-practice\/","title":{"rendered":"THEORY OF ERRORS, GEODESY, GNSS. PRACTICAL TEXTBOOK"},"content":{"rendered":"<p>\u201cRemarc utilitatea acestui caiet \u00een contextul existen\u0163ei unui larg evantai de programe automate de calcul care pentru o utilizare corect\u0103 presupune cunoa\u015fterea metodologiei. Utilizarea programelor automate f\u0103r\u0103 cunoa\u015fterea \u00een detaliu a metodologiei aplicate conduce frecvent la grave erori \u00een utilizarea\/ interpretarea rezultatelor.\u201d Daniel Sc\u0103deanu<\/p>\n","protected":false},"excerpt":{"rendered":"<p>\u201cRemarc utilitatea acestui caiet \u00een contextul existen\u0163ei unui larg evantai de programe automate de calcul care pentru o utilizare corect\u0103 presupune cunoa\u015fterea metodologiei. Utilizarea programelor automate f\u0103r\u0103 cunoa\u015fterea \u00een detaliu a metodologiei aplicate conduce frecvent la grave erori \u00een utilizarea\/ interpretarea rezultatelor.\u201d Daniel Sc\u0103deanu<\/p>\n","protected":false},"featured_media":13176,"comment_status":"open","ping_status":"closed","template":"","meta":[],"product_brand":[],"product_cat":[1466,990],"product_tag":[1048,909],"class_list":{"0":"post-13175","1":"product","2":"type-product","3":"status-publish","4":"has-post-thumbnail","6":"product_cat-stiinte-ale-naturii","7":"product_cat-geologie","8":"product_tag-geodezie","9":"product_tag-geologie","11":"first","12":"outofstock","13":"shipping-taxable","14":"purchasable","15":"product-type-simple"},"_links":{"self":[{"href":"https:\/\/editura-unibuc.ro\/en\/wp-json\/wp\/v2\/product\/13175","targetHints":{"allow":["GET"]}}],"collection":[{"href":"https:\/\/editura-unibuc.ro\/en\/wp-json\/wp\/v2\/product"}],"about":[{"href":"https:\/\/editura-unibuc.ro\/en\/wp-json\/wp\/v2\/types\/product"}],"replies":[{"embeddable":true,"href":"https:\/\/editura-unibuc.ro\/en\/wp-json\/wp\/v2\/comments?post=13175"}],"wp:featuredmedia":[{"embeddable":true,"href":"https:\/\/editura-unibuc.ro\/en\/wp-json\/wp\/v2\/media\/13176"}],"wp:attachment":[{"href":"https:\/\/editura-unibuc.ro\/en\/wp-json\/wp\/v2\/media?parent=13175"}],"wp:term":[{"taxonomy":"product_brand","embeddable":true,"href":"https:\/\/editura-unibuc.ro\/en\/wp-json\/wp\/v2\/product_brand?post=13175"},{"taxonomy":"product_cat","embeddable":true,"href":"https:\/\/editura-unibuc.ro\/en\/wp-json\/wp\/v2\/product_cat?post=13175"},{"taxonomy":"product_tag","embeddable":true,"href":"https:\/\/editura-unibuc.ro\/en\/wp-json\/wp\/v2\/product_tag?post=13175"}],"curies":[{"name":"wp","href":"https:\/\/api.w.org\/{rel}","templated":true}]}}