{"id":13196,"date":"2014-11-17T16:50:26","date_gmt":"2014-11-17T13:50:26","guid":{"rendered":"https:\/\/editura-unibuc.ro\/?p=13196"},"modified":"2025-08-08T10:15:30","modified_gmt":"2025-08-08T07:15:30","slug":"filologie-rusa-xxx-nr-12014-lucrarile-conferintei-metodico-stiintifice-internationale-dedicate-implinirii-a-80-de-ani-de-predare-a-limbii-si-literaturii-ruse-la-universitatea-din-bucuresti-3-6-o","status":"publish","type":"product","link":"https:\/\/editura-unibuc.ro\/en\/filologie-rusa-xxx-nr-12014-lucrarile-conferintei-metodico-stiintifice-internationale-dedicate-implinirii-a-80-de-ani-de-predare-a-limbii-si-literaturii-ruse-la-universitatea-din-bucuresti-3-6-o\/","title":{"rendered":"FILOLOGIE RUS\u0102 XXX, NR. 1\/2014, LUCR\u0102RILE CONFERIN\u0162EI METODICO-\u015eTIIN\u0162IFICE INTERNA\u0162IONALE, DEDICATE \u00ceMPLINIRII A 80 DE ANI DE PREDARE A LIMBII \u015eI LITERATURII RUSE LA UNIVERSITATEA DIN BUCURE\u015eTI, 3-6 OCTOMBRIE 2013, VOL. 2"},"content":{"rendered":"","protected":false},"excerpt":{"rendered":"","protected":false},"featured_media":13197,"comment_status":"open","ping_status":"closed","template":"","meta":[],"product_brand":[],"product_cat":[3823,1464,981,1469],"product_tag":[1043,1044,1045],"class_list":{"0":"post-13196","1":"product","2":"type-product","3":"status-publish","4":"has-post-thumbnail","6":"product_cat-stiinte-umane","7":"product_cat-filologie","8":"product_cat-limbi-slave","9":"product_cat-periodice","10":"product_tag-coneferinta","11":"product_tag-filologie","12":"product_tag-rusa","14":"first","15":"outofstock","16":"shipping-taxable","17":"purchasable","18":"product-type-simple"},"_links":{"self":[{"href":"https:\/\/editura-unibuc.ro\/en\/wp-json\/wp\/v2\/product\/13196","targetHints":{"allow":["GET"]}}],"collection":[{"href":"https:\/\/editura-unibuc.ro\/en\/wp-json\/wp\/v2\/product"}],"about":[{"href":"https:\/\/editura-unibuc.ro\/en\/wp-json\/wp\/v2\/types\/product"}],"replies":[{"embeddable":true,"href":"https:\/\/editura-unibuc.ro\/en\/wp-json\/wp\/v2\/comments?post=13196"}],"wp:featuredmedia":[{"embeddable":true,"href":"https:\/\/editura-unibuc.ro\/en\/wp-json\/wp\/v2\/media\/13197"}],"wp:attachment":[{"href":"https:\/\/editura-unibuc.ro\/en\/wp-json\/wp\/v2\/media?parent=13196"}],"wp:term":[{"taxonomy":"product_brand","embeddable":true,"href":"https:\/\/editura-unibuc.ro\/en\/wp-json\/wp\/v2\/product_brand?post=13196"},{"taxonomy":"product_cat","embeddable":true,"href":"https:\/\/editura-unibuc.ro\/en\/wp-json\/wp\/v2\/product_cat?post=13196"},{"taxonomy":"product_tag","embeddable":true,"href":"https:\/\/editura-unibuc.ro\/en\/wp-json\/wp\/v2\/product_tag?post=13196"}],"curies":[{"name":"wp","href":"https:\/\/api.w.org\/{rel}","templated":true}]}}