{"id":13199,"date":"2014-11-17T16:52:10","date_gmt":"2014-11-17T13:52:10","guid":{"rendered":"https:\/\/editura-unibuc.ro\/?p=13199"},"modified":"2016-02-18T14:26:47","modified_gmt":"2016-02-18T12:26:47","slug":"revista-de-psihopedagogie-12014-numar-special-dedicat-conferintei-internationale-seworld-classical-paradigms-and-contemporary-trends-in-special-education","status":"publish","type":"product","link":"https:\/\/editura-unibuc.ro\/en\/revista-de-psihopedagogie-12014-numar-special-dedicat-conferintei-internationale-seworld-classical-paradigms-and-contemporary-trends-in-special-education\/","title":{"rendered":"REVISTA DE PSIHOPEDAGOGIE 1\/2014, NUM\u0102R SPECIAL DEDICAT CONFERIN\u0162EI INTERNA\u0162IONALE SEWORLD \u201c CLASSICAL PARADIGMS AND CONTEMPORARY TRENDS IN SPECIAL EDUCATION\u201d"},"content":{"rendered":"<p>\u201cRevista noastr\u0103 urm\u0103re\u015fte atingerea a dou\u0103 scopuri principale \u015fi anume abordarea teoretic\u0103 a ideilor moderne din psihopedagogie, psihologie \u015fi pedagogie, a inform\u0103rii cu privire la experien\u0163ele metodologice \u00een educa\u0163ia \u015fi recuperarea copiilor cu dificult\u0103\u0163i de dezvoltare, iar pe de alt\u0103 parte relevarea experien\u0163elor \u015fi aspectelor originale \u00een urma practicilor \u015fcolare \u015fi a investiga\u0163iilor efectuate de c\u0103tre autorii articolelor.\u201d<\/p>\n","protected":false},"excerpt":{"rendered":"<p>\u201cRevista noastr\u0103 urm\u0103re\u015fte atingerea a dou\u0103 scopuri principale \u015fi anume abordarea teoretic\u0103 a ideilor moderne din psihopedagogie, psihologie \u015fi pedagogie, a inform\u0103rii cu privire la experien\u0163ele metodologice \u00een educa\u0163ia \u015fi recuperarea copiilor cu dificult\u0103\u0163i de dezvoltare, iar pe de alt\u0103 parte relevarea experien\u0163elor \u015fi aspectelor originale \u00een urma practicilor \u015fcolare \u015fi a investiga\u0163iilor efectuate de [&hellip;]<\/p>\n","protected":false},"featured_media":13200,"comment_status":"open","ping_status":"closed","template":"","meta":[],"product_brand":[],"product_cat":[1469,1893,991,997],"product_tag":[1040,1041,1042],"class_list":{"0":"post-13199","1":"product","2":"type-product","3":"status-publish","4":"has-post-thumbnail","6":"product_cat-periodice","7":"product_cat-reviste-academice","8":"product_cat-stiinte-sociale","9":"product_cat-psihologie-stiintele-educatiei-si-pedagogie","10":"product_tag-conferinta","11":"product_tag-psihopedagogie","12":"product_tag-revista","14":"first","15":"instock","16":"purchasable","17":"product-type-simple"},"_links":{"self":[{"href":"https:\/\/editura-unibuc.ro\/en\/wp-json\/wp\/v2\/product\/13199","targetHints":{"allow":["GET"]}}],"collection":[{"href":"https:\/\/editura-unibuc.ro\/en\/wp-json\/wp\/v2\/product"}],"about":[{"href":"https:\/\/editura-unibuc.ro\/en\/wp-json\/wp\/v2\/types\/product"}],"replies":[{"embeddable":true,"href":"https:\/\/editura-unibuc.ro\/en\/wp-json\/wp\/v2\/comments?post=13199"}],"wp:featuredmedia":[{"embeddable":true,"href":"https:\/\/editura-unibuc.ro\/en\/wp-json\/wp\/v2\/media\/13200"}],"wp:attachment":[{"href":"https:\/\/editura-unibuc.ro\/en\/wp-json\/wp\/v2\/media?parent=13199"}],"wp:term":[{"taxonomy":"product_brand","embeddable":true,"href":"https:\/\/editura-unibuc.ro\/en\/wp-json\/wp\/v2\/product_brand?post=13199"},{"taxonomy":"product_cat","embeddable":true,"href":"https:\/\/editura-unibuc.ro\/en\/wp-json\/wp\/v2\/product_cat?post=13199"},{"taxonomy":"product_tag","embeddable":true,"href":"https:\/\/editura-unibuc.ro\/en\/wp-json\/wp\/v2\/product_tag?post=13199"}],"curies":[{"name":"wp","href":"https:\/\/api.w.org\/{rel}","templated":true}]}}