{"id":13202,"date":"2014-11-17T16:53:37","date_gmt":"2014-11-17T13:53:37","guid":{"rendered":"https:\/\/editura-unibuc.ro\/?p=13202"},"modified":"2025-08-07T11:21:35","modified_gmt":"2025-08-07T08:21:35","slug":"sociologia-miscarilor-sociale-studii-de-caz","status":"publish","type":"product","link":"https:\/\/editura-unibuc.ro\/en\/sociologia-miscarilor-sociale-studii-de-caz\/","title":{"rendered":"SOCIOLOGY OF SOCIAL MOVEMENTS: CASE STUDIES"},"content":{"rendered":"<p>\u201cMi\u015fc\u0103rile de protest ale anilor 1960 au deschis \u00een \u015ftiin\u0163ele sociale una dintre cele mai prolifice direc\u0163ii de cercetare a ac\u0163iunii colective. Mi\u015fc\u0103rile studen\u0163e\u015fti din Europa, mi\u015fcarea pentru drepturi civile din SUA, mi\u015fc\u0103rile feministe din centrele urbane ale Americii de Nord \u015fi ale Europei de Vest, anticolonialismul din Africa \u015fi Asia, catolicismul social din America Latin\u0103 \u015fi antisovietismul cultural din Europa Central\u0103 au stimulat cercetarea social\u0103 \u015fi au generat constituirea unei noi ramuri sau discipline de studiu.\u201d<\/p>\n","protected":false},"excerpt":{"rendered":"<p>\u201cMi\u015fc\u0103rile de protest ale anilor 1960 au deschis \u00een \u015ftiin\u0163ele sociale una dintre cele mai prolifice direc\u0163ii de cercetare a ac\u0163iunii colective. Mi\u015fc\u0103rile studen\u0163e\u015fti din Europa, mi\u015fcarea pentru drepturi civile din SUA, mi\u015fc\u0103rile feministe din centrele urbane ale Americii de Nord \u015fi ale Europei de Vest, anticolonialismul din Africa \u015fi Asia, catolicismul social din America [&hellip;]<\/p>\n","protected":false},"featured_media":13203,"comment_status":"open","ping_status":"closed","template":"","meta":[],"product_brand":[],"product_cat":[991,998],"product_tag":[1038,1039],"class_list":{"0":"post-13202","1":"product","2":"type-product","3":"status-publish","4":"has-post-thumbnail","6":"product_cat-stiinte-sociale","7":"product_cat-sociologie-si-asistenta-sociala","8":"product_tag-miscari-sociale","9":"product_tag-sociologie","11":"first","12":"outofstock","13":"shipping-taxable","14":"purchasable","15":"product-type-simple"},"_links":{"self":[{"href":"https:\/\/editura-unibuc.ro\/en\/wp-json\/wp\/v2\/product\/13202","targetHints":{"allow":["GET"]}}],"collection":[{"href":"https:\/\/editura-unibuc.ro\/en\/wp-json\/wp\/v2\/product"}],"about":[{"href":"https:\/\/editura-unibuc.ro\/en\/wp-json\/wp\/v2\/types\/product"}],"replies":[{"embeddable":true,"href":"https:\/\/editura-unibuc.ro\/en\/wp-json\/wp\/v2\/comments?post=13202"}],"wp:featuredmedia":[{"embeddable":true,"href":"https:\/\/editura-unibuc.ro\/en\/wp-json\/wp\/v2\/media\/13203"}],"wp:attachment":[{"href":"https:\/\/editura-unibuc.ro\/en\/wp-json\/wp\/v2\/media?parent=13202"}],"wp:term":[{"taxonomy":"product_brand","embeddable":true,"href":"https:\/\/editura-unibuc.ro\/en\/wp-json\/wp\/v2\/product_brand?post=13202"},{"taxonomy":"product_cat","embeddable":true,"href":"https:\/\/editura-unibuc.ro\/en\/wp-json\/wp\/v2\/product_cat?post=13202"},{"taxonomy":"product_tag","embeddable":true,"href":"https:\/\/editura-unibuc.ro\/en\/wp-json\/wp\/v2\/product_tag?post=13202"}],"curies":[{"name":"wp","href":"https:\/\/api.w.org\/{rel}","templated":true}]}}