{"id":13319,"date":"2015-01-28T18:42:39","date_gmt":"2015-01-28T15:42:39","guid":{"rendered":"https:\/\/editura-unibuc.ro\/?p=13319"},"modified":"2016-11-29T11:04:11","modified_gmt":"2016-11-29T09:04:11","slug":"comunitatea-romanilor-din-spania-dimensiunile-discriminarii-si-tipurile-de-aculturatie","status":"publish","type":"product","link":"https:\/\/editura-unibuc.ro\/en\/comunitatea-romanilor-din-spania-dimensiunile-discriminarii-si-tipurile-de-aculturatie\/","title":{"rendered":"ROMANIANS IN SPAIN. DIMENSIONS OF DISCRIMINATION AND TYPES OF ACCULTURATION"},"content":{"rendered":"<p>\u201c\u00cen aceast\u0103 lucrare Cristina Ilie prezint\u0103 at\u00e2t o imagine general\u0103 asupra fenomenului migra\u0163iei rom\u00e2nilor \u00een Spania dup\u0103 1989, c\u00e2t \u015fi o analiz\u0103 detaliat\u0103 a c\u00e2torva componente esen\u0163iale ale acestui fenomen.\u201d Conf. univ. dr. Adrian Dan<\/p>\n","protected":false},"excerpt":{"rendered":"<p>\u201c\u00cen aceast\u0103 lucrare Cristina Ilie prezint\u0103 at\u00e2t o imagine general\u0103 asupra fenomenului migra\u0163iei rom\u00e2nilor \u00een Spania dup\u0103 1989, c\u00e2t \u015fi o analiz\u0103 detaliat\u0103 a c\u00e2torva componente esen\u0163iale ale acestui fenomen.\u201d Conf. univ. dr. Adrian Dan<\/p>\n","protected":false},"featured_media":13320,"comment_status":"open","ping_status":"closed","template":"","meta":[],"product_brand":[],"product_cat":[991,998],"product_tag":[1028,1029,1030],"class_list":{"0":"post-13319","1":"product","2":"type-product","3":"status-publish","4":"has-post-thumbnail","6":"product_cat-stiinte-sociale","7":"product_cat-sociologie-si-asistenta-sociala","8":"product_tag-comunitate","9":"product_tag-romani","10":"product_tag-spania","12":"first","13":"outofstock","14":"shipping-taxable","15":"purchasable","16":"product-type-simple"},"_links":{"self":[{"href":"https:\/\/editura-unibuc.ro\/en\/wp-json\/wp\/v2\/product\/13319","targetHints":{"allow":["GET"]}}],"collection":[{"href":"https:\/\/editura-unibuc.ro\/en\/wp-json\/wp\/v2\/product"}],"about":[{"href":"https:\/\/editura-unibuc.ro\/en\/wp-json\/wp\/v2\/types\/product"}],"replies":[{"embeddable":true,"href":"https:\/\/editura-unibuc.ro\/en\/wp-json\/wp\/v2\/comments?post=13319"}],"wp:featuredmedia":[{"embeddable":true,"href":"https:\/\/editura-unibuc.ro\/en\/wp-json\/wp\/v2\/media\/13320"}],"wp:attachment":[{"href":"https:\/\/editura-unibuc.ro\/en\/wp-json\/wp\/v2\/media?parent=13319"}],"wp:term":[{"taxonomy":"product_brand","embeddable":true,"href":"https:\/\/editura-unibuc.ro\/en\/wp-json\/wp\/v2\/product_brand?post=13319"},{"taxonomy":"product_cat","embeddable":true,"href":"https:\/\/editura-unibuc.ro\/en\/wp-json\/wp\/v2\/product_cat?post=13319"},{"taxonomy":"product_tag","embeddable":true,"href":"https:\/\/editura-unibuc.ro\/en\/wp-json\/wp\/v2\/product_tag?post=13319"}],"curies":[{"name":"wp","href":"https:\/\/api.w.org\/{rel}","templated":true}]}}