{"id":13323,"date":"2015-01-28T18:46:01","date_gmt":"2015-01-28T16:46:01","guid":{"rendered":"https:\/\/editura-unibuc.ro\/?p=13323"},"modified":"2024-01-15T09:00:27","modified_gmt":"2024-01-15T07:00:27","slug":"culegere-de-probleme-generale-de-termodinamica","status":"publish","type":"product","link":"https:\/\/editura-unibuc.ro\/en\/culegere-de-probleme-generale-de-termodinamica\/","title":{"rendered":"THERMODYNAMICS PROBLEMS WORKBOOK"},"content":{"rendered":"<p>\u201cPrezenta lucrare se adreseaz\u0103 \u00een primul r\u00e2nd studen\u0163ilor de la Facultatea de Fizic\u0103, anul trei, \u015fi furnizeaz\u0103 un set de 180 de probleme de termodinamica proceselor de echilibru cu rezolv\u0103ri detaliate. Ca urmare, aceast\u0103 culegere de probleme ofer\u0103 un material bogat pentru prima parte a seminarului <em>Termodinamic\u0103 \u015fi Fizic\u0103 Statistic\u0103<\/em>, fiind \u00een acela\u015fi timp o completare natural\u0103 a manualului <em>Termodinamica<\/em> a autorului prezentei lucr\u0103ri, care a ap\u0103rut \u00een 2003 la Editura Universit\u0103\u0163ii din Bucure\u015fti.\u201d<\/p>\n","protected":false},"excerpt":{"rendered":"<p>\u201cPrezenta lucrare se adreseaz\u0103 \u00een primul r\u00e2nd studen\u0163ilor de la Facultatea de Fizic\u0103, anul trei, \u015fi furnizeaz\u0103 un set de 180 de probleme de termodinamica proceselor de echilibru cu rezolv\u0103ri detaliate. Ca urmare, aceast\u0103 culegere de probleme ofer\u0103 un material bogat pentru prima parte a seminarului Termodinamic\u0103 \u015fi Fizic\u0103 Statistic\u0103, fiind \u00een acela\u015fi timp o [&hellip;]<\/p>\n","protected":false},"featured_media":13324,"comment_status":"open","ping_status":"closed","template":"","meta":[],"product_brand":[],"product_cat":[982,984],"product_tag":[1026,1004],"class_list":{"0":"post-13323","1":"product","2":"type-product","3":"status-publish","4":"has-post-thumbnail","6":"product_cat-stiinte-exacte","7":"product_cat-fizica","8":"product_tag-culegere","9":"product_tag-termodinamica","11":"first","12":"outofstock","13":"shipping-taxable","14":"purchasable","15":"product-type-simple"},"_links":{"self":[{"href":"https:\/\/editura-unibuc.ro\/en\/wp-json\/wp\/v2\/product\/13323","targetHints":{"allow":["GET"]}}],"collection":[{"href":"https:\/\/editura-unibuc.ro\/en\/wp-json\/wp\/v2\/product"}],"about":[{"href":"https:\/\/editura-unibuc.ro\/en\/wp-json\/wp\/v2\/types\/product"}],"replies":[{"embeddable":true,"href":"https:\/\/editura-unibuc.ro\/en\/wp-json\/wp\/v2\/comments?post=13323"}],"wp:featuredmedia":[{"embeddable":true,"href":"https:\/\/editura-unibuc.ro\/en\/wp-json\/wp\/v2\/media\/13324"}],"wp:attachment":[{"href":"https:\/\/editura-unibuc.ro\/en\/wp-json\/wp\/v2\/media?parent=13323"}],"wp:term":[{"taxonomy":"product_brand","embeddable":true,"href":"https:\/\/editura-unibuc.ro\/en\/wp-json\/wp\/v2\/product_brand?post=13323"},{"taxonomy":"product_cat","embeddable":true,"href":"https:\/\/editura-unibuc.ro\/en\/wp-json\/wp\/v2\/product_cat?post=13323"},{"taxonomy":"product_tag","embeddable":true,"href":"https:\/\/editura-unibuc.ro\/en\/wp-json\/wp\/v2\/product_tag?post=13323"}],"curies":[{"name":"wp","href":"https:\/\/api.w.org\/{rel}","templated":true}]}}