{"id":13329,"date":"2015-01-28T18:56:42","date_gmt":"2015-01-28T15:56:42","guid":{"rendered":"https:\/\/editura-unibuc.ro\/?p=13329"},"modified":"2025-08-06T11:42:02","modified_gmt":"2025-08-06T08:42:02","slug":"democratie-si-statolatrie-crestinismul-social-la-bartolomeu-stanescu-episcopul-ramnicului-noului-severin-1875-1954","status":"publish","type":"product","link":"https:\/\/editura-unibuc.ro\/en\/democratie-si-statolatrie-crestinismul-social-la-bartolomeu-stanescu-episcopul-ramnicului-noului-severin-1875-1954\/","title":{"rendered":"DEMOCRACY AND STATOLATRY: SOCIAL CHRISTIANITY AS SEEN BY BARTOLOMEU STANESCU, THE BISHOP OF RAMNICUL NOULUI SEVERIN (1875-1954)"},"content":{"rendered":"<p>\u201cCartea pe care i-o consacr\u0103 C\u0103t\u0103lin Raiu lui Bartolomeu St\u0103nescu, constituie la modul cel mai propriu \u015fi solid o monografie, gen al literaturii academice aflat oarecum \u00een declin, cel pu\u0163in \u00een c\u00e2mpul \u015ftiin\u0163elor sociale. Fire\u015fte, avem de-a face cu o monografie intelectual\u0103, \u00een care reperele istorice \u015fi biografice nu sunt, \u00een ultim\u0103 analiz\u0103, dec\u00e2t trupul, \u00eencarnarea unei idei.\u201d Daniel Barbu<\/p>\n","protected":false},"excerpt":{"rendered":"<p>\u201cCartea pe care i-o consacr\u0103 C\u0103t\u0103lin Raiu lui Bartolomeu St\u0103nescu, constituie la modul cel mai propriu \u015fi solid o monografie, gen al literaturii academice aflat oarecum \u00een declin, cel pu\u0163in \u00een c\u00e2mpul \u015ftiin\u0163elor sociale. Fire\u015fte, avem de-a face cu o monografie intelectual\u0103, \u00een care reperele istorice \u015fi biografice nu sunt, \u00een ultim\u0103 analiz\u0103, dec\u00e2t trupul, [&hellip;]<\/p>\n","protected":false},"featured_media":13330,"comment_status":"open","ping_status":"closed","template":"","meta":[],"product_brand":[],"product_cat":[991,995,999],"product_tag":[1023,1024,1025],"class_list":{"0":"post-13329","1":"product","2":"type-product","3":"status-publish","4":"has-post-thumbnail","6":"product_cat-stiinte-sociale","7":"product_cat-istorie-stiinte-politice","8":"product_cat-teologie","9":"product_tag-crestinism","10":"product_tag-democratie","11":"product_tag-episcop","13":"first","14":"instock","15":"shipping-taxable","16":"purchasable","17":"product-type-simple"},"_links":{"self":[{"href":"https:\/\/editura-unibuc.ro\/en\/wp-json\/wp\/v2\/product\/13329","targetHints":{"allow":["GET"]}}],"collection":[{"href":"https:\/\/editura-unibuc.ro\/en\/wp-json\/wp\/v2\/product"}],"about":[{"href":"https:\/\/editura-unibuc.ro\/en\/wp-json\/wp\/v2\/types\/product"}],"replies":[{"embeddable":true,"href":"https:\/\/editura-unibuc.ro\/en\/wp-json\/wp\/v2\/comments?post=13329"}],"wp:featuredmedia":[{"embeddable":true,"href":"https:\/\/editura-unibuc.ro\/en\/wp-json\/wp\/v2\/media\/13330"}],"wp:attachment":[{"href":"https:\/\/editura-unibuc.ro\/en\/wp-json\/wp\/v2\/media?parent=13329"}],"wp:term":[{"taxonomy":"product_brand","embeddable":true,"href":"https:\/\/editura-unibuc.ro\/en\/wp-json\/wp\/v2\/product_brand?post=13329"},{"taxonomy":"product_cat","embeddable":true,"href":"https:\/\/editura-unibuc.ro\/en\/wp-json\/wp\/v2\/product_cat?post=13329"},{"taxonomy":"product_tag","embeddable":true,"href":"https:\/\/editura-unibuc.ro\/en\/wp-json\/wp\/v2\/product_tag?post=13329"}],"curies":[{"name":"wp","href":"https:\/\/api.w.org\/{rel}","templated":true}]}}