{"id":13335,"date":"2015-01-28T19:01:01","date_gmt":"2015-01-28T16:01:01","guid":{"rendered":"https:\/\/editura-unibuc.ro\/?p=13335"},"modified":"2019-10-11T11:23:47","modified_gmt":"2019-10-11T08:23:47","slug":"english-for-students-in-theology","status":"publish","type":"product","link":"https:\/\/editura-unibuc.ro\/en\/english-for-students-in-theology\/","title":{"rendered":"ENGLISH FOR STUDENTS IN THEOLOGY"},"content":{"rendered":"<p>\u201cLucrarea English for Students in Theology este destinat\u0103 studen\u0163ilor facult\u0103\u0163ilor de Teologie \u015fi este un instrument util pentru studiul limbii engleze destinat tuturor celor care doresc s\u0103 aprofundeze terminologia religioas\u0103 \u00een limba englez\u0103.\u201d<\/p>\n","protected":false},"excerpt":{"rendered":"<p>\u201cLucrarea English for Students in Theology este destinat\u0103 studen\u0163ilor facult\u0103\u0163ilor de Teologie \u015fi este un instrument util pentru studiul limbii engleze destinat tuturor celor care doresc s\u0103 aprofundeze terminologia religioas\u0103 \u00een limba englez\u0103.\u201d<\/p>\n","protected":false},"featured_media":13336,"comment_status":"open","ping_status":"closed","template":"","meta":[],"product_brand":[],"product_cat":[1464,976,999],"product_tag":[1020,1021],"class_list":{"0":"post-13335","1":"product","2":"type-product","3":"status-publish","4":"has-post-thumbnail","6":"product_cat-filologie","7":"product_cat-limba-engleza","8":"product_cat-teologie","9":"product_tag-english","10":"product_tag-teologie","12":"first","13":"outofstock","14":"shipping-taxable","15":"purchasable","16":"product-type-simple"},"_links":{"self":[{"href":"https:\/\/editura-unibuc.ro\/en\/wp-json\/wp\/v2\/product\/13335","targetHints":{"allow":["GET"]}}],"collection":[{"href":"https:\/\/editura-unibuc.ro\/en\/wp-json\/wp\/v2\/product"}],"about":[{"href":"https:\/\/editura-unibuc.ro\/en\/wp-json\/wp\/v2\/types\/product"}],"replies":[{"embeddable":true,"href":"https:\/\/editura-unibuc.ro\/en\/wp-json\/wp\/v2\/comments?post=13335"}],"wp:featuredmedia":[{"embeddable":true,"href":"https:\/\/editura-unibuc.ro\/en\/wp-json\/wp\/v2\/media\/13336"}],"wp:attachment":[{"href":"https:\/\/editura-unibuc.ro\/en\/wp-json\/wp\/v2\/media?parent=13335"}],"wp:term":[{"taxonomy":"product_brand","embeddable":true,"href":"https:\/\/editura-unibuc.ro\/en\/wp-json\/wp\/v2\/product_brand?post=13335"},{"taxonomy":"product_cat","embeddable":true,"href":"https:\/\/editura-unibuc.ro\/en\/wp-json\/wp\/v2\/product_cat?post=13335"},{"taxonomy":"product_tag","embeddable":true,"href":"https:\/\/editura-unibuc.ro\/en\/wp-json\/wp\/v2\/product_tag?post=13335"}],"curies":[{"name":"wp","href":"https:\/\/api.w.org\/{rel}","templated":true}]}}