{"id":13347,"date":"2015-01-28T19:07:06","date_gmt":"2015-01-28T16:07:06","guid":{"rendered":"https:\/\/editura-unibuc.ro\/?p=13347"},"modified":"2019-10-31T14:30:10","modified_gmt":"2019-10-31T12:30:10","slug":"latina-diplomatica-in-tarile-romane-secolele-xiii-xvi-studiu-lingvistic-si-documente-comentate","status":"publish","type":"product","link":"https:\/\/editura-unibuc.ro\/en\/latina-diplomatica-in-tarile-romane-secolele-xiii-xvi-studiu-lingvistic-si-documente-comentate\/","title":{"rendered":"DIPLOMATIC LATIN IN THE ROMANIAN HISTORICAL REGIONS: (XIII-XVI CENTURIES): LINGUISTIC STUDY AND ANALYZED DOCUMENTS"},"content":{"rendered":"<p>\u201cTematica latinei diplomatice este deopotriv\u0103 generoas\u0103, larg abordat\u0103 \u00een literatur\u0103 de specialitate \u015fi aflat\u0103 \u00een aten\u0163ia cercet\u0103torilor din prezent. Inserarea \u00een aceast\u0103 direc\u0163ie de cercetare, cu o tradi\u0163ie bogat\u0103 \u015fi contribu\u0163ii \u00eensemnate care continu\u0103 s\u0103 apar\u0103 cu o frecven\u0163\u0103 remarcabil\u0103, a unui studiu al limbii de cancelarie din \u0162\u0103rile Rom\u00e2ne este o demonstra\u0163ie conving\u0103toare a integr\u0103rii europene a acestui spa\u0163iu cultural, \u00een care latina \u00ee\u015fi dezv\u0103luie calit\u0103\u0163ile unei realit\u0103\u0163i lingvistice ce se poate adapta schimb\u0103rilor, f\u0103r\u0103 \u00eens\u0103 a \u00eenceta s\u0103 fie recognoscibil\u0103 \u00een perspectiva descenden\u0163ei sale clasice.\u201d Prof. univ. dr. Ioana Costa<\/p>\n","protected":false},"excerpt":{"rendered":"<p>\u201cTematica latinei diplomatice este deopotriv\u0103 generoas\u0103, larg abordat\u0103 \u00een literatur\u0103 de specialitate \u015fi aflat\u0103 \u00een aten\u0163ia cercet\u0103torilor din prezent. Inserarea \u00een aceast\u0103 direc\u0163ie de cercetare, cu o tradi\u0163ie bogat\u0103 \u015fi contribu\u0163ii \u00eensemnate care continu\u0103 s\u0103 apar\u0103 cu o frecven\u0163\u0103 remarcabil\u0103, a unui studiu al limbii de cancelarie din \u0162\u0103rile Rom\u00e2ne este o demonstra\u0163ie conving\u0103toare a [&hellip;]<\/p>\n","protected":false},"featured_media":13348,"comment_status":"open","ping_status":"closed","template":"","meta":[],"product_brand":[],"product_cat":[856],"product_tag":[964,941,965],"class_list":{"0":"post-13347","1":"product","2":"type-product","3":"status-publish","4":"has-post-thumbnail","6":"product_cat-colectia-lci-limbi-culturi-identitati","7":"product_tag-diplomatie","8":"product_tag-latina","9":"product_tag-lci","11":"first","12":"instock","13":"shipping-taxable","14":"purchasable","15":"product-type-simple"},"_links":{"self":[{"href":"https:\/\/editura-unibuc.ro\/en\/wp-json\/wp\/v2\/product\/13347","targetHints":{"allow":["GET"]}}],"collection":[{"href":"https:\/\/editura-unibuc.ro\/en\/wp-json\/wp\/v2\/product"}],"about":[{"href":"https:\/\/editura-unibuc.ro\/en\/wp-json\/wp\/v2\/types\/product"}],"replies":[{"embeddable":true,"href":"https:\/\/editura-unibuc.ro\/en\/wp-json\/wp\/v2\/comments?post=13347"}],"wp:featuredmedia":[{"embeddable":true,"href":"https:\/\/editura-unibuc.ro\/en\/wp-json\/wp\/v2\/media\/13348"}],"wp:attachment":[{"href":"https:\/\/editura-unibuc.ro\/en\/wp-json\/wp\/v2\/media?parent=13347"}],"wp:term":[{"taxonomy":"product_brand","embeddable":true,"href":"https:\/\/editura-unibuc.ro\/en\/wp-json\/wp\/v2\/product_brand?post=13347"},{"taxonomy":"product_cat","embeddable":true,"href":"https:\/\/editura-unibuc.ro\/en\/wp-json\/wp\/v2\/product_cat?post=13347"},{"taxonomy":"product_tag","embeddable":true,"href":"https:\/\/editura-unibuc.ro\/en\/wp-json\/wp\/v2\/product_tag?post=13347"}],"curies":[{"name":"wp","href":"https:\/\/api.w.org\/{rel}","templated":true}]}}