{"id":13350,"date":"2015-01-28T19:08:28","date_gmt":"2015-01-28T16:08:28","guid":{"rendered":"https:\/\/editura-unibuc.ro\/?p=13350"},"modified":"2019-11-13T12:44:25","modified_gmt":"2019-11-13T10:44:25","slug":"limba-romana-diacronie-si-sincronie-vol-i","status":"publish","type":"product","link":"https:\/\/editura-unibuc.ro\/en\/limba-romana-diacronie-si-sincronie-vol-i\/","title":{"rendered":"ROMANIAN LANGUAGE: DIACHRONY AND SYNCHRONY, VOL.I"},"content":{"rendered":"<p>\u201cUrm\u00e2nd o tradi\u0163ie deja consolidat\u0103, \u00een zilele de 13 \u015fi 14 decembrie 2013 a avut loc al 13-lea Colocviu interna\u0163ional organizat de Departamentul de Lingvistic\u0103 \u015fi de Centrul de Lingvistic\u0103 Teoretic\u0103 \u015fi aplicat\u0103 din Facultatea de Litere a Universit\u0103\u0163ii din Bucure\u015fti. Cei aproximativ 150 de participan\u0163i au \u0163inut comunic\u0103ri \u00een sec\u0163iunile Gramatic\u0103, Pragmatic\u0103 \u015fi stilistic\u0103, Lexicologie, Semantic\u0103, Terminologii, Istoria limbii \u015fi filologie, Fonetic\u0103 \u015fi fonologie, Didactica limbii rom\u00e2ne ca limb\u0103 str\u0103in\u0103, Didactica limbii \u015fi literaturii rom\u00e2ne ca limb\u0103 matern\u0103.\u201d<\/p>\n","protected":false},"excerpt":{"rendered":"<p>\u201cUrm\u00e2nd o tradi\u0163ie deja consolidat\u0103, \u00een zilele de 13 \u015fi 14 decembrie 2013 a avut loc al 13-lea Colocviu interna\u0163ional organizat de Departamentul de Lingvistic\u0103 \u015fi de Centrul de Lingvistic\u0103 Teoretic\u0103 \u015fi aplicat\u0103 din Facultatea de Litere a Universit\u0103\u0163ii din Bucure\u015fti. Cei aproximativ 150 de participan\u0163i au \u0163inut comunic\u0103ri \u00een sec\u0163iunile Gramatic\u0103, Pragmatic\u0103 \u015fi stilistic\u0103, [&hellip;]<\/p>\n","protected":false},"featured_media":13351,"comment_status":"open","ping_status":"closed","template":"","meta":[],"product_brand":[],"product_cat":[1464,979],"product_tag":[1010,1011,1012],"class_list":{"0":"post-13350","1":"product","2":"type-product","3":"status-publish","4":"has-post-thumbnail","6":"product_cat-filologie","7":"product_cat-limba-romana","8":"product_tag-diacronie","9":"product_tag-limba-romana","10":"product_tag-sincronie","12":"first","13":"instock","14":"shipping-taxable","15":"purchasable","16":"product-type-simple"},"_links":{"self":[{"href":"https:\/\/editura-unibuc.ro\/en\/wp-json\/wp\/v2\/product\/13350","targetHints":{"allow":["GET"]}}],"collection":[{"href":"https:\/\/editura-unibuc.ro\/en\/wp-json\/wp\/v2\/product"}],"about":[{"href":"https:\/\/editura-unibuc.ro\/en\/wp-json\/wp\/v2\/types\/product"}],"replies":[{"embeddable":true,"href":"https:\/\/editura-unibuc.ro\/en\/wp-json\/wp\/v2\/comments?post=13350"}],"wp:featuredmedia":[{"embeddable":true,"href":"https:\/\/editura-unibuc.ro\/en\/wp-json\/wp\/v2\/media\/13351"}],"wp:attachment":[{"href":"https:\/\/editura-unibuc.ro\/en\/wp-json\/wp\/v2\/media?parent=13350"}],"wp:term":[{"taxonomy":"product_brand","embeddable":true,"href":"https:\/\/editura-unibuc.ro\/en\/wp-json\/wp\/v2\/product_brand?post=13350"},{"taxonomy":"product_cat","embeddable":true,"href":"https:\/\/editura-unibuc.ro\/en\/wp-json\/wp\/v2\/product_cat?post=13350"},{"taxonomy":"product_tag","embeddable":true,"href":"https:\/\/editura-unibuc.ro\/en\/wp-json\/wp\/v2\/product_tag?post=13350"}],"curies":[{"name":"wp","href":"https:\/\/api.w.org\/{rel}","templated":true}]}}