{"id":13356,"date":"2015-01-28T19:11:50","date_gmt":"2015-01-28T16:11:50","guid":{"rendered":"https:\/\/editura-unibuc.ro\/?p=13356"},"modified":"2015-03-11T21:03:43","modified_gmt":"2015-03-11T19:03:43","slug":"metode-de-aproximatie-in-teoria-cuantica-a-sistemelor-de-particule-identice","status":"publish","type":"product","link":"https:\/\/editura-unibuc.ro\/en\/metode-de-aproximatie-in-teoria-cuantica-a-sistemelor-de-particule-identice\/","title":{"rendered":"APPROXIMATION METHODS IN QUANTUM THEORY OF IDENTICAL PARTICLES SYSTEMS"},"content":{"rendered":"<p>\u201cPrezenta lucrare se adreseaz\u0103 \u00een primul r\u00e2nd studen\u0163ilor de la masterat (studii aprofundate), sectia <em>Fizic\u0103 teoretic\u0103<\/em> \u015fi, de asemenea, doctoranzilor. <em>Teoria cuantic\u0103 a sistemelor de particule identice <\/em>este unul dintre principalele domenii ale fizicii teoretice moderne, deoarece acest domeniu este fundamental pentru teoria st\u0103rii condensate \u015fi pentru teoria nucleului atomic.\u201d<\/p>\n","protected":false},"excerpt":{"rendered":"<p>\u201cPrezenta lucrare se adreseaz\u0103 \u00een primul r\u00e2nd studen\u0163ilor de la masterat (studii aprofundate), sectia Fizic\u0103 teoretic\u0103 \u015fi, de asemenea, doctoranzilor. Teoria cuantic\u0103 a sistemelor de particule identice este unul dintre principalele domenii ale fizicii teoretice moderne, deoarece acest domeniu este fundamental pentru teoria st\u0103rii condensate \u015fi pentru teoria nucleului atomic.\u201d<\/p>\n","protected":false},"featured_media":13357,"comment_status":"open","ping_status":"closed","template":"","meta":[],"product_brand":[],"product_cat":[982,984],"product_tag":[908,1008,1009],"class_list":{"0":"post-13356","1":"product","2":"type-product","3":"status-publish","4":"has-post-thumbnail","6":"product_cat-stiinte-exacte","7":"product_cat-fizica","8":"product_tag-fizica","9":"product_tag-fizica-cuantica","10":"product_tag-ilie-parvu","12":"first","13":"instock","14":"shipping-taxable","15":"purchasable","16":"product-type-simple"},"_links":{"self":[{"href":"https:\/\/editura-unibuc.ro\/en\/wp-json\/wp\/v2\/product\/13356","targetHints":{"allow":["GET"]}}],"collection":[{"href":"https:\/\/editura-unibuc.ro\/en\/wp-json\/wp\/v2\/product"}],"about":[{"href":"https:\/\/editura-unibuc.ro\/en\/wp-json\/wp\/v2\/types\/product"}],"replies":[{"embeddable":true,"href":"https:\/\/editura-unibuc.ro\/en\/wp-json\/wp\/v2\/comments?post=13356"}],"wp:featuredmedia":[{"embeddable":true,"href":"https:\/\/editura-unibuc.ro\/en\/wp-json\/wp\/v2\/media\/13357"}],"wp:attachment":[{"href":"https:\/\/editura-unibuc.ro\/en\/wp-json\/wp\/v2\/media?parent=13356"}],"wp:term":[{"taxonomy":"product_brand","embeddable":true,"href":"https:\/\/editura-unibuc.ro\/en\/wp-json\/wp\/v2\/product_brand?post=13356"},{"taxonomy":"product_cat","embeddable":true,"href":"https:\/\/editura-unibuc.ro\/en\/wp-json\/wp\/v2\/product_cat?post=13356"},{"taxonomy":"product_tag","embeddable":true,"href":"https:\/\/editura-unibuc.ro\/en\/wp-json\/wp\/v2\/product_tag?post=13356"}],"curies":[{"name":"wp","href":"https:\/\/api.w.org\/{rel}","templated":true}]}}