{"id":13359,"date":"2015-01-28T19:13:35","date_gmt":"2015-01-28T16:13:35","guid":{"rendered":"https:\/\/editura-unibuc.ro\/?p=13359"},"modified":"2015-03-11T21:00:28","modified_gmt":"2015-03-11T19:00:28","slug":"modalitati-de-lucru-utilizate-in-studiul-limbii-si-literaturii-romane","status":"publish","type":"product","link":"https:\/\/editura-unibuc.ro\/en\/modalitati-de-lucru-utilizate-in-studiul-limbii-si-literaturii-romane\/","title":{"rendered":"TEACHING METHODS USED FOR THE STUDY OF ROMANIAN LANGUAGE AND LITERATURE"},"content":{"rendered":"<p>\u201cLucrarea de fa\u0163\u0103 reprezint\u0103 un <em>ghid pentru formarea cadrelor didactice<\/em> \u00een direc\u0163ia realiz\u0103rii pred\u0103rii-\u00eenv\u0103\u0163\u0103rii citit-scrisului la clasele mici. Acesta ofer\u0103 solu\u0163ii curriculare \u015fi didactice u\u015for de preluat \u015fi aplicat \u00een practica deciziilor curriculare \u015fi \u00een practica didactic\u0103.\u201d<\/p>\n","protected":false},"excerpt":{"rendered":"<p>\u201cLucrarea de fa\u0163\u0103 reprezint\u0103 un ghid pentru formarea cadrelor didactice \u00een direc\u0163ia realiz\u0103rii pred\u0103rii-\u00eenv\u0103\u0163\u0103rii citit-scrisului la clasele mici. Acesta ofer\u0103 solu\u0163ii curriculare \u015fi didactice u\u015for de preluat \u015fi aplicat \u00een practica deciziilor curriculare \u015fi \u00een practica didactic\u0103.\u201d<\/p>\n","protected":false},"featured_media":13360,"comment_status":"open","ping_status":"closed","template":"","meta":[],"product_brand":[],"product_cat":[1464,979],"product_tag":[1005,1006,919,1007],"class_list":{"0":"post-13359","1":"product","2":"type-product","3":"status-publish","4":"has-post-thumbnail","6":"product_cat-filologie","7":"product_cat-limba-romana","8":"product_tag-didactica","9":"product_tag-limba-lomana","10":"product_tag-literatura","11":"product_tag-studiu","13":"first","14":"instock","15":"shipping-taxable","16":"purchasable","17":"product-type-simple"},"_links":{"self":[{"href":"https:\/\/editura-unibuc.ro\/en\/wp-json\/wp\/v2\/product\/13359","targetHints":{"allow":["GET"]}}],"collection":[{"href":"https:\/\/editura-unibuc.ro\/en\/wp-json\/wp\/v2\/product"}],"about":[{"href":"https:\/\/editura-unibuc.ro\/en\/wp-json\/wp\/v2\/types\/product"}],"replies":[{"embeddable":true,"href":"https:\/\/editura-unibuc.ro\/en\/wp-json\/wp\/v2\/comments?post=13359"}],"wp:featuredmedia":[{"embeddable":true,"href":"https:\/\/editura-unibuc.ro\/en\/wp-json\/wp\/v2\/media\/13360"}],"wp:attachment":[{"href":"https:\/\/editura-unibuc.ro\/en\/wp-json\/wp\/v2\/media?parent=13359"}],"wp:term":[{"taxonomy":"product_brand","embeddable":true,"href":"https:\/\/editura-unibuc.ro\/en\/wp-json\/wp\/v2\/product_brand?post=13359"},{"taxonomy":"product_cat","embeddable":true,"href":"https:\/\/editura-unibuc.ro\/en\/wp-json\/wp\/v2\/product_cat?post=13359"},{"taxonomy":"product_tag","embeddable":true,"href":"https:\/\/editura-unibuc.ro\/en\/wp-json\/wp\/v2\/product_tag?post=13359"}],"curies":[{"name":"wp","href":"https:\/\/api.w.org\/{rel}","templated":true}]}}