{"id":13366,"date":"2015-01-28T19:16:58","date_gmt":"2015-01-28T16:16:58","guid":{"rendered":"https:\/\/editura-unibuc.ro\/?p=13366"},"modified":"2024-04-11T11:33:05","modified_gmt":"2024-04-11T08:33:05","slug":"curs-practic-de-matematica-superioara-2","status":"publish","type":"product","link":"https:\/\/editura-unibuc.ro\/en\/curs-practic-de-matematica-superioara-2\/","title":{"rendered":"PRACTICAL COURSE OF HIGHER MATHEMATICS"},"content":{"rendered":"<p>\u201cLucrarea de fa\u0163\u0103 cuprinde \u00eentr-o prezentare unitar\u0103, \u00een prima parte, elementele de baz\u0103 ale ecua\u0163iilor deferen\u0163iale de ordinul \u00eent\u00e2i \u015fi ordine superioare, ale sistemelor de ecua\u0163ii diferen\u0163iale, ecua\u0163iilor cu derivate par\u0163iale de ordinul \u00eent\u00e2i \u015fi ale aplica\u0163iilor acestora \u00een probleme practice. Partea a doua este rezervat\u0103 studiului func\u0163iilor complexe cu aplica\u0163ii ale acestora.\u201d<\/p>\n","protected":false},"excerpt":{"rendered":"<p>\u201cLucrarea de fa\u0163\u0103 cuprinde \u00eentr-o prezentare unitar\u0103, \u00een prima parte, elementele de baz\u0103 ale ecua\u0163iilor deferen\u0163iale de ordinul \u00eent\u00e2i \u015fi ordine superioare, ale sistemelor de ecua\u0163ii diferen\u0163iale, ecua\u0163iilor cu derivate par\u0163iale de ordinul \u00eent\u00e2i \u015fi ale aplica\u0163iilor acestora \u00een probleme practice. Partea a doua este rezervat\u0103 studiului func\u0163iilor complexe cu aplica\u0163ii ale acestora.\u201d<\/p>\n","protected":false},"featured_media":13367,"comment_status":"open","ping_status":"closed","template":"","meta":[],"product_brand":[],"product_cat":[982,986],"product_tag":[1002,1003],"class_list":{"0":"post-13366","1":"product","2":"type-product","3":"status-publish","4":"has-post-thumbnail","6":"product_cat-stiinte-exacte","7":"product_cat-matematica","8":"product_tag-curs-practic","9":"product_tag-matematica-superioara","11":"first","12":"instock","13":"shipping-taxable","14":"purchasable","15":"product-type-simple"},"_links":{"self":[{"href":"https:\/\/editura-unibuc.ro\/en\/wp-json\/wp\/v2\/product\/13366","targetHints":{"allow":["GET"]}}],"collection":[{"href":"https:\/\/editura-unibuc.ro\/en\/wp-json\/wp\/v2\/product"}],"about":[{"href":"https:\/\/editura-unibuc.ro\/en\/wp-json\/wp\/v2\/types\/product"}],"replies":[{"embeddable":true,"href":"https:\/\/editura-unibuc.ro\/en\/wp-json\/wp\/v2\/comments?post=13366"}],"wp:featuredmedia":[{"embeddable":true,"href":"https:\/\/editura-unibuc.ro\/en\/wp-json\/wp\/v2\/media\/13367"}],"wp:attachment":[{"href":"https:\/\/editura-unibuc.ro\/en\/wp-json\/wp\/v2\/media?parent=13366"}],"wp:term":[{"taxonomy":"product_brand","embeddable":true,"href":"https:\/\/editura-unibuc.ro\/en\/wp-json\/wp\/v2\/product_brand?post=13366"},{"taxonomy":"product_cat","embeddable":true,"href":"https:\/\/editura-unibuc.ro\/en\/wp-json\/wp\/v2\/product_cat?post=13366"},{"taxonomy":"product_tag","embeddable":true,"href":"https:\/\/editura-unibuc.ro\/en\/wp-json\/wp\/v2\/product_tag?post=13366"}],"curies":[{"name":"wp","href":"https:\/\/api.w.org\/{rel}","templated":true}]}}