{"id":13442,"date":"2015-03-13T18:13:50","date_gmt":"2015-03-13T16:13:50","guid":{"rendered":"https:\/\/editura-unibuc.ro\/?post_type=product&#038;p=13442"},"modified":"2020-05-21T10:45:35","modified_gmt":"2020-05-21T07:45:35","slug":"schituri-si-chilii-romanesti-la-muntele-athos-partea-ii-documente-1852-1943","status":"publish","type":"product","link":"https:\/\/editura-unibuc.ro\/en\/schituri-si-chilii-romanesti-la-muntele-athos-partea-ii-documente-1852-1943\/","title":{"rendered":"ROMANIAN CHURCHES AND HERMITAGES ON MOUNT ATHOS. PART II. DOCUMENTS (1852-1943)"},"content":{"rendered":"<p>Documentele athonite atest\u0103 prezen\u021ba elementului rom\u00e2nesc la Muntele Athos \u00eenc\u0103 din secolul al IX-lea, prin prezen\u021ba vlahilor sud-dun\u0103reni (a arom\u00e2nilor). Din a doua jum\u0103tate a secolului al XIV-lea, documentele \u00eencep s\u0103 ateste daniile domnitorilor rom\u00e2ni, dar \u0219i existen\u021ba la Sf\u00e2ntul Munte a unor monahi rom\u00e2ni. Num\u0103rul monahilor rom\u00e2ni athoni\u021bi a sporit \u00een timp, \u00eenregistr\u00e2ndu-se la sf\u00e2r\u0219itul secolului al XVIII-lea \u0219i \u00eenceputul secolului al XIXlea un proces de afirmare a vie\u021bii monahale la Sf\u00e2ntul Munte. Ei au vie\u021buit al\u0103turi de c\u0103lug\u0103rii greci, ru\u0219i, bulgari, s\u00e2rbi sau \u00een chilii \u0219i colibe proprii. La mijlocul secolului al XVIII-lea, ei au pus bazele schitului rom\u00e2nesc Lacu, pe mo\u0219ia m\u00e2n\u0103stirii Sf\u00e2ntul Pavel, iar la mijlocul secolului al XIX-lea se ridica din temelii schitul rom\u00e2nesc Prodrom, pe mo\u0219ia m\u00e2n\u0103stirii Lavra. Pentru \u00eentocmirea lucr\u0103rii de fa\u021b\u0103 au fost studiate \u0219i selec\u021bionate documentele inedite cele mai semnificative, \u00een scopul contur\u0103rii evolu\u021biei a\u0219ez\u0103mintelor religioase rom\u00e2ne\u0219ti de la Muntele Athos, \u00eencep\u00e2nd cu \u00eenfiin\u021barea schiturilor Lacu \u0219i Prodrom p\u00e2n\u0103 \u00een anul 1943. \u00cen volum sunt integrate \u0219i un num\u0103r de 46 de documente (edite) din cele dou\u0103 volume \u0218coli \u0219i biserici rom\u00e2ne\u0219ti din Peninsula Balcanic\u0103 (Editura Universit\u0103\u021bii din Bucure\u0219ti, 2004-2006).<\/p>\n","protected":false},"excerpt":{"rendered":"<p>Documentele athonite atest\u0103 prezen\u021ba elementului rom\u00e2nesc la Muntele Athos \u00eenc\u0103 din secolul al IX-lea, prin prezen\u021ba vlahilor sud-dun\u0103reni (a arom\u00e2nilor). Din a doua jum\u0103tate a secolului al XIV-lea, documentele \u00eencep s\u0103 ateste daniile domnitorilor rom\u00e2ni, dar \u0219i existen\u021ba la Sf\u00e2ntul Munte a unor monahi rom\u00e2ni. Num\u0103rul monahilor rom\u00e2ni athoni\u021bi a sporit \u00een timp, \u00eenregistr\u00e2ndu-se la [&hellip;]<\/p>\n","protected":false},"featured_media":10262,"comment_status":"open","ping_status":"closed","template":"","meta":[],"product_brand":[],"product_cat":[991,995],"product_tag":[881,1329,1067],"class_list":{"0":"post-13442","1":"product","2":"type-product","3":"status-publish","4":"has-post-thumbnail","6":"product_cat-stiinte-sociale","7":"product_cat-istorie-stiinte-politice","8":"product_tag-istorie","9":"product_tag-muntele-athos","10":"product_tag-religie","12":"first","13":"instock","14":"shipping-taxable","15":"purchasable","16":"product-type-simple"},"_links":{"self":[{"href":"https:\/\/editura-unibuc.ro\/en\/wp-json\/wp\/v2\/product\/13442","targetHints":{"allow":["GET"]}}],"collection":[{"href":"https:\/\/editura-unibuc.ro\/en\/wp-json\/wp\/v2\/product"}],"about":[{"href":"https:\/\/editura-unibuc.ro\/en\/wp-json\/wp\/v2\/types\/product"}],"replies":[{"embeddable":true,"href":"https:\/\/editura-unibuc.ro\/en\/wp-json\/wp\/v2\/comments?post=13442"}],"wp:featuredmedia":[{"embeddable":true,"href":"https:\/\/editura-unibuc.ro\/en\/wp-json\/wp\/v2\/media\/10262"}],"wp:attachment":[{"href":"https:\/\/editura-unibuc.ro\/en\/wp-json\/wp\/v2\/media?parent=13442"}],"wp:term":[{"taxonomy":"product_brand","embeddable":true,"href":"https:\/\/editura-unibuc.ro\/en\/wp-json\/wp\/v2\/product_brand?post=13442"},{"taxonomy":"product_cat","embeddable":true,"href":"https:\/\/editura-unibuc.ro\/en\/wp-json\/wp\/v2\/product_cat?post=13442"},{"taxonomy":"product_tag","embeddable":true,"href":"https:\/\/editura-unibuc.ro\/en\/wp-json\/wp\/v2\/product_tag?post=13442"}],"curies":[{"name":"wp","href":"https:\/\/api.w.org\/{rel}","templated":true}]}}