{"id":13520,"date":"2015-03-14T22:39:03","date_gmt":"2015-03-14T20:39:03","guid":{"rendered":"https:\/\/editura-unibuc.ro\/?post_type=product&#038;p=13520"},"modified":"2024-09-16T09:28:01","modified_gmt":"2024-09-16T06:28:01","slug":"introducere-in-psihoterapie","status":"publish","type":"product","link":"https:\/\/editura-unibuc.ro\/en\/introducere-in-psihoterapie\/","title":{"rendered":"INTRODUCTION TO PSYCHOTHERAPY"},"content":{"rendered":"<p>\u201cCartea con\u0163ine o sintez\u0103 succint\u0103 \u015fi clar\u0103 a principalelor forme de psihoterapie \u015fi ofer\u0103 studen\u0163ilor \u015fi celor interesa\u0163i de domeniu un ghid orientativ, accesibil \u015fi util pentru viitoarea lor carier\u0103 profesional\u0103 suger\u00e2nd \u00een acela\u015fi timp \u015fi posibile direc\u0163ii pentru lucr\u0103ri viitoare.\u201d <\/p>\n<p>Prof. Univ. Dr. Doru-Vlad Popovici<\/p>\n","protected":false},"excerpt":{"rendered":"<p>\u201cCartea con\u0163ine o sintez\u0103 succint\u0103 \u015fi clar\u0103 a principalelor forme de psihoterapie \u015fi ofer\u0103 studen\u0163ilor \u015fi celor interesa\u0163i de domeniu un ghid orientativ, accesibil \u015fi util pentru viitoarea lor carier\u0103 profesional\u0103 suger\u00e2nd \u00een acela\u015fi timp \u015fi posibile direc\u0163ii pentru lucr\u0103ri viitoare.\u201d Prof. Univ. Dr. Doru-Vlad Popovici<\/p>\n","protected":false},"featured_media":13522,"comment_status":"open","ping_status":"closed","template":"","meta":[],"product_brand":[],"product_cat":[991,997],"product_tag":[1311,1433,1434],"class_list":{"0":"post-13520","1":"product","2":"type-product","3":"status-publish","4":"has-post-thumbnail","6":"product_cat-stiinte-sociale","7":"product_cat-psihologie-stiintele-educatiei-si-pedagogie","8":"product_tag-psihoterapie","9":"product_tag-teorie-cognitiva","10":"product_tag-terapii-de-familie","12":"first","13":"outofstock","14":"shipping-taxable","15":"purchasable","16":"product-type-simple"},"_links":{"self":[{"href":"https:\/\/editura-unibuc.ro\/en\/wp-json\/wp\/v2\/product\/13520","targetHints":{"allow":["GET"]}}],"collection":[{"href":"https:\/\/editura-unibuc.ro\/en\/wp-json\/wp\/v2\/product"}],"about":[{"href":"https:\/\/editura-unibuc.ro\/en\/wp-json\/wp\/v2\/types\/product"}],"replies":[{"embeddable":true,"href":"https:\/\/editura-unibuc.ro\/en\/wp-json\/wp\/v2\/comments?post=13520"}],"wp:featuredmedia":[{"embeddable":true,"href":"https:\/\/editura-unibuc.ro\/en\/wp-json\/wp\/v2\/media\/13522"}],"wp:attachment":[{"href":"https:\/\/editura-unibuc.ro\/en\/wp-json\/wp\/v2\/media?parent=13520"}],"wp:term":[{"taxonomy":"product_brand","embeddable":true,"href":"https:\/\/editura-unibuc.ro\/en\/wp-json\/wp\/v2\/product_brand?post=13520"},{"taxonomy":"product_cat","embeddable":true,"href":"https:\/\/editura-unibuc.ro\/en\/wp-json\/wp\/v2\/product_cat?post=13520"},{"taxonomy":"product_tag","embeddable":true,"href":"https:\/\/editura-unibuc.ro\/en\/wp-json\/wp\/v2\/product_tag?post=13520"}],"curies":[{"name":"wp","href":"https:\/\/api.w.org\/{rel}","templated":true}]}}