{"id":13523,"date":"2015-03-14T22:45:52","date_gmt":"2015-03-14T20:45:52","guid":{"rendered":"https:\/\/editura-unibuc.ro\/?post_type=product&#038;p=13523"},"modified":"2024-04-10T09:51:15","modified_gmt":"2024-04-10T06:51:15","slug":"ghid-de-conversatie-roman-slovac","status":"publish","type":"product","link":"https:\/\/editura-unibuc.ro\/en\/ghid-de-conversatie-roman-slovac\/","title":{"rendered":"ROMANIAN-SLOVAK PHRASEBOOK"},"content":{"rendered":"<p>\u201cLucrarea se adreseaz\u0103 tuturor celor care doresc s\u0103 comunice cu vorbitorii de limb\u0103 slovac\u0103. Aceasta con\u0163ine expresii \u015fi fraze apar\u0163in\u00e2nd limbajului uzual, folosite frecvent \u00een via\u0163a cotidian\u0103, axate pe o mare varietate de teme de conversa\u0163ie, formul\u0103ri curente standard, exprim\u0103ri \u015fi cli\u015fee lingvistice specifice cu caracter idiomatic.\u201d<\/p>\n","protected":false},"excerpt":{"rendered":"<p>\u201cLucrarea se adreseaz\u0103 tuturor celor care doresc s\u0103 comunice cu vorbitorii de limb\u0103 slovac\u0103. Aceasta con\u0163ine expresii \u015fi fraze apar\u0163in\u00e2nd limbajului uzual, folosite frecvent \u00een via\u0163a cotidian\u0103, axate pe o mare varietate de teme de conversa\u0163ie, formul\u0103ri curente standard, exprim\u0103ri \u015fi cli\u015fee lingvistice specifice cu caracter idiomatic.\u201d<\/p>\n","protected":false},"featured_media":13524,"comment_status":"open","ping_status":"closed","template":"","meta":[],"product_brand":[],"product_cat":[1464,981],"product_tag":[1435,1436,940],"class_list":{"0":"post-13523","1":"product","2":"type-product","3":"status-publish","4":"has-post-thumbnail","6":"product_cat-filologie","7":"product_cat-limbi-slave","8":"product_tag-expresii-uzuale","9":"product_tag-pronuntie","10":"product_tag-slovaca","12":"first","13":"instock","14":"shipping-taxable","15":"purchasable","16":"product-type-simple"},"_links":{"self":[{"href":"https:\/\/editura-unibuc.ro\/en\/wp-json\/wp\/v2\/product\/13523","targetHints":{"allow":["GET"]}}],"collection":[{"href":"https:\/\/editura-unibuc.ro\/en\/wp-json\/wp\/v2\/product"}],"about":[{"href":"https:\/\/editura-unibuc.ro\/en\/wp-json\/wp\/v2\/types\/product"}],"replies":[{"embeddable":true,"href":"https:\/\/editura-unibuc.ro\/en\/wp-json\/wp\/v2\/comments?post=13523"}],"wp:featuredmedia":[{"embeddable":true,"href":"https:\/\/editura-unibuc.ro\/en\/wp-json\/wp\/v2\/media\/13524"}],"wp:attachment":[{"href":"https:\/\/editura-unibuc.ro\/en\/wp-json\/wp\/v2\/media?parent=13523"}],"wp:term":[{"taxonomy":"product_brand","embeddable":true,"href":"https:\/\/editura-unibuc.ro\/en\/wp-json\/wp\/v2\/product_brand?post=13523"},{"taxonomy":"product_cat","embeddable":true,"href":"https:\/\/editura-unibuc.ro\/en\/wp-json\/wp\/v2\/product_cat?post=13523"},{"taxonomy":"product_tag","embeddable":true,"href":"https:\/\/editura-unibuc.ro\/en\/wp-json\/wp\/v2\/product_tag?post=13523"}],"curies":[{"name":"wp","href":"https:\/\/api.w.org\/{rel}","templated":true}]}}