{"id":13525,"date":"2015-03-14T22:48:59","date_gmt":"2015-03-14T20:48:59","guid":{"rendered":"https:\/\/editura-unibuc.ro\/?post_type=product&#038;p=13525"},"modified":"2025-04-30T12:35:38","modified_gmt":"2025-04-30T09:35:38","slug":"marea-britanie-intre-uniunea-europeana-si-statele-unite","status":"publish","type":"product","link":"https:\/\/editura-unibuc.ro\/en\/marea-britanie-intre-uniunea-europeana-si-statele-unite\/","title":{"rendered":"UK BETWEEN THE EUROPEAN UNION AND THE UNITED STATES"},"content":{"rendered":"<p>\u201c\u00centr-un limbaj de comunicare direct\u0103 \u015fi plin\u0103 de nuan\u0163e, autorul ne aduce pe masa noastr\u0103 de lucru o tem\u0103 european\u0103 \u015fi \u00een acela\u015fi timp global\u0103, cu multe, foarte multe lu\u0103ri de pozi\u0163ie deopotriv\u0103 interesante \u015fi actuale.\u201d<\/p>\n<p>Prof. Univ. Dr. Ion Bulei<\/p>\n","protected":false},"excerpt":{"rendered":"<p>\u201c\u00centr-un limbaj de comunicare direct\u0103 \u015fi plin\u0103 de nuan\u0163e, autorul ne aduce pe masa noastr\u0103 de lucru o tem\u0103 european\u0103 \u015fi \u00een acela\u015fi timp global\u0103, cu multe, foarte multe lu\u0103ri de pozi\u0163ie deopotriv\u0103 interesante \u015fi actuale.\u201d Prof. Univ. Dr. Ion Bulei<\/p>\n","protected":false},"featured_media":13526,"comment_status":"open","ping_status":"closed","template":"","meta":[],"product_brand":[],"product_cat":[991,995],"product_tag":[1438,1437,1428],"class_list":{"0":"post-13525","1":"product","2":"type-product","3":"status-publish","4":"has-post-thumbnail","6":"product_cat-stiinte-sociale","7":"product_cat-istorie-stiinte-politice","8":"product_tag-john-major","9":"product_tag-margaret-thatcher","10":"product_tag-uniunea-europeana","12":"first","13":"outofstock","14":"shipping-taxable","15":"purchasable","16":"product-type-simple"},"_links":{"self":[{"href":"https:\/\/editura-unibuc.ro\/en\/wp-json\/wp\/v2\/product\/13525","targetHints":{"allow":["GET"]}}],"collection":[{"href":"https:\/\/editura-unibuc.ro\/en\/wp-json\/wp\/v2\/product"}],"about":[{"href":"https:\/\/editura-unibuc.ro\/en\/wp-json\/wp\/v2\/types\/product"}],"replies":[{"embeddable":true,"href":"https:\/\/editura-unibuc.ro\/en\/wp-json\/wp\/v2\/comments?post=13525"}],"wp:featuredmedia":[{"embeddable":true,"href":"https:\/\/editura-unibuc.ro\/en\/wp-json\/wp\/v2\/media\/13526"}],"wp:attachment":[{"href":"https:\/\/editura-unibuc.ro\/en\/wp-json\/wp\/v2\/media?parent=13525"}],"wp:term":[{"taxonomy":"product_brand","embeddable":true,"href":"https:\/\/editura-unibuc.ro\/en\/wp-json\/wp\/v2\/product_brand?post=13525"},{"taxonomy":"product_cat","embeddable":true,"href":"https:\/\/editura-unibuc.ro\/en\/wp-json\/wp\/v2\/product_cat?post=13525"},{"taxonomy":"product_tag","embeddable":true,"href":"https:\/\/editura-unibuc.ro\/en\/wp-json\/wp\/v2\/product_tag?post=13525"}],"curies":[{"name":"wp","href":"https:\/\/api.w.org\/{rel}","templated":true}]}}