{"id":13532,"date":"2015-03-14T22:59:25","date_gmt":"2015-03-14T20:59:25","guid":{"rendered":"https:\/\/editura-unibuc.ro\/?post_type=product&#038;p=13532"},"modified":"2016-11-23T14:01:04","modified_gmt":"2016-11-23T12:01:04","slug":"lexicul-afectivitatii-si-poezia-romaneasca-din-secolul-xx","status":"publish","type":"product","link":"https:\/\/editura-unibuc.ro\/en\/lexicul-afectivitatii-si-poezia-romaneasca-din-secolul-xx\/","title":{"rendered":"ROMANIAN LEXICAL AFFECTION AND POETRY OF THE TWENTIETH CENTURY"},"content":{"rendered":"<p>\u201cPoezia rom\u00e2neasc\u0103 din secolul XX nu face altceva dec\u00e2t s\u0103 continue o lung\u0103 tradi\u0163ie, ce urc\u0103 p\u00e2n\u0103 \u00een Antichitatea greco-roman\u0103. Examin\u00e2nd lexicul afectivit\u0103\u0163ii \u00een versurile principalilor poe\u0163i rom\u00e2ni ai acestui secol, descriem c\u00e2\u0163iva dintre st\u00e2lpii de sus\u0163inere ai edificiului poetic \u00een general \u2013 de la noi \u015fi de aiurea.\u201d<\/p>\n","protected":false},"excerpt":{"rendered":"<p>\u201cPoezia rom\u00e2neasc\u0103 din secolul XX nu face altceva dec\u00e2t s\u0103 continue o lung\u0103 tradi\u0163ie, ce urc\u0103 p\u00e2n\u0103 \u00een Antichitatea greco-roman\u0103. Examin\u00e2nd lexicul afectivit\u0103\u0163ii \u00een versurile principalilor poe\u0163i rom\u00e2ni ai acestui secol, descriem c\u00e2\u0163iva dintre st\u00e2lpii de sus\u0163inere ai edificiului poetic \u00een general \u2013 de la noi \u015fi de aiurea.\u201d<\/p>\n","protected":false},"featured_media":13533,"comment_status":"open","ping_status":"closed","template":"","meta":[],"product_brand":[],"product_cat":[1464,979],"product_tag":[1447,1446,1444,1443,1445],"class_list":{"0":"post-13532","1":"product","2":"type-product","3":"status-publish","4":"has-post-thumbnail","6":"product_cat-filologie","7":"product_cat-limba-romana","8":"product_tag-campuri-semantice","9":"product_tag-fericire","10":"product_tag-suferinta","11":"product_tag-tristete","12":"product_tag-veselie","14":"first","15":"outofstock","16":"shipping-taxable","17":"purchasable","18":"product-type-simple"},"_links":{"self":[{"href":"https:\/\/editura-unibuc.ro\/en\/wp-json\/wp\/v2\/product\/13532","targetHints":{"allow":["GET"]}}],"collection":[{"href":"https:\/\/editura-unibuc.ro\/en\/wp-json\/wp\/v2\/product"}],"about":[{"href":"https:\/\/editura-unibuc.ro\/en\/wp-json\/wp\/v2\/types\/product"}],"replies":[{"embeddable":true,"href":"https:\/\/editura-unibuc.ro\/en\/wp-json\/wp\/v2\/comments?post=13532"}],"wp:featuredmedia":[{"embeddable":true,"href":"https:\/\/editura-unibuc.ro\/en\/wp-json\/wp\/v2\/media\/13533"}],"wp:attachment":[{"href":"https:\/\/editura-unibuc.ro\/en\/wp-json\/wp\/v2\/media?parent=13532"}],"wp:term":[{"taxonomy":"product_brand","embeddable":true,"href":"https:\/\/editura-unibuc.ro\/en\/wp-json\/wp\/v2\/product_brand?post=13532"},{"taxonomy":"product_cat","embeddable":true,"href":"https:\/\/editura-unibuc.ro\/en\/wp-json\/wp\/v2\/product_cat?post=13532"},{"taxonomy":"product_tag","embeddable":true,"href":"https:\/\/editura-unibuc.ro\/en\/wp-json\/wp\/v2\/product_tag?post=13532"}],"curies":[{"name":"wp","href":"https:\/\/api.w.org\/{rel}","templated":true}]}}