{"id":13534,"date":"2015-03-14T23:02:26","date_gmt":"2015-03-14T21:02:26","guid":{"rendered":"https:\/\/editura-unibuc.ro\/?post_type=product&#038;p=13534"},"modified":"2024-05-13T12:46:23","modified_gmt":"2024-05-13T09:46:23","slug":"repere-revista-de-stiintele-educatiei-vol-7-nr-22013","status":"publish","type":"product","link":"https:\/\/editura-unibuc.ro\/en\/repere-revista-de-stiintele-educatiei-vol-7-nr-22013\/","title":{"rendered":"LANDMARKS. REVIEW OF EDUCATIONAL SCIENCES. VOL. 7, NO. 2\/2013"},"content":{"rendered":"<p>Din cuprins: Emil P\u0103un, <em>Reflexivitatea \u2013 component\u0103 a profesionaliz\u0103rii pentru cariera didactic\u0103<\/em>; Cristina Opri\u015f, <em>\u015ecoala \u2013 factor al integr\u0103rii tinerilor pe pia\u0163a muncii<\/em>; Cristina Georgeta Pielmu\u015f, <em>O perspectiv\u0103 teoretic\u0103 asupra factorilor determinan\u0163i ai comportamentului organiza\u0163ional cu referire la contextul educa\u0163ional<\/em>; Georgeta Ion, <em>Evaluarea cercet\u0103rii \u015ftiin\u0163ifice la nivel universitar. Tendin\u0163e actuale<\/em>; Maria Alexe, <em>Rolul educa\u0163iei timpurii \u00een formarea unei perspective de gen corecte<\/em>; Victori\u0163a Trif, <em>Accep\u0163iuni ale managementului clasei de elevi. O meta-analiz\u0103<\/em>; Maria Alexe \u015fi Beatrice Alm\u0103\u015fan, <em>Aspecte etice \u015fi standarde profesionale \u00een formarea tutorilor pentru \u00eenv\u0103\u0163\u0103m\u00e2ntul la distan\u0163\u0103<\/em>; Beatrice Alm\u0103\u015fan \u015fi Ani\u015foara Dumitrache, <em>O perspectiv\u0103 teoretic\u0103, reflexiv\u0103 \u015fi experien\u0163ial\u0103 asupra portalului ARASAAC<\/em>; interviu al C\u0103t\u0103linei Ulrich cu profesorul emerit Lilian Katz.<\/p>\n","protected":false},"excerpt":{"rendered":"<p>Din cuprins: Emil P\u0103un, Reflexivitatea \u2013 component\u0103 a profesionaliz\u0103rii pentru cariera didactic\u0103; Cristina Opri\u015f, \u015ecoala \u2013 factor al integr\u0103rii tinerilor pe pia\u0163a muncii; Cristina Georgeta Pielmu\u015f, O perspectiv\u0103 teoretic\u0103 asupra factorilor determinan\u0163i ai comportamentului organiza\u0163ional cu referire la contextul educa\u0163ional; Georgeta Ion, Evaluarea cercet\u0103rii \u015ftiin\u0163ifice la nivel universitar. Tendin\u0163e actuale; Maria Alexe, Rolul educa\u0163iei timpurii [&hellip;]<\/p>\n","protected":false},"featured_media":13535,"comment_status":"open","ping_status":"closed","template":"","meta":[],"product_brand":[],"product_cat":[1469,1893,991,997],"product_tag":[1450,1448,1449],"class_list":{"0":"post-13534","1":"product","2":"type-product","3":"status-publish","4":"has-post-thumbnail","6":"product_cat-periodice","7":"product_cat-reviste-academice","8":"product_cat-stiinte-sociale","9":"product_cat-psihologie-stiintele-educatiei-si-pedagogie","10":"product_tag-cariera-didactica","11":"product_tag-reflexivitate","12":"product_tag-rolul-educatiei","14":"first","15":"outofstock","16":"purchasable","17":"product-type-simple"},"_links":{"self":[{"href":"https:\/\/editura-unibuc.ro\/en\/wp-json\/wp\/v2\/product\/13534","targetHints":{"allow":["GET"]}}],"collection":[{"href":"https:\/\/editura-unibuc.ro\/en\/wp-json\/wp\/v2\/product"}],"about":[{"href":"https:\/\/editura-unibuc.ro\/en\/wp-json\/wp\/v2\/types\/product"}],"replies":[{"embeddable":true,"href":"https:\/\/editura-unibuc.ro\/en\/wp-json\/wp\/v2\/comments?post=13534"}],"wp:featuredmedia":[{"embeddable":true,"href":"https:\/\/editura-unibuc.ro\/en\/wp-json\/wp\/v2\/media\/13535"}],"wp:attachment":[{"href":"https:\/\/editura-unibuc.ro\/en\/wp-json\/wp\/v2\/media?parent=13534"}],"wp:term":[{"taxonomy":"product_brand","embeddable":true,"href":"https:\/\/editura-unibuc.ro\/en\/wp-json\/wp\/v2\/product_brand?post=13534"},{"taxonomy":"product_cat","embeddable":true,"href":"https:\/\/editura-unibuc.ro\/en\/wp-json\/wp\/v2\/product_cat?post=13534"},{"taxonomy":"product_tag","embeddable":true,"href":"https:\/\/editura-unibuc.ro\/en\/wp-json\/wp\/v2\/product_tag?post=13534"}],"curies":[{"name":"wp","href":"https:\/\/api.w.org\/{rel}","templated":true}]}}