{"id":13536,"date":"2015-03-14T23:05:04","date_gmt":"2015-03-14T21:05:04","guid":{"rendered":"https:\/\/editura-unibuc.ro\/?post_type=product&#038;p=13536"},"modified":"2019-03-26T10:50:32","modified_gmt":"2019-03-26T08:50:32","slug":"otomani-si-turci-ipostaze-si-valente-identitare","status":"publish","type":"product","link":"https:\/\/editura-unibuc.ro\/en\/otomani-si-turci-ipostaze-si-valente-identitare\/","title":{"rendered":"OTTOMANS AND TURKS: HYPOSTASES AND IDENTITY VALENCES"},"content":{"rendered":"<p>\u201cStudiile reunite \u00een acest volum, inspirate de preocup\u0103ri personale mai vechi sau mai noi \u00een domeniul turcologiei, li se adreseaz\u0103 deopotriv\u0103 studen\u0163ilor, masteranzilor, doctoranzilor \u015fi celor interesa\u0163i de diversele ipostaze ale civiliza\u0163iei \u015fi culturii turce de-a lungul timpului.\u201d<\/p>\n","protected":false},"excerpt":{"rendered":"<p>\u201cStudiile reunite \u00een acest volum, inspirate de preocup\u0103ri personale mai vechi sau mai noi \u00een domeniul turcologiei, li se adreseaz\u0103 deopotriv\u0103 studen\u0163ilor, masteranzilor, doctoranzilor \u015fi celor interesa\u0163i de diversele ipostaze ale civiliza\u0163iei \u015fi culturii turce de-a lungul timpului.\u201d<\/p>\n","protected":false},"featured_media":13537,"comment_status":"open","ping_status":"closed","template":"","meta":[],"product_brand":[],"product_cat":[991,995],"product_tag":[1451,1452],"class_list":{"0":"post-13536","1":"product","2":"type-product","3":"status-publish","4":"has-post-thumbnail","6":"product_cat-stiinte-sociale","7":"product_cat-istorie-stiinte-politice","8":"product_tag-civilizatie-turca","9":"product_tag-turcologie","11":"first","12":"outofstock","13":"shipping-taxable","14":"purchasable","15":"product-type-simple"},"_links":{"self":[{"href":"https:\/\/editura-unibuc.ro\/en\/wp-json\/wp\/v2\/product\/13536","targetHints":{"allow":["GET"]}}],"collection":[{"href":"https:\/\/editura-unibuc.ro\/en\/wp-json\/wp\/v2\/product"}],"about":[{"href":"https:\/\/editura-unibuc.ro\/en\/wp-json\/wp\/v2\/types\/product"}],"replies":[{"embeddable":true,"href":"https:\/\/editura-unibuc.ro\/en\/wp-json\/wp\/v2\/comments?post=13536"}],"wp:featuredmedia":[{"embeddable":true,"href":"https:\/\/editura-unibuc.ro\/en\/wp-json\/wp\/v2\/media\/13537"}],"wp:attachment":[{"href":"https:\/\/editura-unibuc.ro\/en\/wp-json\/wp\/v2\/media?parent=13536"}],"wp:term":[{"taxonomy":"product_brand","embeddable":true,"href":"https:\/\/editura-unibuc.ro\/en\/wp-json\/wp\/v2\/product_brand?post=13536"},{"taxonomy":"product_cat","embeddable":true,"href":"https:\/\/editura-unibuc.ro\/en\/wp-json\/wp\/v2\/product_cat?post=13536"},{"taxonomy":"product_tag","embeddable":true,"href":"https:\/\/editura-unibuc.ro\/en\/wp-json\/wp\/v2\/product_tag?post=13536"}],"curies":[{"name":"wp","href":"https:\/\/api.w.org\/{rel}","templated":true}]}}