{"id":13538,"date":"2015-03-14T23:07:31","date_gmt":"2015-03-14T21:07:31","guid":{"rendered":"https:\/\/editura-unibuc.ro\/?post_type=product&#038;p=13538"},"modified":"2015-03-14T23:07:31","modified_gmt":"2015-03-14T21:07:31","slug":"comunitatile-religioase-din-anticul-bet-shean-scythopolis","status":"publish","type":"product","link":"https:\/\/editura-unibuc.ro\/en\/comunitatile-religioase-din-anticul-bet-shean-scythopolis\/","title":{"rendered":"ANCIENT RELIGIOUS COMMUNITIES OF BET SHEAN (SCYTHOPOLIS)"},"content":{"rendered":"<p>\u201cPrezenta lucrare, o versiune a tezei de doctorat, sus\u0163inut\u0103 \u00een 2011, contribuie la o mai bun\u0103 cunoa\u015ftere a rela\u0163iilor intercomunitare stabilite \u00een anticul Scythopolis, din Israel. Au fost analizate surse literare \u015fi arheologice privind comunit\u0103\u0163ile religioase extrem de diverse.\u201d<\/p>\n","protected":false},"excerpt":{"rendered":"<p>\u201cPrezenta lucrare, o versiune a tezei de doctorat, sus\u0163inut\u0103 \u00een 2011, contribuie la o mai bun\u0103 cunoa\u015ftere a rela\u0163iilor intercomunitare stabilite \u00een anticul Scythopolis, din Israel. Au fost analizate surse literare \u015fi arheologice privind comunit\u0103\u0163ile religioase extrem de diverse.\u201d<\/p>\n","protected":false},"featured_media":13539,"comment_status":"open","ping_status":"closed","template":"","meta":[],"product_brand":[],"product_cat":[991,995],"product_tag":[942,934,1453],"class_list":{"0":"post-13538","1":"product","2":"type-product","3":"status-publish","4":"has-post-thumbnail","6":"product_cat-stiinte-sociale","7":"product_cat-istorie-stiinte-politice","8":"product_tag-antichitate","9":"product_tag-arheologie","10":"product_tag-comunitati-religioase","12":"first","13":"instock","14":"shipping-taxable","15":"purchasable","16":"product-type-simple"},"_links":{"self":[{"href":"https:\/\/editura-unibuc.ro\/en\/wp-json\/wp\/v2\/product\/13538","targetHints":{"allow":["GET"]}}],"collection":[{"href":"https:\/\/editura-unibuc.ro\/en\/wp-json\/wp\/v2\/product"}],"about":[{"href":"https:\/\/editura-unibuc.ro\/en\/wp-json\/wp\/v2\/types\/product"}],"replies":[{"embeddable":true,"href":"https:\/\/editura-unibuc.ro\/en\/wp-json\/wp\/v2\/comments?post=13538"}],"wp:featuredmedia":[{"embeddable":true,"href":"https:\/\/editura-unibuc.ro\/en\/wp-json\/wp\/v2\/media\/13539"}],"wp:attachment":[{"href":"https:\/\/editura-unibuc.ro\/en\/wp-json\/wp\/v2\/media?parent=13538"}],"wp:term":[{"taxonomy":"product_brand","embeddable":true,"href":"https:\/\/editura-unibuc.ro\/en\/wp-json\/wp\/v2\/product_brand?post=13538"},{"taxonomy":"product_cat","embeddable":true,"href":"https:\/\/editura-unibuc.ro\/en\/wp-json\/wp\/v2\/product_cat?post=13538"},{"taxonomy":"product_tag","embeddable":true,"href":"https:\/\/editura-unibuc.ro\/en\/wp-json\/wp\/v2\/product_tag?post=13538"}],"curies":[{"name":"wp","href":"https:\/\/api.w.org\/{rel}","templated":true}]}}