{"id":13540,"date":"2015-03-14T23:09:59","date_gmt":"2015-03-14T21:09:59","guid":{"rendered":"https:\/\/editura-unibuc.ro\/?post_type=product&#038;p=13540"},"modified":"2019-11-13T12:17:39","modified_gmt":"2019-11-13T10:17:39","slug":"neograeca-bucurestensia-vol-3-in-honorem-jacques-bouchard","status":"publish","type":"product","link":"https:\/\/editura-unibuc.ro\/en\/neograeca-bucurestensia-vol-3-in-honorem-jacques-bouchard\/","title":{"rendered":"NEOGRAECA BUCURESTENSIA. VOL. 3: IN HONOREM JACQUES BOUCHARD"},"content":{"rendered":"<p>\u201cVolumul de fa\u0163\u0103 este \u00eenchinat elenistului Canadian Jacques Bouchard, profesor la Universitatea din Montreal, la \u00eemplinirea v\u00e2rstei de \u015faptezeci \u015fi cinci de ani. Pe l\u00e2ng\u0103 materialele menite s\u0103 contureze personalitatea celui s\u0103rb\u0103torit, acesta reune\u015fte \u015fapte conferin\u0163e sus\u0163inute \u00een cadrul sec\u0163iei de limba \u015fi literatura neogreac\u0103 a Universit\u0103\u0163ii din Bucure\u015fti de c\u0103tre reputa\u0163i profesori provenind de la universit\u0103\u0163i din \u015fase \u0163\u0103ri.\u201d<\/p>\n","protected":false},"excerpt":{"rendered":"<p>\u201cVolumul de fa\u0163\u0103 este \u00eenchinat elenistului Canadian Jacques Bouchard, profesor la Universitatea din Montreal, la \u00eemplinirea v\u00e2rstei de \u015faptezeci \u015fi cinci de ani. Pe l\u00e2ng\u0103 materialele menite s\u0103 contureze personalitatea celui s\u0103rb\u0103torit, acesta reune\u015fte \u015fapte conferin\u0163e sus\u0163inute \u00een cadrul sec\u0163iei de limba \u015fi literatura neogreac\u0103 a Universit\u0103\u0163ii din Bucure\u015fti de c\u0103tre reputa\u0163i profesori provenind de [&hellip;]<\/p>\n","protected":false},"featured_media":13541,"comment_status":"open","ping_status":"closed","template":"","meta":[],"product_brand":[],"product_cat":[1464,980],"product_tag":[1454,1456,1455],"class_list":{"0":"post-13540","1":"product","2":"type-product","3":"status-publish","4":"has-post-thumbnail","6":"product_cat-filologie","7":"product_cat-limbi-romanice-clasice-si-orientale","8":"product_tag-fanarioti","9":"product_tag-odiseu","10":"product_tag-opere-antice","12":"first","13":"instock","14":"shipping-taxable","15":"purchasable","16":"product-type-simple"},"_links":{"self":[{"href":"https:\/\/editura-unibuc.ro\/en\/wp-json\/wp\/v2\/product\/13540","targetHints":{"allow":["GET"]}}],"collection":[{"href":"https:\/\/editura-unibuc.ro\/en\/wp-json\/wp\/v2\/product"}],"about":[{"href":"https:\/\/editura-unibuc.ro\/en\/wp-json\/wp\/v2\/types\/product"}],"replies":[{"embeddable":true,"href":"https:\/\/editura-unibuc.ro\/en\/wp-json\/wp\/v2\/comments?post=13540"}],"wp:featuredmedia":[{"embeddable":true,"href":"https:\/\/editura-unibuc.ro\/en\/wp-json\/wp\/v2\/media\/13541"}],"wp:attachment":[{"href":"https:\/\/editura-unibuc.ro\/en\/wp-json\/wp\/v2\/media?parent=13540"}],"wp:term":[{"taxonomy":"product_brand","embeddable":true,"href":"https:\/\/editura-unibuc.ro\/en\/wp-json\/wp\/v2\/product_brand?post=13540"},{"taxonomy":"product_cat","embeddable":true,"href":"https:\/\/editura-unibuc.ro\/en\/wp-json\/wp\/v2\/product_cat?post=13540"},{"taxonomy":"product_tag","embeddable":true,"href":"https:\/\/editura-unibuc.ro\/en\/wp-json\/wp\/v2\/product_tag?post=13540"}],"curies":[{"name":"wp","href":"https:\/\/api.w.org\/{rel}","templated":true}]}}