{"id":13542,"date":"2015-03-14T23:12:26","date_gmt":"2015-03-14T21:12:26","guid":{"rendered":"https:\/\/editura-unibuc.ro\/?post_type=product&#038;p=13542"},"modified":"2025-08-07T10:42:28","modified_gmt":"2025-08-07T07:42:28","slug":"repere-revista-de-stiintele-educatiei-vol-8-nr-12014","status":"publish","type":"product","link":"https:\/\/editura-unibuc.ro\/en\/repere-revista-de-stiintele-educatiei-vol-8-nr-12014\/","title":{"rendered":"LANDMARKS. REVIEW OF EDUCATIONAL SCIENCES. VOL. 8, NO. 1\/2014"},"content":{"rendered":"<p>Din cuprins: Ecaterina Vr\u0103\u015fma\u015f, Liviu Manea, Traian Vr\u0103\u015fma\u015f, <em>Studiu privind legisla\u0163ia referitoare la educa\u0163ia copiilor cu dizabilit\u0103\u015fi \u015fi alte cerin\u0163e educa\u0163ionale speciale (CES) din perspectiva educa\u0163iei incluzive<\/em>; Ioana Tinela Huza, <em>Medierea conflictelor \u00een context intercultural din perspectiva unui profesor de limbi \u015fi literaturi str\u0103ine<\/em>; Melanie Scott Taylor, <em>Proiect de inovare cu tablete PIT1 \u00een educa\u0163ia copiilor de 3-6 ani<\/em>. \u015ei altele<\/p>\n","protected":false},"excerpt":{"rendered":"<p>Din cuprins: Ecaterina Vr\u0103\u015fma\u015f, Liviu Manea, Traian Vr\u0103\u015fma\u015f, Studiu privind legisla\u0163ia referitoare la educa\u0163ia copiilor cu dizabilit\u0103\u015fi \u015fi alte cerin\u0163e educa\u0163ionale speciale (CES) din perspectiva educa\u0163iei incluzive; Ioana Tinela Huza, Medierea conflictelor \u00een context intercultural din perspectiva unui profesor de limbi \u015fi literaturi str\u0103ine; Melanie Scott Taylor, Proiect de inovare cu tablete PIT1 \u00een educa\u0163ia [&hellip;]<\/p>\n","protected":false},"featured_media":13543,"comment_status":"open","ping_status":"closed","template":"","meta":[],"product_brand":[],"product_cat":[1469,1893,991,997],"product_tag":[1457,1458],"class_list":{"0":"post-13542","1":"product","2":"type-product","3":"status-publish","4":"has-post-thumbnail","6":"product_cat-periodice","7":"product_cat-reviste-academice","8":"product_cat-stiinte-sociale","9":"product_cat-psihologie-stiintele-educatiei-si-pedagogie","10":"product_tag-educatia-copiilor","11":"product_tag-sistem-educational","13":"first","14":"instock","15":"purchasable","16":"product-type-simple"},"_links":{"self":[{"href":"https:\/\/editura-unibuc.ro\/en\/wp-json\/wp\/v2\/product\/13542","targetHints":{"allow":["GET"]}}],"collection":[{"href":"https:\/\/editura-unibuc.ro\/en\/wp-json\/wp\/v2\/product"}],"about":[{"href":"https:\/\/editura-unibuc.ro\/en\/wp-json\/wp\/v2\/types\/product"}],"replies":[{"embeddable":true,"href":"https:\/\/editura-unibuc.ro\/en\/wp-json\/wp\/v2\/comments?post=13542"}],"wp:featuredmedia":[{"embeddable":true,"href":"https:\/\/editura-unibuc.ro\/en\/wp-json\/wp\/v2\/media\/13543"}],"wp:attachment":[{"href":"https:\/\/editura-unibuc.ro\/en\/wp-json\/wp\/v2\/media?parent=13542"}],"wp:term":[{"taxonomy":"product_brand","embeddable":true,"href":"https:\/\/editura-unibuc.ro\/en\/wp-json\/wp\/v2\/product_brand?post=13542"},{"taxonomy":"product_cat","embeddable":true,"href":"https:\/\/editura-unibuc.ro\/en\/wp-json\/wp\/v2\/product_cat?post=13542"},{"taxonomy":"product_tag","embeddable":true,"href":"https:\/\/editura-unibuc.ro\/en\/wp-json\/wp\/v2\/product_tag?post=13542"}],"curies":[{"name":"wp","href":"https:\/\/api.w.org\/{rel}","templated":true}]}}