{"id":13774,"date":"2015-04-02T13:48:49","date_gmt":"2015-04-02T10:48:49","guid":{"rendered":"https:\/\/editura-unibuc.ro\/?post_type=product&#038;p=13774"},"modified":"2024-03-11T14:07:54","modified_gmt":"2024-03-11T12:07:54","slug":"romano-arabica-xv-graffiti-writing-and-street-art-in-the-arab-world","status":"publish","type":"product","link":"https:\/\/editura-unibuc.ro\/en\/romano-arabica-xv-graffiti-writing-and-street-art-in-the-arab-world\/","title":{"rendered":"ROMANO-ARABICA XV. GRAFFITI, WRITING AND STREET ART IN THE ARAB WORLD"},"content":{"rendered":"<p>Lucrarea con\u0163ine numeroase articole referitoare la lumea \u015fi cultura arab\u0103 din diferite epoci istorice, dar \u015fi recenzii ale unor lucr\u0103ri din domeniul studiilor arabe<\/p>\n","protected":false},"excerpt":{"rendered":"<p>Lucrarea con\u0163ine numeroase articole referitoare la lumea \u015fi cultura arab\u0103 din diferite epoci istorice, dar \u015fi recenzii ale unor lucr\u0103ri din domeniul studiilor arabe<\/p>\n","protected":false},"featured_media":13775,"comment_status":"open","ping_status":"closed","template":"","meta":[],"product_brand":[],"product_cat":[3962,1464,980,1469,1893],"product_tag":[1474,1475,1473],"class_list":{"0":"post-13774","1":"product","2":"type-product","3":"status-publish","4":"has-post-thumbnail","6":"product_cat-romano-arabica","7":"product_cat-filologie","8":"product_cat-limbi-romanice-clasice-si-orientale","9":"product_cat-periodice","10":"product_cat-reviste-academice","11":"product_tag-manuscripts","12":"product_tag-migration","13":"product_tag-street-art","15":"first","16":"instock","17":"shipping-taxable","18":"purchasable","19":"product-type-simple"},"_links":{"self":[{"href":"https:\/\/editura-unibuc.ro\/en\/wp-json\/wp\/v2\/product\/13774","targetHints":{"allow":["GET"]}}],"collection":[{"href":"https:\/\/editura-unibuc.ro\/en\/wp-json\/wp\/v2\/product"}],"about":[{"href":"https:\/\/editura-unibuc.ro\/en\/wp-json\/wp\/v2\/types\/product"}],"replies":[{"embeddable":true,"href":"https:\/\/editura-unibuc.ro\/en\/wp-json\/wp\/v2\/comments?post=13774"}],"wp:featuredmedia":[{"embeddable":true,"href":"https:\/\/editura-unibuc.ro\/en\/wp-json\/wp\/v2\/media\/13775"}],"wp:attachment":[{"href":"https:\/\/editura-unibuc.ro\/en\/wp-json\/wp\/v2\/media?parent=13774"}],"wp:term":[{"taxonomy":"product_brand","embeddable":true,"href":"https:\/\/editura-unibuc.ro\/en\/wp-json\/wp\/v2\/product_brand?post=13774"},{"taxonomy":"product_cat","embeddable":true,"href":"https:\/\/editura-unibuc.ro\/en\/wp-json\/wp\/v2\/product_cat?post=13774"},{"taxonomy":"product_tag","embeddable":true,"href":"https:\/\/editura-unibuc.ro\/en\/wp-json\/wp\/v2\/product_tag?post=13774"}],"curies":[{"name":"wp","href":"https:\/\/api.w.org\/{rel}","templated":true}]}}