{"id":13777,"date":"2015-04-02T13:53:46","date_gmt":"2015-04-02T10:53:46","guid":{"rendered":"https:\/\/editura-unibuc.ro\/?post_type=product&#038;p=13777"},"modified":"2024-04-10T09:49:34","modified_gmt":"2024-04-10T06:49:34","slug":"a-practical-guide-to-the-common-law-legal-system-as-illustrated-by-the-united-kingdom-and-the-united-states-of-america","status":"publish","type":"product","link":"https:\/\/editura-unibuc.ro\/en\/a-practical-guide-to-the-common-law-legal-system-as-illustrated-by-the-united-kingdom-and-the-united-states-of-america\/","title":{"rendered":"A PRACTICAL GUIDE TO THE COMMON LAW LEGAL SYSTEM AS ILLUSTRATED BY THE UNITED KINGDOM AND THE UNITED STATES OF AMERICA"},"content":{"rendered":"<p>Lucrarea de fa\u0163\u0103 este o contribu\u0163ie original\u0103 \u00een domeniul traducerii \u015fi terminologiei, av\u00e2nd ca obiect terminologia juridic\u0103 \u015fi legal\u0103 \u00een limba englez\u0103 \u015fi rom\u00e2n\u0103, reprezent\u00e2nd, de asemenea, un ghid practic de \u00eensu\u015fire a acestei terminologii.<\/p>\n","protected":false},"excerpt":{"rendered":"<p>Lucrarea de fa\u0163\u0103 este o contribu\u0163ie original\u0103 \u00een domeniul traducerii \u015fi terminologiei, av\u00e2nd ca obiect terminologia juridic\u0103 \u015fi legal\u0103 \u00een limba englez\u0103 \u015fi rom\u00e2n\u0103, reprezent\u00e2nd, de asemenea, un ghid practic de \u00eensu\u015fire a acestei terminologii.<\/p>\n","protected":false},"featured_media":13778,"comment_status":"open","ping_status":"closed","template":"","meta":[],"product_brand":[],"product_cat":[1464,976,979],"product_tag":[1477,1476,1478],"class_list":{"0":"post-13777","1":"product","2":"type-product","3":"status-publish","4":"has-post-thumbnail","6":"product_cat-filologie","7":"product_cat-limba-engleza","8":"product_cat-limba-romana","9":"product_tag-law-of-property","10":"product_tag-legal-profession","11":"product_tag-systems-of-government","13":"first","14":"instock","15":"shipping-taxable","16":"purchasable","17":"product-type-simple"},"_links":{"self":[{"href":"https:\/\/editura-unibuc.ro\/en\/wp-json\/wp\/v2\/product\/13777","targetHints":{"allow":["GET"]}}],"collection":[{"href":"https:\/\/editura-unibuc.ro\/en\/wp-json\/wp\/v2\/product"}],"about":[{"href":"https:\/\/editura-unibuc.ro\/en\/wp-json\/wp\/v2\/types\/product"}],"replies":[{"embeddable":true,"href":"https:\/\/editura-unibuc.ro\/en\/wp-json\/wp\/v2\/comments?post=13777"}],"wp:featuredmedia":[{"embeddable":true,"href":"https:\/\/editura-unibuc.ro\/en\/wp-json\/wp\/v2\/media\/13778"}],"wp:attachment":[{"href":"https:\/\/editura-unibuc.ro\/en\/wp-json\/wp\/v2\/media?parent=13777"}],"wp:term":[{"taxonomy":"product_brand","embeddable":true,"href":"https:\/\/editura-unibuc.ro\/en\/wp-json\/wp\/v2\/product_brand?post=13777"},{"taxonomy":"product_cat","embeddable":true,"href":"https:\/\/editura-unibuc.ro\/en\/wp-json\/wp\/v2\/product_cat?post=13777"},{"taxonomy":"product_tag","embeddable":true,"href":"https:\/\/editura-unibuc.ro\/en\/wp-json\/wp\/v2\/product_tag?post=13777"}],"curies":[{"name":"wp","href":"https:\/\/api.w.org\/{rel}","templated":true}]}}