{"id":13779,"date":"2015-04-02T13:59:15","date_gmt":"2015-04-02T10:59:15","guid":{"rendered":"https:\/\/editura-unibuc.ro\/?post_type=product&#038;p=13779"},"modified":"2025-08-28T10:47:04","modified_gmt":"2025-08-28T07:47:04","slug":"curs-de-gimnastica-aerobica-pentru-studenti","status":"publish","type":"product","link":"https:\/\/editura-unibuc.ro\/en\/curs-de-gimnastica-aerobica-pentru-studenti\/","title":{"rendered":"AEROBIC GYMNASTICS COURSE FOR STUDENTS"},"content":{"rendered":"<p>Lucrarea de fa\u0163\u0103 constituie prin con\u0163inutul s\u0103u un material de studiu complex, bine structurat \u015fi usor de pus \u00een practic\u0103, util speciali\u015ftilor din domeniul fitness-ului, constituind \u00een acela\u015fi timp o surs\u0103 de inspira\u0163ie, un adev\u0103rat material bibliografic pentru to\u0163i speciali\u015ftii din domeniu.<\/p>\n","protected":false},"excerpt":{"rendered":"<p>Lucrarea de fa\u0163\u0103 constituie prin con\u0163inutul s\u0103u un material de studiu complex, bine structurat \u015fi usor de pus \u00een practic\u0103, util speciali\u015ftilor din domeniul fitness-ului, constituind \u00een acela\u015fi timp o surs\u0103 de inspira\u0163ie, un adev\u0103rat material bibliografic pentru to\u0163i speciali\u015ftii din domeniu.<\/p>\n","protected":false},"featured_media":13780,"comment_status":"open","ping_status":"closed","template":"","meta":[],"product_brand":[],"product_cat":[993,991],"product_tag":[1479,1306,1308],"class_list":{"0":"post-13779","1":"product","2":"type-product","3":"status-publish","4":"has-post-thumbnail","6":"product_cat-educatie-fizica-si-sport","7":"product_cat-stiinte-sociale","8":"product_tag-efort-fizic","9":"product_tag-fitness","10":"product_tag-gimnastica","12":"first","13":"instock","14":"shipping-taxable","15":"purchasable","16":"product-type-simple"},"_links":{"self":[{"href":"https:\/\/editura-unibuc.ro\/en\/wp-json\/wp\/v2\/product\/13779","targetHints":{"allow":["GET"]}}],"collection":[{"href":"https:\/\/editura-unibuc.ro\/en\/wp-json\/wp\/v2\/product"}],"about":[{"href":"https:\/\/editura-unibuc.ro\/en\/wp-json\/wp\/v2\/types\/product"}],"replies":[{"embeddable":true,"href":"https:\/\/editura-unibuc.ro\/en\/wp-json\/wp\/v2\/comments?post=13779"}],"wp:featuredmedia":[{"embeddable":true,"href":"https:\/\/editura-unibuc.ro\/en\/wp-json\/wp\/v2\/media\/13780"}],"wp:attachment":[{"href":"https:\/\/editura-unibuc.ro\/en\/wp-json\/wp\/v2\/media?parent=13779"}],"wp:term":[{"taxonomy":"product_brand","embeddable":true,"href":"https:\/\/editura-unibuc.ro\/en\/wp-json\/wp\/v2\/product_brand?post=13779"},{"taxonomy":"product_cat","embeddable":true,"href":"https:\/\/editura-unibuc.ro\/en\/wp-json\/wp\/v2\/product_cat?post=13779"},{"taxonomy":"product_tag","embeddable":true,"href":"https:\/\/editura-unibuc.ro\/en\/wp-json\/wp\/v2\/product_tag?post=13779"}],"curies":[{"name":"wp","href":"https:\/\/api.w.org\/{rel}","templated":true}]}}