{"id":13781,"date":"2015-04-02T14:04:41","date_gmt":"2015-04-02T11:04:41","guid":{"rendered":"https:\/\/editura-unibuc.ro\/?post_type=product&#038;p=13781"},"modified":"2023-10-24T09:07:47","modified_gmt":"2023-10-24T06:07:47","slug":"profilaxia-si-terapia-prin-miscare","status":"publish","type":"product","link":"https:\/\/editura-unibuc.ro\/en\/profilaxia-si-terapia-prin-miscare\/","title":{"rendered":"PROPHYLAXIS AND MOVEMENT THERAPY"},"content":{"rendered":"<p>\u201cAutoarele acestui volum fac o incursiune printr-o vast\u0103 problematic\u0103, prezent\u00e2nd principiile \u015fi criteriile ce trebuie s\u0103 ghideze conceperea \u015fi execu\u0163ia programelor pentru activitatea independent\u0103.\u201d Prof. Univ Dr. Georgeta Niculescu<\/p>\n","protected":false},"excerpt":{"rendered":"<p>\u201cAutoarele acestui volum fac o incursiune printr-o vast\u0103 problematic\u0103, prezent\u00e2nd principiile \u015fi criteriile ce trebuie s\u0103 ghideze conceperea \u015fi execu\u0163ia programelor pentru activitatea independent\u0103.\u201d Prof. Univ Dr. Georgeta Niculescu<\/p>\n","protected":false},"featured_media":13782,"comment_status":"open","ping_status":"closed","template":"","meta":[],"product_brand":[],"product_cat":[993,991],"product_tag":[1480,1481,1482],"class_list":{"0":"post-13781","1":"product","2":"type-product","3":"status-publish","4":"has-post-thumbnail","6":"product_cat-educatie-fizica-si-sport","7":"product_cat-stiinte-sociale","8":"product_tag-exercitiu-fizic","9":"product_tag-hidroterapie","10":"product_tag-masaj","12":"first","13":"outofstock","14":"shipping-taxable","15":"purchasable","16":"product-type-simple"},"_links":{"self":[{"href":"https:\/\/editura-unibuc.ro\/en\/wp-json\/wp\/v2\/product\/13781","targetHints":{"allow":["GET"]}}],"collection":[{"href":"https:\/\/editura-unibuc.ro\/en\/wp-json\/wp\/v2\/product"}],"about":[{"href":"https:\/\/editura-unibuc.ro\/en\/wp-json\/wp\/v2\/types\/product"}],"replies":[{"embeddable":true,"href":"https:\/\/editura-unibuc.ro\/en\/wp-json\/wp\/v2\/comments?post=13781"}],"wp:featuredmedia":[{"embeddable":true,"href":"https:\/\/editura-unibuc.ro\/en\/wp-json\/wp\/v2\/media\/13782"}],"wp:attachment":[{"href":"https:\/\/editura-unibuc.ro\/en\/wp-json\/wp\/v2\/media?parent=13781"}],"wp:term":[{"taxonomy":"product_brand","embeddable":true,"href":"https:\/\/editura-unibuc.ro\/en\/wp-json\/wp\/v2\/product_brand?post=13781"},{"taxonomy":"product_cat","embeddable":true,"href":"https:\/\/editura-unibuc.ro\/en\/wp-json\/wp\/v2\/product_cat?post=13781"},{"taxonomy":"product_tag","embeddable":true,"href":"https:\/\/editura-unibuc.ro\/en\/wp-json\/wp\/v2\/product_tag?post=13781"}],"curies":[{"name":"wp","href":"https:\/\/api.w.org\/{rel}","templated":true}]}}