{"id":13787,"date":"2015-04-02T15:51:34","date_gmt":"2015-04-02T12:51:34","guid":{"rendered":"https:\/\/editura-unibuc.ro\/?post_type=product&#038;p=13787"},"modified":"2019-10-31T13:57:56","modified_gmt":"2019-10-31T11:57:56","slug":"literatura-ceha-veche-suport-pentru-seminar","status":"publish","type":"product","link":"https:\/\/editura-unibuc.ro\/en\/literatura-ceha-veche-suport-pentru-seminar\/","title":{"rendered":"OLD CZECH LITERATURE. SEMINAR WORKBOOK"},"content":{"rendered":"<p>\u201cLucrarea se adreseaz\u0103 studen\u0163ilor de limba \u015fi literatura ceh\u0103, dar \u015fi celor care au citit opere din literatura ceh\u0103 sau doresc s\u0103 \u00ee\u015fi aprofundeze cunostin\u0163ele referitoare la aceast\u0103 perioad\u0103 a literaturii cehe.\u201d<\/p>\n","protected":false},"excerpt":{"rendered":"<p>\u201cLucrarea se adreseaz\u0103 studen\u0163ilor de limba \u015fi literatura ceh\u0103, dar \u015fi celor care au citit opere din literatura ceh\u0103 sau doresc s\u0103 \u00ee\u015fi aprofundeze cunostin\u0163ele referitoare la aceast\u0103 perioad\u0103 a literaturii cehe.\u201d<\/p>\n","protected":false},"featured_media":13788,"comment_status":"open","ping_status":"closed","template":"","meta":[],"product_brand":[],"product_cat":[1464,981],"product_tag":[1487,1488,1489],"class_list":{"0":"post-13787","1":"product","2":"type-product","3":"status-publish","4":"has-post-thumbnail","6":"product_cat-filologie","7":"product_cat-limbi-slave","8":"product_tag-exercitii-lexico-gramaticale","9":"product_tag-expresii","10":"product_tag-verbe","12":"first","13":"outofstock","14":"shipping-taxable","15":"purchasable","16":"product-type-simple"},"_links":{"self":[{"href":"https:\/\/editura-unibuc.ro\/en\/wp-json\/wp\/v2\/product\/13787","targetHints":{"allow":["GET"]}}],"collection":[{"href":"https:\/\/editura-unibuc.ro\/en\/wp-json\/wp\/v2\/product"}],"about":[{"href":"https:\/\/editura-unibuc.ro\/en\/wp-json\/wp\/v2\/types\/product"}],"replies":[{"embeddable":true,"href":"https:\/\/editura-unibuc.ro\/en\/wp-json\/wp\/v2\/comments?post=13787"}],"wp:featuredmedia":[{"embeddable":true,"href":"https:\/\/editura-unibuc.ro\/en\/wp-json\/wp\/v2\/media\/13788"}],"wp:attachment":[{"href":"https:\/\/editura-unibuc.ro\/en\/wp-json\/wp\/v2\/media?parent=13787"}],"wp:term":[{"taxonomy":"product_brand","embeddable":true,"href":"https:\/\/editura-unibuc.ro\/en\/wp-json\/wp\/v2\/product_brand?post=13787"},{"taxonomy":"product_cat","embeddable":true,"href":"https:\/\/editura-unibuc.ro\/en\/wp-json\/wp\/v2\/product_cat?post=13787"},{"taxonomy":"product_tag","embeddable":true,"href":"https:\/\/editura-unibuc.ro\/en\/wp-json\/wp\/v2\/product_tag?post=13787"}],"curies":[{"name":"wp","href":"https:\/\/api.w.org\/{rel}","templated":true}]}}