{"id":13789,"date":"2015-04-02T16:05:25","date_gmt":"2015-04-02T13:05:25","guid":{"rendered":"https:\/\/editura-unibuc.ro\/?post_type=product&#038;p=13789"},"modified":"2024-04-10T10:43:42","modified_gmt":"2024-04-10T07:43:42","slug":"pribegia-in-tarile-romane-in-secolele-xvi-xvii","status":"publish","type":"product","link":"https:\/\/editura-unibuc.ro\/en\/pribegia-in-tarile-romane-in-secolele-xvi-xvii\/","title":{"rendered":"EXILE IN THE HISTORICAL REGIONS OF ROMANIA IN THE SIXTEENTH AND SEVENTEENTH CENTURIES"},"content":{"rendered":"<p>\u201cVolumul Pribegia \u00een \u0162\u0103rile Rom\u00e2ne \u00een secolele XVI-XVII trateaz\u0103 o problem\u0103 de un real interes istoric, dar nu lipsit\u0103 \u015fi de paralele interesante cu lumea actual\u0103. Contrar percep\u0163iei noastre despre o anume imobilitate a lumii medievale \u015fi incipient moderne, \u00een realitate via\u0163a oamenilor de atunci a cunoscut multiple elemente de instabilitate, iar mobilitatea spa\u0163ial\u0103, voluntar\u0103 sau constr\u00e2ns\u0103, a fost mult mai mare dec\u00e2t ne imagin\u0103m, fiind totodat\u0103 cauz\u0103 \u015fi consecin\u0163\u0103 a densit\u0103\u0163ii relativ mici a popula\u0163iei din \u0162\u0103rile Rom\u00e2ne \u015fi din multe dintre teritoriile din preajma acestora.\u201d Prof. univ. dr. Bogdan Murgescu<\/p>\n","protected":false},"excerpt":{"rendered":"<p>\u201cVolumul Pribegia \u00een \u0162\u0103rile Rom\u00e2ne \u00een secolele XVI-XVII trateaz\u0103 o problem\u0103 de un real interes istoric, dar nu lipsit\u0103 \u015fi de paralele interesante cu lumea actual\u0103. Contrar percep\u0163iei noastre despre o anume imobilitate a lumii medievale \u015fi incipient moderne, \u00een realitate via\u0163a oamenilor de atunci a cunoscut multiple elemente de instabilitate, iar mobilitatea spa\u0163ial\u0103, voluntar\u0103 [&hellip;]<\/p>\n","protected":false},"featured_media":13790,"comment_status":"open","ping_status":"closed","template":"","meta":[],"product_brand":[],"product_cat":[991,995],"product_tag":[1491,1490,1492],"class_list":{"0":"post-13789","1":"product","2":"type-product","3":"status-publish","4":"has-post-thumbnail","6":"product_cat-stiinte-sociale","7":"product_cat-istorie-stiinte-politice","8":"product_tag-boieri","9":"product_tag-pribegie","10":"product_tag-tarile-romane","12":"first","13":"instock","14":"shipping-taxable","15":"purchasable","16":"product-type-simple"},"_links":{"self":[{"href":"https:\/\/editura-unibuc.ro\/en\/wp-json\/wp\/v2\/product\/13789","targetHints":{"allow":["GET"]}}],"collection":[{"href":"https:\/\/editura-unibuc.ro\/en\/wp-json\/wp\/v2\/product"}],"about":[{"href":"https:\/\/editura-unibuc.ro\/en\/wp-json\/wp\/v2\/types\/product"}],"replies":[{"embeddable":true,"href":"https:\/\/editura-unibuc.ro\/en\/wp-json\/wp\/v2\/comments?post=13789"}],"wp:featuredmedia":[{"embeddable":true,"href":"https:\/\/editura-unibuc.ro\/en\/wp-json\/wp\/v2\/media\/13790"}],"wp:attachment":[{"href":"https:\/\/editura-unibuc.ro\/en\/wp-json\/wp\/v2\/media?parent=13789"}],"wp:term":[{"taxonomy":"product_brand","embeddable":true,"href":"https:\/\/editura-unibuc.ro\/en\/wp-json\/wp\/v2\/product_brand?post=13789"},{"taxonomy":"product_cat","embeddable":true,"href":"https:\/\/editura-unibuc.ro\/en\/wp-json\/wp\/v2\/product_cat?post=13789"},{"taxonomy":"product_tag","embeddable":true,"href":"https:\/\/editura-unibuc.ro\/en\/wp-json\/wp\/v2\/product_tag?post=13789"}],"curies":[{"name":"wp","href":"https:\/\/api.w.org\/{rel}","templated":true}]}}