{"id":13791,"date":"2015-04-02T16:21:13","date_gmt":"2015-04-02T13:21:13","guid":{"rendered":"https:\/\/editura-unibuc.ro\/?post_type=product&#038;p=13791"},"modified":"2025-08-07T10:39:08","modified_gmt":"2025-08-07T07:39:08","slug":"relatii-romano-cehe-bibliografie-generala-partea-i-fascicula-i-monografii-si-contributii-la-volume-monografice-partea-i-partea-ii","status":"publish","type":"product","link":"https:\/\/editura-unibuc.ro\/en\/relatii-romano-cehe-bibliografie-generala-partea-i-fascicula-i-monografii-si-contributii-la-volume-monografice-partea-i-partea-ii\/","title":{"rendered":"ROMANIAN \u2013 CZECH RELATIONS: GENERAL BIBLIOGRAPHY. PART I. FASCICLE I: MONOGRAPHS AND CONTRIBUTIONS TO MONOGRAPHIC VOLUMES. PART I, PART II."},"content":{"rendered":"<p>\u201cPartea I, Rela\u0163iile rom\u00e2no-cehe. O perspectiv\u0103 diplomatic\u0103 actual\u0103, este dedicat\u0103 palierului diplomatic. A doua parte, Rela\u0163iile rom\u00e2no-cehe. Perspectiv\u0103 cultural-istoric\u0103, cuprinde studii ale unor renumi\u0163i speciali\u015fti rom\u00e2ni \u015fi cehi \u00een domenii precum limb\u0103, literatur\u0103 \u015fi istorie.\u201d<\/p>\n","protected":false},"excerpt":{"rendered":"<p>\u201cPartea I, Rela\u0163iile rom\u00e2no-cehe. O perspectiv\u0103 diplomatic\u0103 actual\u0103, este dedicat\u0103 palierului diplomatic. A doua parte, Rela\u0163iile rom\u00e2no-cehe. Perspectiv\u0103 cultural-istoric\u0103, cuprinde studii ale unor renumi\u0163i speciali\u015fti rom\u00e2ni \u015fi cehi \u00een domenii precum limb\u0103, literatur\u0103 \u015fi istorie.\u201d<\/p>\n","protected":false},"featured_media":13792,"comment_status":"open","ping_status":"closed","template":"","meta":[],"product_brand":[],"product_cat":[1464,981,991,995],"product_tag":[1494,1019,1493],"class_list":{"0":"post-13791","1":"product","2":"type-product","3":"status-publish","4":"has-post-thumbnail","6":"product_cat-filologie","7":"product_cat-limbi-slave","8":"product_cat-stiinte-sociale","9":"product_cat-istorie-stiinte-politice","10":"product_tag-autori-cehi","11":"product_tag-limba-ceha","12":"product_tag-relatii-romano-cehe","14":"first","15":"outofstock","16":"shipping-taxable","17":"purchasable","18":"product-type-simple"},"_links":{"self":[{"href":"https:\/\/editura-unibuc.ro\/en\/wp-json\/wp\/v2\/product\/13791","targetHints":{"allow":["GET"]}}],"collection":[{"href":"https:\/\/editura-unibuc.ro\/en\/wp-json\/wp\/v2\/product"}],"about":[{"href":"https:\/\/editura-unibuc.ro\/en\/wp-json\/wp\/v2\/types\/product"}],"replies":[{"embeddable":true,"href":"https:\/\/editura-unibuc.ro\/en\/wp-json\/wp\/v2\/comments?post=13791"}],"wp:featuredmedia":[{"embeddable":true,"href":"https:\/\/editura-unibuc.ro\/en\/wp-json\/wp\/v2\/media\/13792"}],"wp:attachment":[{"href":"https:\/\/editura-unibuc.ro\/en\/wp-json\/wp\/v2\/media?parent=13791"}],"wp:term":[{"taxonomy":"product_brand","embeddable":true,"href":"https:\/\/editura-unibuc.ro\/en\/wp-json\/wp\/v2\/product_brand?post=13791"},{"taxonomy":"product_cat","embeddable":true,"href":"https:\/\/editura-unibuc.ro\/en\/wp-json\/wp\/v2\/product_cat?post=13791"},{"taxonomy":"product_tag","embeddable":true,"href":"https:\/\/editura-unibuc.ro\/en\/wp-json\/wp\/v2\/product_tag?post=13791"}],"curies":[{"name":"wp","href":"https:\/\/api.w.org\/{rel}","templated":true}]}}