{"id":13793,"date":"2015-04-02T16:27:03","date_gmt":"2015-04-02T13:27:03","guid":{"rendered":"https:\/\/editura-unibuc.ro\/?post_type=product&#038;p=13793"},"modified":"2025-08-07T10:39:13","modified_gmt":"2025-08-07T07:39:13","slug":"relatii-romano-cehe-bibliografie-generala-partea-i-fascicula-ii-monografii-si-contributii-la-volume-monografice-partea-iii","status":"publish","type":"product","link":"https:\/\/editura-unibuc.ro\/en\/relatii-romano-cehe-bibliografie-generala-partea-i-fascicula-ii-monografii-si-contributii-la-volume-monografice-partea-iii\/","title":{"rendered":"ROMANIAN \u2013 CZECH RELATIONS: GENERAL BIBLIOGRAPHY. PART I. FASCICLE II: MONOGRAPHS AND CONTRIBUTIONS TO MONOGRAPHIC VOLUMES. PART III"},"content":{"rendered":"<p>Partea a III-a, Rela\u0163ii rom\u00e2no-cehe, Bibliografie general\u0103. Monografii \u015fi contribu\u0163ii la volume monografice, este organizat\u0103 \u00een dou\u0103 p\u0103r\u0163i. Prima parte este dedicat\u0103 geografiei, istoriei, \u015fi cunoa\u015fterii lingvistice reciproce. A doua parte con\u0163ine date despre rela\u0163iile rom\u00e2no-cehe \u00een cultur\u0103, art\u0103 \u015ftiin\u0163\u0103 \u015fi tehnic\u0103.<\/p>\n","protected":false},"excerpt":{"rendered":"<p>Partea a III-a, Rela\u0163ii rom\u00e2no-cehe, Bibliografie general\u0103. Monografii \u015fi contribu\u0163ii la volume monografice, este organizat\u0103 \u00een dou\u0103 p\u0103r\u0163i. Prima parte este dedicat\u0103 geografiei, istoriei, \u015fi cunoa\u015fterii lingvistice reciproce. A doua parte con\u0163ine date despre rela\u0163iile rom\u00e2no-cehe \u00een cultur\u0103, art\u0103 \u015ftiin\u0163\u0103 \u015fi tehnic\u0103.<\/p>\n","protected":false},"featured_media":13792,"comment_status":"open","ping_status":"closed","template":"","meta":[],"product_brand":[],"product_cat":[1464,981,991,995],"product_tag":[1279,1496,1495],"class_list":{"0":"post-13793","1":"product","2":"type-product","3":"status-publish","4":"has-post-thumbnail","6":"product_cat-filologie","7":"product_cat-limbi-slave","8":"product_cat-stiinte-sociale","9":"product_cat-istorie-stiinte-politice","10":"product_tag-bibliografie","11":"product_tag-carti-rare","12":"product_tag-cehi","14":"first","15":"outofstock","16":"shipping-taxable","17":"purchasable","18":"product-type-simple"},"_links":{"self":[{"href":"https:\/\/editura-unibuc.ro\/en\/wp-json\/wp\/v2\/product\/13793","targetHints":{"allow":["GET"]}}],"collection":[{"href":"https:\/\/editura-unibuc.ro\/en\/wp-json\/wp\/v2\/product"}],"about":[{"href":"https:\/\/editura-unibuc.ro\/en\/wp-json\/wp\/v2\/types\/product"}],"replies":[{"embeddable":true,"href":"https:\/\/editura-unibuc.ro\/en\/wp-json\/wp\/v2\/comments?post=13793"}],"wp:featuredmedia":[{"embeddable":true,"href":"https:\/\/editura-unibuc.ro\/en\/wp-json\/wp\/v2\/media\/13792"}],"wp:attachment":[{"href":"https:\/\/editura-unibuc.ro\/en\/wp-json\/wp\/v2\/media?parent=13793"}],"wp:term":[{"taxonomy":"product_brand","embeddable":true,"href":"https:\/\/editura-unibuc.ro\/en\/wp-json\/wp\/v2\/product_brand?post=13793"},{"taxonomy":"product_cat","embeddable":true,"href":"https:\/\/editura-unibuc.ro\/en\/wp-json\/wp\/v2\/product_cat?post=13793"},{"taxonomy":"product_tag","embeddable":true,"href":"https:\/\/editura-unibuc.ro\/en\/wp-json\/wp\/v2\/product_tag?post=13793"}],"curies":[{"name":"wp","href":"https:\/\/api.w.org\/{rel}","templated":true}]}}